{"id":70470,"date":"2015-10-06T12:21:51","date_gmt":"2015-10-06T12:21:51","guid":{"rendered":"http:\/\/broker.commercegurus.com\/?page_id=5"},"modified":"2020-06-09T11:04:34","modified_gmt":"2020-06-09T11:04:34","slug":"home","status":"publish","type":"page","link":"https:\/\/spkyangin.com\/","title":{"rendered":"ANA SAYFA"},"content":{"rendered":"<p>[vc_row type=&#8221;container&#8221;][vc_column][vc_column_text]<\/p>\n<h3>\n\t\t\t<!-- START Home Biker REVOLUTION SLIDER 6.1.5 --><p class=\"rs-p-wp-fix\"><\/p>\n\t\t\t<rs-module-wrap id=\"rev_slider_2_1_wrapper\" data-source=\"gallery\" style=\"background:transparent;padding:0;margin:0px auto;margin-top:0;margin-bottom:0;max-width:\">\n\t\t\t\t<rs-module id=\"rev_slider_2_1\" style=\"display:none;\" data-version=\"6.1.5\">\n\t\t\t\t\t<rs-slides>\n\t\t\t\t\t\t<rs-slide data-key=\"rs-2\" data-title=\"Quisque lorem\" data-anim=\"ei:d;eo:d;s:600;r:0;t:fade;sl:d;\">\n\t\t\t\t\t\t\t<img loading=\"lazy\" decoding=\"async\" src=\"\/\/spkyangin.com\/wp-content\/uploads\/layerslider\/Full-width-demo-slider\/suluslayt.jpg\" title=\"suluslayt\" width=\"1080\" height=\"468\" data-panzoom=\"d:10000;ss:100;se:110;\" class=\"rev-slidebg\" data-no-retina>\n<!--\n\t\t\t\t\t\t\t--><rs-layer\n\t\t\t\t\t\t\t\tid=\"slider-2-slide-2-layer-2\" \n\t\t\t\t\t\t\t\tclass=\"mfnrs_biker_large_light\"\n\t\t\t\t\t\t\t\tdata-type=\"text\"\n\t\t\t\t\t\t\t\tdata-color=\"rgba(255,255,255,1)\"\n\t\t\t\t\t\t\t\tdata-rsp_ch=\"on\"\n\t\t\t\t\t\t\t\tdata-xy=\"x:40px;y:c;yo:-70px;\"\n\t\t\t\t\t\t\t\tdata-text=\"s:80;l:70;fw:700;\"\n\t\t\t\t\t\t\t\tdata-frame_0=\"o:1;tp:600;\"\n\t\t\t\t\t\t\t\tdata-frame_0_chars=\"sX:0.8;sY:0.8;o:0;\"\n\t\t\t\t\t\t\t\tdata-frame_1=\"tp:600;e:Power4.easeOut;st:500;sp:1500;\"\n\t\t\t\t\t\t\t\tdata-frame_999=\"o:0;tp:600;e:nothing;st:w;\"\n\t\t\t\t\t\t\t\tstyle=\"z-index:5;font-family:Roboto;font-style:italic;\"\n\t\t\t\t\t\t\t>YANGIN S\u00d6ND\u00dcRME<br \/>\nS\u0130STEMLER\u0130 \n\t\t\t\t\t\t\t<\/rs-layer><!--\n\n\t\t\t\t\t\t\t--><rs-layer\n\t\t\t\t\t\t\t\tid=\"slider-2-slide-2-layer-3\" \n\t\t\t\t\t\t\t\tdata-type=\"image\"\n\t\t\t\t\t\t\t\tdata-rsp_ch=\"on\"\n\t\t\t\t\t\t\t\tdata-xy=\"x:40px;y:c;yo:40px;\"\n\t\t\t\t\t\t\t\tdata-text=\"l:22;\"\n\t\t\t\t\t\t\t\tdata-dim=\"w:232px;h:10px;\"\n\t\t\t\t\t\t\t\tdata-frame_0=\"x:-100%;o:1;tp:600;\"\n\t\t\t\t\t\t\t\tdata-frame_0_mask=\"u:t;\"\n\t\t\t\t\t\t\t\tdata-frame_1=\"tp:600;e:Power4.easeOut;st:1500;sp:700;\"\n\t\t\t\t\t\t\t\tdata-frame_1_mask=\"u:t;\"\n\t\t\t\t\t\t\t\tdata-frame_999=\"o:0;tp:600;e:nothing;st:w;\"\n\t\t\t\t\t\t\t\tstyle=\"z-index:6;\"\n\t\t\t\t\t\t\t><img loading=\"lazy\" decoding=\"async\" src=\"\/\/spkyangin.com\/wp-content\/uploads\/revslider\/home_biker_slider_pic2.png\" width=\"232\" height=\"10\" data-no-retina> \n\t\t\t\t\t\t\t<\/rs-layer><!--\n-->\t\t\t\t\t\t<\/rs-slide>\n\t\t\t\t\t<\/rs-slides>\n\t\t\t\t\t<rs-static-layers><!--\n\n\t\t\t\t\t\t\t--><rs-layer\n\t\t\t\t\t\t\t\tid=\"slider-2-slide-2-layer-1\" \n\t\t\t\t\t\t\t\tclass=\"rs-layer-static\"\n\t\t\t\t\t\t\t\tdata-type=\"image\"\n\t\t\t\t\t\t\t\tdata-rsp_ch=\"on\"\n\t\t\t\t\t\t\t\tdata-xy=\"x:c;y:b;yo:-10px;\"\n\t\t\t\t\t\t\t\tdata-text=\"l:22;\"\n\t\t\t\t\t\t\t\tdata-dim=\"w:1920px;h:131px;\"\n\t\t\t\t\t\t\t\tdata-onslides=\"s:1;\"\n\t\t\t\t\t\t\t\tdata-frame_0=\"tp:600;\"\n\t\t\t\t\t\t\t\tdata-frame_1=\"tp:600;e:Power2.easeInOut;st:0;\"\n\t\t\t\t\t\t\t\tdata-frame_999=\"o:0;tp:600;e:nothing;st:w;\"\n\t\t\t\t\t\t\t\tstyle=\"z-index:5;\"\n\t\t\t\t\t\t\t><img loading=\"lazy\" decoding=\"async\" src=\"\/\/spkyangin.com\/wp-content\/uploads\/revslider\/alias\/home_biker_slider_pic1.png\" width=\"1920\" height=\"131\" data-no-retina> \n\t\t\t\t\t\t\t<\/rs-layer><!--\n\t\t\t\t\t--><\/rs-static-layers>\n\t\t\t\t\t<rs-progress class=\"rs-bottom\" style=\"visibility: hidden !important;\"><\/rs-progress>\n\t\t\t\t<\/rs-module>\n\t\t\t\t<script type=\"text\/javascript\">\n\t\t\t\t\tsetREVStartSize({c: 'rev_slider_2_1',rl:[1240,1024,778,480],el:[870],gw:[1080],gh:[870],layout:'fullwidth',mh:\"0\"});\n\t\t\t\t\tvar\trevapi2,\n\t\t\t\t\t\ttpj;\n\t\t\t\t\tjQuery(function() {\n\t\t\t\t\t\ttpj = jQuery;\n\t\t\t\t\t\tif(tpj(\"#rev_slider_2_1\").revolution == undefined){\n\t\t\t\t\t\t\trevslider_showDoubleJqueryError(\"#rev_slider_2_1\");\n\t\t\t\t\t\t}else{\n\t\t\t\t\t\t\trevapi2 = tpj(\"#rev_slider_2_1\").show().revolution({\n\t\t\t\t\t\t\t\tjsFileLocation:\"\/\/spkyangin.com\/wp-content\/plugins\/revslider\/public\/assets\/js\/\",\n\t\t\t\t\t\t\t\tduration:5000,\n\t\t\t\t\t\t\t\tvisibilityLevels:\"1240,1024,778,480\",\n\t\t\t\t\t\t\t\tgridwidth:1080,\n\t\t\t\t\t\t\t\tgridheight:870,\n\t\t\t\t\t\t\t\tminHeight:\"\",\n\t\t\t\t\t\t\t\tspinner:\"spinner2\",\n\t\t\t\t\t\t\t\teditorheight:\"870,768,960,720\",\n\t\t\t\t\t\t\t\tresponsiveLevels:\"1240,1024,778,480\",\n\t\t\t\t\t\t\t\tdisableProgressBar:\"on\",\n\t\t\t\t\t\t\t\tnavigation: {\n\t\t\t\t\t\t\t\t\tonHoverStop:false\n\t\t\t\t\t\t\t\t},\n\t\t\t\t\t\t\t\tfallbacks: {\n\t\t\t\t\t\t\t\t\tallowHTML5AutoPlayOnAndroid:true\n\t\t\t\t\t\t\t\t},\n\t\t\t\t\t\t\t});\n\t\t\t\t\t\t}\n\t\t\t\t\t\t\n\t\t\t\t\t});\n\t\t\t\t<\/script>\n\t\t\t\t<script>\n\t\t\t\t\tvar htmlDivCss = ' #rev_slider_2_1_wrapper rs-loader.spinner2{ background-color: #FFFFFF !important; } '\n\t\t\t\t\tvar htmlDiv = document.getElementById('rs-plugin-settings-inline-css');\n\t\t\t\t\tif(htmlDiv) {\n\t\t\t\t\t\thtmlDiv.innerHTML = htmlDiv.innerHTML + htmlDivCss;\n\t\t\t\t\t}else{\n\t\t\t\t\t\tvar htmlDiv = document.createElement('div');\n\t\t\t\t\t\thtmlDiv.innerHTML = '<style>' + htmlDivCss + '<\/style>';\n\t\t\t\t\t\tdocument.getElementsByTagName('head')[0].appendChild(htmlDiv.childNodes[0]);\n\t\t\t\t\t}\n\t\t\t\t<\/script>\n\t\t\t<\/rs-module-wrap>\n\t\t\t<!-- END REVOLUTION SLIDER -->\n<\/h3>\n<h3><\/h3>\n<h4 style=\"text-align: center;\"><span class=\"quote\">\u201c<em>Yang\u0131n s\u00f6nd\u00fcrme sistemlerinin g\u00fcvenilir markas\u0131 SPK END\u00dcSTR\u0130YEL<\/em> <em>Evinizde, i\u015f yerinizde herhangi bir sebeple \u00e7\u0131kabilecek yang\u0131nlara kar\u015f\u0131 \u00f6nce size en uygun sistemi\u00a0tespit ediyor, daha sonra tecr\u00fcbeli ve uzman kadrosu ile en iyi hizmeti sunuyor<\/em>.\u00a0<a href=\"http:\/\/www.spkyangin.com\/?page_id=67\">Bize ula\u015f\u0131n<\/a>.<\/span><span class=\"quote\">\u201d<\/span><\/h4>\n<p>[\/vc_column_text][\/vc_column][\/vc_row][vc_row type=&#8221;container&#8221; padding_top=&#8221;&#8221; padding_bottom=&#8221;&#8221; css=&#8221;.vc_custom_1451746433787{margin-bottom: 15px !important;}&#8221;][vc_column width=&#8221;1\/2&#8243;][vc_single_image image=&#8221;71627&#8243; img_size=&#8221;large&#8221; onclick=&#8221;custom_link&#8221; link=&#8221;http:\/\/www.spkyangin.com\/?page_id=71&#8243; el_class=&#8221;zoom&#8221; css=&#8221;.vc_custom_1591700598681{margin-bottom: -10px !important;}&#8221;][vc_column_text]<\/p>\n<h2>Malzeme Tedarikli ve Montaj S\u00fcperviz\u00f6rl\u00fc\u011f\u00fc<\/h2>\n<p>[\/vc_column_text][\/vc_column][vc_column width=&#8221;1\/2&#8243;][vc_single_image image=&#8221;71628&#8243; img_size=&#8221;large&#8221; onclick=&#8221;custom_link&#8221; link=&#8221;http:\/\/www.spkyangin.com\/?page_id=71&#8243; el_class=&#8221;zoom&#8221; css=&#8221;.vc_custom_1591700607524{margin-bottom: -10px !important;}&#8221;][vc_column_text]<\/p>\n<h2>Projelendirme ve Dan\u0131\u015fmanl\u0131k<\/h2>\n<p>[\/vc_column_text][\/vc_column][\/vc_row][vc_row type=&#8221;container&#8221; padding_top=&#8221;&#8221; padding_bottom=&#8221;&#8221; css=&#8221;.vc_custom_1451746999255{margin-bottom: 35px !important;}&#8221;][vc_column width=&#8221;1\/2&#8243;][vc_single_image image=&#8221;71629&#8243; img_size=&#8221;large&#8221; onclick=&#8221;custom_link&#8221; link=&#8221;http:\/\/www.spkyangin.com\/?page_id=71&#8243; el_class=&#8221;zoom&#8221; css=&#8221;.vc_custom_1591700616990{margin-bottom: -10px !important;}&#8221;][vc_column_text]<\/p>\n<h2>Taahh\u00fct Hizmetler ve Devreye Alma<\/h2>\n<p>[\/vc_column_text][\/vc_column][vc_column width=&#8221;1\/2&#8243;][vc_single_image image=&#8221;71630&#8243; img_size=&#8221;large&#8221; onclick=&#8221;custom_link&#8221; link=&#8221;http:\/\/www.spkyangin.com\/?page_id=71&#8243; el_class=&#8221;zoom&#8221; css=&#8221;.vc_custom_1591700726505{margin-bottom: -10px !important;}&#8221;][vc_column_text]<\/p>\n<h2>Sat\u0131\u015f Sonras\u0131 Servis ve Periyodik Bak\u0131m<\/h2>\n<p>[\/vc_column_text][\/vc_column][\/vc_row][vc_row type=&#8221;container&#8221; padding_top=&#8221;&#8221; padding_bottom=&#8221;&#8221; css=&#8221;.vc_custom_1444833000148{margin-bottom: 15px !important;}&#8221;][vc_column][vc_separator color=&#8221;#eeeeee&#8221; type=&#8221;normal&#8221; thickness=&#8221;1&#8243; up=&#8221;&#8221; down=&#8221;&#8221;][\/vc_column][\/vc_row][vc_row type=&#8221;container&#8221; padding_top=&#8221;&#8221; padding_bottom=&#8221;&#8221; css=&#8221;.vc_custom_1451746323872{margin-bottom: 35px !important;padding-top: 30px !important;}&#8221;][vc_column width=&#8221;1\/3&#8243; css=&#8221;.vc_custom_1451773427166{margin-bottom: 0px !important;}&#8221;][vc_column_text css=&#8221;.vc_custom_1494217839639{margin-bottom: 0px !important;}&#8221;]<a href=\"http:\/\/www.spkyangin.com\/wp-content\/uploads\/2017\/04\/199035351cf6a4d74d423700cd2595f4-2-e1493478637319.jpg\"><img decoding=\"async\" class=\"alignnone size-medium wp-image-71268\" src=\"http:\/\/www.spkyangin.com\/wp-content\/uploads\/2017\/04\/199035351cf6a4d74d423700cd2595f4-2-300x133.jpg\" alt=\"\" \/><\/a>[\/vc_column_text][\/vc_column][vc_column width=&#8221;2\/3&#8243;][vc_column_text]<\/p>\n<h5>\u00d6nce sizi dinliyor, iste\u011finiz do\u011frultusunda ihtiyac\u0131n\u0131z olan do\u011fru yang\u0131n s\u00f6nd\u00fcrme sistemini\u00a0uygun maliyetle sunuyoruz. Zaman\u0131n\u0131z\u0131n de\u011ferli oldu\u011funun fark\u0131nday\u0131z talep edilen \u00fcr\u00fcn ve malzeme tedari\u011fini uzman kadromuzla planlayarak s\u00f6z verdi\u011fimiz zamanda teslimatlar\u0131m\u0131z\u0131 ger\u00e7ekle\u015ftirerek zaman kay\u0131plar\u0131n\u0131 \u00f6nl\u00fcyoruz. \u0130\u015fleri b\u00fcy\u00fck \/ k\u00fc\u00e7\u00fck diye ay\u0131rt etmeden g\u00fcler y\u00fczle yap\u0131yoruz. Yapt\u0131\u011f\u0131m\u0131z i\u015flerin arkas\u0131nda duruyor, teslimat sonras\u0131 sorular\u0131n\u0131z\u0131 yan\u0131tl\u0131yor, gerekti\u011finde m\u00fcdahale ederek ma\u011fdur olman\u0131z\u0131 \u00f6nl\u00fcyor, mutlu m\u00fc\u015fteriler yaratmak i\u00e7in \u00e7al\u0131\u015f\u0131yoruz. Biliyoruz ki ba\u015far\u0131 yap\u0131lan i\u015f say\u0131s\u0131nda de\u011fil hakk\u0131yla yap\u0131lan i\u015f sonucu memnun m\u00fc\u015fterilerimizin bizi tavsiye etmesidir.<\/h5>\n<p>[\/vc_column_text][\/vc_column][\/vc_row][vc_row type=&#8221;container&#8221; padding_top=&#8221;&#8221; padding_bottom=&#8221;&#8221; css=&#8221;.vc_custom_1449270557833{margin-bottom: 75px !important;}&#8221;][vc_column]        \n\t<script type=\"text\/javascript\">\n\n\tjQuery(document).ready(function($) {\n\n\t\t$(\"#owlslider_2122061425\").owlCarousel({\n\t\t\tautoPlay: 4000, \n\t\t\titems : 5,\n\t\t\tpagination : false,\n\t\t\tstopOnHover : true,\n\t\t\titemsDesktop : [1199,4],\n\t\t\titemsDesktopSmall : [979,3]\n\t\t}); \n\t});\n\n\t<\/script>\n\n<div class=\"cg-logos\">\n\t<div class=\"row\">\n\t\t<div id=\"owlslider_2122061425\" class=\"owl-carousel\">\n\t\t\t\t\t\t\t\n\t\t\t\t\n\t\t\t\t<div class=\"item\">\n\t\t\t\t\t<a href=\"#\">\n\t\t\t\t\t\t<img decoding=\"async\" alt=\"logo\" src=\"http:\/\/www.spkyangin.com\/wp-content\/uploads\/2017\/04\/199035351cf6a4d74d423700cd2595f4-2-e1493478637319.jpg\">\n\t\t\t\t\t<\/a>\n\t\t\t\t<\/div>\n\n\t\t\t\n\t\t\t\t\n\t\t\t\t<div class=\"item\">\n\t\t\t\t\t<a href=\"#\">\n\t\t\t\t\t\t<img decoding=\"async\" alt=\"logo\" src=\"http:\/\/www.spkyangin.com\/wp-content\/uploads\/2015\/10\/DOORAS_LOGO.jpg\">\n\t\t\t\t\t<\/a>\n\t\t\t\t<\/div>\n\n\t\t\t\n\t\t\t\t\n\t\t\t\t<div class=\"item\">\n\t\t\t\t\t<a href=\"#\">\n\t\t\t\t\t\t<img decoding=\"async\" alt=\"logo\" src=\"http:\/\/www.spkyangin.com\/wp-content\/uploads\/2015\/10\/444f5a_262396b406964e158372b6033a59cdab-mv2.jpg\">\n\t\t\t\t\t<\/a>\n\t\t\t\t<\/div>\n\n\t\t\t\n\t\t\t\t\n\t\t\t\t<div class=\"item\">\n\t\t\t\t\t<a href=\"#\">\n\t\t\t\t\t\t<img decoding=\"async\" alt=\"logo\" src=\"http:\/\/www.spkyangin.com\/wp-content\/uploads\/2015\/10\/6743316_orig.jpg\">\n\t\t\t\t\t<\/a>\n\t\t\t\t<\/div>\n\n\t\t\t\n\t\t\t\t\n\t\t\t\t<div class=\"item\">\n\t\t\t\t\t<a href=\"#\">\n\t\t\t\t\t\t<img decoding=\"async\" alt=\"logo\" src=\"http:\/\/www.spkyangin.com\/wp-content\/uploads\/2015\/10\/tyco.jpg\">\n\t\t\t\t\t<\/a>\n\t\t\t\t<\/div>\n\n\t\t\t\n\t\t\t\t\n\t\t\t\t<div class=\"item\">\n\t\t\t\t\t<a href=\"#\">\n\t\t\t\t\t\t<img decoding=\"async\" alt=\"logo\" src=\"http:\/\/www.spkyangin.com\/wp-content\/uploads\/2015\/10\/logosLg-firetrace.png\">\n\t\t\t\t\t<\/a>\n\t\t\t\t<\/div>\n\n\t\t\t\n\t\t\t\t\n\t\t\t\t<div class=\"item\">\n\t\t\t\t\t<a href=\"#\">\n\t\t\t\t\t\t<img decoding=\"async\" alt=\"logo\" src=\"http:\/\/www.spkyangin.com\/wp-content\/uploads\/2015\/10\/siemens.jpg\">\n\t\t\t\t\t<\/a>\n\t\t\t\t<\/div>\n\n\t\t\t\t\t\t\n\t\t\t\n\t\t<\/div>\n\t<\/div>\n<\/div>\n\n[\/vc_column][\/vc_row][vc_row type=&#8221;full_page_width_inner_container&#8221; padding_top=&#8221;&#8221; padding_bottom=&#8221;&#8221; css=&#8221;.vc_custom_1451746382893{margin-bottom: 0px !important;padding-top: 15px !important;padding-bottom: 55px !important;background: #1a1a1a url(http:\/\/factory.commercegurus.com\/wp-content\/uploads\/2015\/10\/glass_bg.jpg?id=70876) !important;background-position: center !important;background-repeat: no-repeat !important;background-size: cover !important;}&#8221;][vc_column][vc_column_text css=&#8221;.vc_custom_1494329056363{margin-bottom: 25px !important;}&#8221;]<\/p>\n<h2 style=\"text-align: center;\"><span style=\"color: #ffffff;\">Yang\u0131n S\u00f6nd\u00fcrme Sistemlerimiz<\/span><\/h2>\n<p>[\/vc_column_text][vc_separator color=&#8221;#3c3c3c&#8221; type=&#8221;normal&#8221; thickness=&#8221;1&#8243; up=&#8221;&#8221; down=&#8221;&#8221;][vc_row_inner css=&#8221;.vc_custom_1451746355599{margin-bottom: -20px !important;padding-top: 40px !important;}&#8221;][vc_column_inner width=&#8221;1\/4&#8243; css=&#8221;.vc_custom_1449529391432{margin-bottom: 35px !important;}&#8221;][vc_single_image image=&#8221;71631&#8243; img_size=&#8221;medium&#8221; alignment=&#8221;center&#8221; css_animation=&#8221;top-to-bottom&#8221; css=&#8221;.vc_custom_1591700717545{margin-bottom: 0px !important;}&#8221;][vc_column_text css_animation=&#8221;bottom-to-top&#8221;]<\/p>\n<h5><a href=\"http:\/\/www.spkyangin.com\/?page_id=147\" target=\"_blank\" rel=\"noopener noreferrer\"><span style=\"color: #ffffff;\">SULU S\u00d6ND\u00dcRME S\u0130STEMLER\u0130<\/span><\/a><\/h5>\n<p>[\/vc_column_text][\/vc_column_inner][vc_column_inner width=&#8221;1\/4&#8243; css=&#8221;.vc_custom_1449529401726{margin-bottom: 35px !important;}&#8221;][vc_single_image image=&#8221;71632&#8243; img_size=&#8221;medium&#8221; alignment=&#8221;center&#8221; css_animation=&#8221;top-to-bottom&#8221; css=&#8221;.vc_custom_1591700639297{margin-bottom: 0px !important;}&#8221;][vc_column_text css_animation=&#8221;bottom-to-top&#8221;]<\/p>\n<h5><a href=\"http:\/\/www.spkyangin.com\/?page_id=122\" target=\"_blank\" rel=\"noopener noreferrer\"><span style=\"color: #ffffff;\">GAZLI S\u00d6ND\u00dcRME S\u0130STEMLER\u0130<\/span><\/a><\/h5>\n<p>[\/vc_column_text][\/vc_column_inner][vc_column_inner width=&#8221;1\/4&#8243; css=&#8221;.vc_custom_1449529409953{margin-bottom: 35px !important;}&#8221;][vc_single_image image=&#8221;71633&#8243; img_size=&#8221;medium&#8221; alignment=&#8221;center&#8221; css_animation=&#8221;top-to-bottom&#8221; css=&#8221;.vc_custom_1591700647380{margin-bottom: 0px !important;}&#8221;][vc_column_text css_animation=&#8221;bottom-to-top&#8221;]<\/p>\n<h5><a href=\"http:\/\/www.spkyangin.com\/?page_id=141\" target=\"_blank\" rel=\"noopener noreferrer\"><span style=\"color: #ffffff;\">K\u00d6P\u00dcKL\u00dc S\u00d6ND\u00dcRME S\u0130STEMLER\u0130<\/span><\/a><\/h5>\n<p>[\/vc_column_text][\/vc_column_inner][vc_column_inner width=&#8221;1\/4&#8243; css=&#8221;.vc_custom_1449529426162{margin-bottom: 35px !important;}&#8221;][vc_single_image image=&#8221;71634&#8243; img_size=&#8221;medium&#8221; alignment=&#8221;center&#8221; css_animation=&#8221;top-to-bottom&#8221; css=&#8221;.vc_custom_1591700655003{margin-bottom: 0px !important;}&#8221;][vc_column_text css_animation=&#8221;bottom-to-top&#8221;]<\/p>\n<h5><a href=\"http:\/\/www.spkyangin.com\/?page_id=71256\" target=\"_blank\" rel=\"noopener noreferrer\"><span style=\"color: #ffffff;\">KURU K\u0130MYASAL S\u00d6ND\u00dcRME S\u0130STEMLER\u0130<\/span><\/a><\/h5>\n<p>[\/vc_column_text][\/vc_column_inner][\/vc_row_inner][vc_separator color=&#8221;#3c3c3c&#8221; type=&#8221;normal&#8221; thickness=&#8221;1&#8243; up=&#8221;&#8221; down=&#8221;&#8221;][vc_column_text css=&#8221;.vc_custom_1494330265956{margin-bottom: 0px !important;padding-top: 5px !important;}&#8221;]<\/p>\n<h5 style=\"text-align: center;\"><span style=\"color: #ffffff;\"><a style=\"color: #ffffff;\" href=\"http:\/\/www.spkyangin.com\/?page_id=73\" target=\"_blank\" rel=\"noopener noreferrer\">Di\u011fer S\u00f6nd\u00fcrme Sistemleri \u2192<\/a><\/span><\/h5>\n<p>[\/vc_column_text][\/vc_column][\/vc_row][vc_row type=&#8221;full_page_width_inner_container&#8221; padding_top=&#8221;&#8221; padding_bottom=&#8221;&#8221; css=&#8221;.vc_custom_1494335715698{margin-bottom: 55px !important;padding-top: 15px !important;padding-bottom: 15px !important;background-color: #ed0f00 !important;}&#8221;][vc_column width=&#8221;1\/6&#8243;][\/vc_column][vc_column width=&#8221;2\/3&#8243;][vc_column_text]<\/p>\n<h3 style=\"text-align: center;\"><span class=\"quote\">\u201c<\/span>SPK ENDUSTR\u0130YEL S\u0130ZE EKONOM\u0130K \u00c7\u00d6Z\u00dcMLER SUNAR.<span class=\"quote\">\u201d<\/span><\/h3>\n<p>[\/vc_column_text][\/vc_column][vc_column width=&#8221;1\/6&#8243;][\/vc_column][\/vc_row][vc_row type=&#8221;container&#8221; padding_top=&#8221;&#8221; padding_bottom=&#8221;&#8221; css=&#8221;.vc_custom_1451746675472{margin-bottom: 30px !important;}&#8221;][vc_column width=&#8221;1\/3&#8243; css=&#8221;.vc_custom_1451773467212{margin-bottom: 0px !important;}&#8221;][vc_single_image image=&#8221;71635&#8243; img_size=&#8221;full&#8221;][\/vc_column][vc_column width=&#8221;2\/3&#8243;][vc_column_text]<\/p>\n<h5><span style=\"color: #666666;\">B\u00fcy\u00fck ya da k\u00fc\u00e7\u00fck, b\u00fct\u00fcn yeni projelerle ilgileniyoruz. L\u00fctfen projenizle ilgili bizimle ileti\u015fime ge\u00e7mekten \u00e7ekinmeyin.<\/span><\/h5>\n<p><span style=\"color: #666666;\">Herhangi bir sorunla ilgili olarak bizimle ileti\u015fime ge\u00e7mek isterseniz <span style=\"color: #000000;\">(+90)216 495 78 70 numaram\u0131zdan arayabilir,(+90)216 495 78 98 Fax g\u00f6nderebilir<\/span>\u00a0veya <a href=\"http:\/\/www.spkyangin.com\/?page_id=67\">\u00a0e-posta g\u00f6nderebilirsiniz<\/a>. Bir teklif almak isterseniz sadece projeyi g\u00f6ndermeniz yeterli. <a href=\"http:\/\/www.spkyangin.com\/?page_id=70741\">Teklif iste.<\/a><br \/>\n<\/span>[\/vc_column_text][\/vc_column][\/vc_row][vc_row type=&#8221;container&#8221; padding_top=&#8221;&#8221; padding_bottom=&#8221;&#8221; css=&#8221;.vc_custom_1451746732817{margin-right: 15px !important;margin-bottom: 65px !important;margin-left: 15px !important;border-top-width: 1px !important;border-right-width: 1px !important;border-bottom-width: 1px !important;border-left-width: 1px !important;padding-top: 20px !important;padding-bottom: 10px !important;border-left-color: #eeeeee !important;border-left-style: solid !important;border-right-color: #eeeeee !important;border-right-style: solid !important;border-top-color: #eeeeee !important;border-top-style: solid !important;border-bottom-color: #eeeeee !important;border-bottom-style: solid !important;}&#8221;][vc_column][vc_row_inner css=&#8221;.vc_custom_1449279899888{margin-bottom: 0px !important;}&#8221;][vc_column_inner][vc_column_text css=&#8221;.vc_custom_1494331846189{margin-bottom: 20px !important;}&#8221;]Yeni \u00dcr\u00fcnlerimizden ve G\u00fcncel B\u00fcltenlerimizden Haberdar\u00a0Olmak \u0130\u00e7in Mailinizi Kaydedin..[\/vc_column_text][\/vc_column_inner][\/vc_row_inner][vc_row_inner css=&#8221;.vc_custom_1451746561576{margin-bottom: -10px !important;}&#8221;][vc_column_inner width=&#8221;1\/4&#8243;][\/vc_column_inner][vc_column_inner width=&#8221;2\/4&#8243;][vc_column_text]<!-- MailChimp for WordPress v4.1.1 - https:\/\/wordpress.org\/plugins\/mailchimp-for-wp\/ --><form id=\"mc4wp-form-1\" class=\"mc4wp-form mc4wp-form-70852\" method=\"post\" data-id=\"70852\" data-name=\"\" ><div class=\"mc4wp-form-fields\"><p>\n\t<label>Email address: <\/label>\n\t<input type=\"email\" name=\"EMAIL\" placeholder=\"Your email address\" required \/>\n<\/p>\n\n<p>\n\t<input type=\"submit\" value=\"Sign up\" \/>\n<\/p><div style=\"display: none;\"><input type=\"text\" name=\"_mc4wp_honeypot\" value=\"\" tabindex=\"-1\" autocomplete=\"off\" \/><\/div><input type=\"hidden\" name=\"_mc4wp_timestamp\" value=\"1776506795\" \/><input type=\"hidden\" name=\"_mc4wp_form_id\" value=\"70852\" \/><input type=\"hidden\" name=\"_mc4wp_form_element_id\" value=\"mc4wp-form-1\" \/><\/div><div class=\"mc4wp-response\"><\/div><\/form><!-- \/ MailChimp for WordPress Plugin -->[\/vc_column_text][\/vc_column_inner][vc_column_inner width=&#8221;1\/4&#8243;][\/vc_column_inner][\/vc_row_inner][vc_row_inner][vc_column_inner width=&#8221;1\/4&#8243;][\/vc_column_inner][vc_column_inner width=&#8221;2\/4&#8243;][vc_raw_html]JTNDaDMlMjBzdHlsZSUzRCUyMm1hcmdpbiUzQSUyMDBweCUzQiUyMHRleHQtYWxpZ24lM0ElMjBjZW50ZXIlM0IlMjIlM0UlMEElM0NhJTIwaHJlZiUzRCUyMiUyMyUyMiUzRSUzQ2klMjBjbGFzcyUzRCUyMmlvbi1zb2NpYWwtZmFjZWJvb2slMjIlM0UlM0MlMkZpJTNFJTNDJTJGYSUzRSUwQSUzQ2ElMjBocmVmJTNEJTIyJTIzJTIyJTNFJTNDaSUyMGNsYXNzJTNEJTIyaW9uLXNvY2lhbC10d2l0dGVyJTIyJTNFJTNDJTJGaSUzRSUzQyUyRmElM0UlMEElM0NhJTIwaHJlZiUzRCUyMiUyMyUyMiUzRSUzQ2klMjBjbGFzcyUzRCUyMmlvbi1zb2NpYWwtbGlua2VkaW4lMjIlM0UlM0MlMkZpJTNFJTNDJTJGYSUzRSUwQSUzQ2ElMjBocmVmJTNEJTIyJTIzJTIyJTNFJTNDaSUyMGNsYXNzJTNEJTIyaW9uLXNvY2lhbC1nb29nbGVwbHVzLW91dGxpbmUlMjIlM0UlM0MlMkZpJTNFJTNDJTJGYSUzRSUwQSUzQyUyRmgzJTNF[\/vc_raw_html][\/vc_column_inner][vc_column_inner width=&#8221;1\/4&#8243;][\/vc_column_inner][\/vc_row_inner][\/vc_column][\/vc_row]<\/p>\n","protected":false},"excerpt":{"rendered":"<p>[vc_row type=&#8221;container&#8221;][vc_column][vc_column_text] \u201cYang\u0131n s\u00f6nd\u00fcrme sistemlerinin g\u00fcvenilir markas\u0131 SPK END\u00dcSTR\u0130YEL Evinizde, i\u015f yerinizde herhangi bir sebeple \u00e7\u0131kabilecek yang\u0131nlara kar\u015f\u0131 \u00f6nce size en uygun sistemi\u00a0tespit ediyor, daha sonra tecr\u00fcbeli ve uzman kadrosu ile en iyi hizmeti sunuyor.\u00a0Bize ula\u015f\u0131n.\u201d [\/vc_column_text][\/vc_column][\/vc_row][vc_row type=&#8221;container&#8221; padding_top=&#8221;&#8221; padding_bottom=&#8221;&#8221; css=&#8221;.vc_custom_1451746433787{margin-bottom: 15px !important;}&#8221;][vc_column width=&#8221;1\/2&#8243;][vc_single_image image=&#8221;71627&#8243; img_size=&#8221;large&#8221; onclick=&#8221;custom_link&#8221; link=&#8221;http:\/\/www.spkyangin.com\/?page_id=71&#8243; el_class=&#8221;zoom&#8221; css=&#8221;.vc_custom_1591700598681{margin-bottom: -10px !important;}&#8221;][vc_column_text] Malzeme Tedarikli ve Montaj S\u00fcperviz\u00f6rl\u00fc\u011f\u00fc [\/vc_column_text][\/vc_column][vc_column width=&#8221;1\/2&#8243;][vc_single_image image=&#8221;71628&#8243; img_size=&#8221;large&#8221; onclick=&#8221;custom_link&#8221; link=&#8221;http:\/\/www.spkyangin.com\/?page_id=71&#8243; el_class=&#8221;zoom&#8221; css=&#8221;.vc_custom_1591700607524{margin-bottom: -10px !important;}&#8221;][vc_column_text] Projelendirme ve Dan\u0131\u015fmanl\u0131k [\/vc_column_text][\/vc_column][\/vc_row][vc_row type=&#8221;container&#8221; padding_top=&#8221;&#8221; padding_bottom=&#8221;&#8221; css=&#8221;.vc_custom_1451746999255{margin-bottom: 35px !important;}&#8221;][vc_column width=&#8221;1\/2&#8243;][vc_single_image image=&#8221;71629&#8243; img_size=&#8221;large&#8221; onclick=&#8221;custom_link&#8221; link=&#8221;http:\/\/www.spkyangin.com\/?page_id=71&#8243; el_class=&#8221;zoom&#8221; css=&#8221;.vc_custom_1591700616990{margin-bottom: -10px !important;}&#8221;][vc_column_text] Taahh\u00fct Hizmetler ve Devreye Alma [\/vc_column_text][\/vc_column][vc_column width=&#8221;1\/2&#8243;][vc_single_image image=&#8221;71630&#8243; img_size=&#8221;large&#8221; onclick=&#8221;custom_link&#8221; link=&#8221;http:\/\/www.spkyangin.com\/?page_id=71&#8243; el_class=&#8221;zoom&#8221; css=&#8221;.vc_custom_1591700726505{margin-bottom: -10px !important;}&#8221;][vc_column_text] Sat\u0131\u015f Sonras\u0131 Servis ve Periyodik Bak\u0131m [\/vc_column_text][\/vc_column][\/vc_row][vc_row type=&#8221;container&#8221; padding_top=&#8221;&#8221; [&hellip;]<\/p>\n","protected":false},"author":2,"featured_media":0,"parent":0,"menu_order":0,"comment_status":"closed","ping_status":"closed","template":"page-full-width.php","meta":{"footnotes":""},"class_list":["post-70470","page","type-page","status-publish","hentry"],"_links":{"self":[{"href":"https:\/\/spkyangin.com\/index.php?rest_route=\/wp\/v2\/pages\/70470","targetHints":{"allow":["GET"]}}],"collection":[{"href":"https:\/\/spkyangin.com\/index.php?rest_route=\/wp\/v2\/pages"}],"about":[{"href":"https:\/\/spkyangin.com\/index.php?rest_route=\/wp\/v2\/types\/page"}],"author":[{"embeddable":true,"href":"https:\/\/spkyangin.com\/index.php?rest_route=\/wp\/v2\/users\/2"}],"replies":[{"embeddable":true,"href":"https:\/\/spkyangin.com\/index.php?rest_route=%2Fwp%2Fv2%2Fcomments&post=70470"}],"version-history":[{"count":6,"href":"https:\/\/spkyangin.com\/index.php?rest_route=\/wp\/v2\/pages\/70470\/revisions"}],"predecessor-version":[{"id":71637,"href":"https:\/\/spkyangin.com\/index.php?rest_route=\/wp\/v2\/pages\/70470\/revisions\/71637"}],"wp:attachment":[{"href":"https:\/\/spkyangin.com\/index.php?rest_route=%2Fwp%2Fv2%2Fmedia&parent=70470"}],"curies":[{"name":"wp","href":"https:\/\/api.w.org\/{rel}","templated":true}]}}