{"id":82,"date":"2015-10-08T09:31:05","date_gmt":"2015-10-08T09:31:05","guid":{"rendered":"http:\/\/broker.commercegurus.com\/?page_id=82"},"modified":"2026-03-14T21:40:09","modified_gmt":"2026-03-14T21:40:09","slug":"pompa","status":"publish","type":"page","link":"http:\/\/spkyangin.com\/?page_id=82","title":{"rendered":"Yang\u0131n Pompalar\u0131"},"content":{"rendered":"<p>[vc_row type=&#8221;container&#8221; padding_top=&#8221;&#8221; padding_bottom=&#8221;&#8221; css=&#8221;.vc_custom_1449060205291{margin-bottom: 20px !important;}&#8221;][vc_column][vc_column_text]<\/p>\n<div><span class=\"ws9\" style=\"color: #000000;\"><b>Yangin Pompalari<\/b><\/span><span class=\"ws9\" style=\"color: #000000;\">: Sulu <\/span><span class=\"ws9\" style=\"color: #000000;\"><b>s\u00f6nd\u00fcrme<\/b><\/span><span class=\"ws9\" style=\"color: #000000;\"> sistemlerine basin\u00e7li su saglayan, anma debi ve anma basin\u00e7 degeri ile ifade edilen pompalardir. Pompalar, kapali vana (sifir debi) basma y\u00fcksekligi anma basma y\u00fcksekligi degerinin en fazla %140&#8217;i kadar olmali ve %150 debideki basma y\u00fcksekligi, anma basma y\u00fcksekliginin %65&#8217;inden daha k\u00fc\u00e7\u00fck olmamalidir. Bu t\u00fcr pompalar, istenen basin\u00e7 degerini karsilamak kosuluyla, anma debi degerlerinin %130&#8217;u kapasitedeki sistem talepleri i\u00e7in kullanilabilir.<\/span><\/div>\n<div><span class=\"ws9\" style=\"color: #000000;\">Sistemde bir pompa kullanilmasi halinde ayni kapasitede yedek pompa olmalidir. Birden fazla pompa olmasi halinde toplam kapasitenin en az %50&#8217;si yedeklenmek sartiyla yeterli sayida yedek pompa kullanilacaktir.<\/span><\/div>\n<div><span class=\"ws9\" style=\"color: #000000;\">Pompanin \u00e7evrilmesi elektrik motoru yani sira i\u00e7ten yanmali motorlar veya t\u00fcrbinler ile olabilir.<\/span><\/div>\n<div><span class=\"ws9\" style=\"color: #000000;\"><b>Yedek diesel pompa<\/b><\/span><span class=\"ws9\" style=\"color: #000000;\"> kullanilmadigi takdirde yangin pompalarinin enerji beslemesi g\u00fcvenilir kaynaktan saglanarak, yapinin genel elektrik sisteminden bagimsiz beslenecektir.<\/span><\/div>\n<div><span class=\"ws9\" style=\"color: #000000;\"><b>Yangin pompalarinin<\/b><\/span><span class=\"ws9\" style=\"color: #000000;\">, otomatik hava bosaltma valfi, sirk\u00fclasyon rahatlama valfi gibi yardimci elemanlar bulunmalidir. Her pompanin ayri bir kumanda panosu olmalidir. Pano kilitli olmalidir. Elektrik kumanda panosu, faz hatasi, faz sirasi hatasi, kumanda fazi hatasi, bilgi isiklariyla donatilmalidir. A\u00e7ma kapama salterine pano kilidi a\u00e7ilmadan erisilememelidir.<\/span><\/div>\n<div><span class=\"ws9\" style=\"color: #000000;\">Her pompanin ayri bir kumanda basin\u00e7 anahtari olmalidir. Basin\u00e7 anahtarlari, kumanda panosunun i\u00e7ine yerlestirilmis, su basincini boru baglantisiyla hisseden, su darbelerine karsi korumali, alt ve \u00fcst degerler ayri ayri ve bagimsiz olarak ayarlanabilir ve ayarlandiktan sonra kilitlenebilir olmalidir.<\/span><\/div>\n<div><span class=\"ws9\" style=\"color: #000000;\">Pompa kontrol\u00fc basin\u00e7 kumandali tam (otomatik basla-otomatik dur) veya yari otomatik (otomatik basla-elle dur) olabilir.<\/span><\/div>\n<div><span class=\"ws9\" style=\"color: #000000;\">Pompa odasi veya pompa istasyonunda +4oC \u00fczerinde sicakligin s\u00fcrekli saglanabilmesi i\u00e7in uygun gere\u00e7ler saglanacaktir.<\/span><\/div>\n<div><span class=\"ws9\" style=\"color: #000000;\">Pompa istasyonunda, servis, muayene ve ayar gerektiren cihazlarin \u00e7alisma alani etrafinda acil aydinlatma saglanacaktir.<\/span><\/div>\n<div><span class=\"ws9\" style=\"color: #000000;\">Zemin yeterli bir drenaj i\u00e7in egimli olarak hazirlanarak pompa, s\u00fcr\u00fcc\u00fc, kontrol panosu gibi kritik cihazlardan suyun uzaklastirilmasi saglanacaktir.<\/span><\/div>\n<div><span class=\"ws9\" style=\"color: #000000;\">Pompalar \u00e7e\u015fitlerine g\u00f6re \u015fu \u015fekilde ayr\u0131l\u0131rlar.<\/span><\/div>\n<div><span class=\"ws9\" style=\"color: #000000;\"><b>Yatay B\u00f6l\u00fcnebilir G\u00f6vdeli Pompalar\u00a0<\/b><\/span><\/div>\n<div><span class=\"ws9\" style=\"color: #000000;\">Yatay b\u00f6l\u00fcnebilir g\u00f6vdeli pompalar, yangin pompalarindan beklenilen t\u00fcm \u00f6zellikleri saglayabilecek \u00f6zellikte tasarlanmislardir. Yangin kosullarinda ihtiya\u00e7 duyulan basin\u00e7 ve debi verebilecek standartlarda (NFPA20) dizayn edilmis ve bu performansi saglayabilecek komponentlerden olusmustur.(UL ve FM onayli). 300 GPM ile 5000 GPM arasi debilerde ve 40 PSI ile 545 PSI arasi basin\u00e7larda imal edilirler<\/span><\/div>\n<div><span class=\"ws9\" style=\"color: #000000;\"><b>Dikey T\u00fcrbinli Pompalar <\/b><\/span><span class=\"ws9\" style=\"color: #000000;\"><b>\u00a0 \u00a0 \u00a0 \u00a0<\/b><\/span><\/div>\n<div><span class=\"ws9\" style=\"color: #000000;\">Su kaynaklarinin emis yapilacak noktanin asagisinda oldugu yerler i\u00e7in tasarlanmistir. Yatay b\u00f6l\u00fcnebilir g\u00f6vdeli pompalar gibi yangin kosullarinda ihtiya\u00e7 duyulan basin\u00e7 ve debi verebilecek standartlarda dizayn edilmis ve bu performansi saglayabilecek komponentlerden olusmustur. 500 GPM ile 5000 GPM arasi debilerde ve 40 PSI ile 175 PSI arasi basin\u00e7larda imal edilirler<\/span><\/div>\n<div><span class=\"ws9\" style=\"color: #000000;\"><b>Sondan Emisli Pompalar <\/b><\/span><span class=\"ws9\" style=\"color: #000000;\"><b>\u00a0 \u00a0 \u00a0 \u00a0<\/b><\/span><\/div>\n<div><span class=\"ws9\" style=\"color: #000000;\">Daha \u00e7ok d\u00fcs\u00fck basin\u00e7 ve debi gereksinimi olan projeler i\u00e7in tasarlanmistir. 25 GPM ile 500 GPM arasi debilerde ve 40 PSI ile 190 PSI arasi basin\u00e7larda imal edilirler<\/span><span class=\"ws9\" style=\"color: #000000;\"> \u00a0 \u00a0 \u00a0 \u00a0<\/span><\/div>\n<div><span class=\"ws9\" style=\"color: #000000;\"><b>Dikey Tip Hat Girisli Pompalar <\/b><\/span><span class=\"ws9\" style=\"color: #000000;\"><b>\u00a0 \u00a0 \u00a0 \u00a0<\/b><\/span><b><\/b><\/div>\n<div><span class=\"ws9\" style=\"color: #000000;\">Sondan emisli pompalar gibi d\u00fcs\u00fck basin\u00e7 ve debi gereksinimi olan projeler i\u00e7in tasarlanmistir. 25 GPM ile 500 GPM arasi debilerde ve 40 PSI ile 190 PSI arasi basin\u00e7larda imal edilirler<\/span><span class=\"ws9\" style=\"color: #000000;\"> \u00a0 \u00a0 \u00a0 \u00a0<\/span><span class=\"ws9\" style=\"color: #000000;\"> \u00a0 \u00a0 \u00a0 \u00a0<\/span><\/div>\n<div><span class=\"ws9\" style=\"color: #000000;\"><b>Jokey Pompalar <\/b><\/span><span class=\"ws9\" style=\"color: #000000;\"><b>\u00a0 \u00a0 \u00a0 \u00a0<\/b><\/span><b><\/b><\/div>\n<div><span class=\"ws9\" style=\"color: #000000;\">Yangin s\u00f6nd\u00fcrme sistemi boru hattinin s\u00fcrekli basin\u00e7 altinda tutulmasi ve ka\u00e7aklardan kaynaklanan basin\u00e7 d\u00fcs\u00fcm\u00fcn\u00fc sirasinda ana pompalarin s\u00fcrekli devreye girmesini engellemek amaci ile kullanilirlar. 5 GPM ile 75 GPM arasi debilerde ve 40 PSI ile 190 PSI arasi basin\u00e7larda imal edilirler <\/span><span class=\"ws9\" style=\"color: #000000;\">\u00a0 \u00a0 \u00a0 \u00a0<\/span><\/div>\n<div><span class=\"ws9\" style=\"color: #000000;\"><b>Elektrikli Pompa Kontrol Panelleri <\/b><\/span><span class=\"ws9\" style=\"color: #000000;\"><b>\u00a0 \u00a0 \u00a0 \u00a0<\/b><\/span><\/div>\n<div><span class=\"ws9\" style=\"color: #000000;\"><b>Elektrikli pompa<\/b><\/span><span class=\"ws9\" style=\"color: #000000;\"> kontrol panelleri, duvar veya yer montajli olarak tasarlanmistir. 380 V \/ 3 ~\/ 50 Hz gerilimde 10 HP ile 300 HP arasinda imal edilirler.Uygulama kriterleri hesaplanirken su veriler g\u00f6z \u00f6n\u00fcne alinmalidir. Motor g\u00fcc\u00fc, direk veya gerilim d\u00fcs\u00fcml\u00fc yolverme se\u00e7imi, otomatik veya yari otomatik kumanda paneli. Elektrik motorlarina <\/span><span class=\"ws9\" style=\"color: #000000;\"><b>yol verme<\/b><\/span><span class=\"ws9\" style=\"color: #000000;\"> sekilleri asagidadir<\/span><\/div>\n<div><span class=\"ws9\" style=\"color: #000000;\">Direk Yol Verme<\/span><\/div>\n<div><span class=\"ws9\" style=\"color: #000000;\">Yildiz \u00dc\u00e7gen Yol Verme<\/span><\/div>\n<div><span class=\"ws9\" style=\"color: #000000;\">\u00d6n Diren\u00e7li Yol Verme<\/span><\/div>\n<div><span class=\"ws9\" style=\"color: #000000;\">Oto-transformat\u00f6rl\u00fc Yol Verme<\/span><\/div>\n<div><span class=\"ws9\" style=\"color: #000000;\">Yumusak Kalkisli (Soft Start) Yol Veme<\/span><\/div>\n<div><span class=\"ws9\" style=\"color: #000000;\">\u00d6n Reakt\u00f6rl\u00fc Yol Verme<\/span><\/div>\n<div><span class=\"ws9\" style=\"color: #000000;\">Diesel Pompa Kontrol Panelleri <\/span><span class=\"ws9\" style=\"color: #000000;\">\u00a0 \u00a0 \u00a0 \u00a0<\/span><\/div>\n<div><\/div>\n<div><span class=\"ws9\" style=\"color: #000000;\">Diesel pompa kontrol panelleri, duvar veya yer montajli olarak tasarlanmistir. 12 V DC ile 24 V DC gerilim degerlerinde imal edilirler.Uygulama kriterleri hesaplanirken su veriler g\u00f6z \u00f6n\u00fcne alinmalidir. Sebeke besleme gerilimleri her \u00fclke standatrlari ile degismektedir<\/span><\/div>\n<p>[\/vc_column_text][\/vc_column][vc_column width=&#8221;1\/2&#8243;][vc_single_image image=&#8221;71266&#8243; img_size=&#8221;full&#8221; add_caption=&#8221;yes&#8221; onclick=&#8221;link_image&#8221;][\/vc_column][\/vc_row]<\/p>\n","protected":false},"excerpt":{"rendered":"<p>[vc_row type=&#8221;container&#8221; padding_top=&#8221;&#8221; padding_bottom=&#8221;&#8221; css=&#8221;.vc_custom_1449060205291{margin-bottom: 20px !important;}&#8221;][vc_column][vc_column_text] Yangin Pompalari: Sulu s\u00f6nd\u00fcrme sistemlerine basin\u00e7li su saglayan, anma debi ve anma basin\u00e7 degeri ile ifade edilen pompalardir. Pompalar, kapali vana (sifir debi) basma y\u00fcksekligi anma basma y\u00fcksekligi degerinin en fazla %140&#8217;i kadar olmali ve %150 debideki basma y\u00fcksekligi, anma basma y\u00fcksekliginin %65&#8217;inden daha k\u00fc\u00e7\u00fck olmamalidir. Bu t\u00fcr pompalar, istenen basin\u00e7 degerini karsilamak kosuluyla, anma debi degerlerinin %130&#8217;u kapasitedeki sistem talepleri i\u00e7in kullanilabilir. Sistemde bir pompa kullanilmasi halinde ayni kapasitede yedek pompa olmalidir. Birden fazla pompa olmasi halinde toplam kapasitenin en az %50&#8217;si yedeklenmek sartiyla yeterli sayida yedek pompa kullanilacaktir. Pompanin \u00e7evrilmesi elektrik motoru yani sira i\u00e7ten yanmali motorlar veya t\u00fcrbinler ile olabilir. [&hellip;]<\/p>\n","protected":false},"author":3,"featured_media":71266,"parent":73,"menu_order":5,"comment_status":"closed","ping_status":"closed","template":"","meta":{"footnotes":""},"class_list":["post-82","page","type-page","status-publish","has-post-thumbnail","hentry"],"_links":{"self":[{"href":"http:\/\/spkyangin.com\/index.php?rest_route=\/wp\/v2\/pages\/82","targetHints":{"allow":["GET"]}}],"collection":[{"href":"http:\/\/spkyangin.com\/index.php?rest_route=\/wp\/v2\/pages"}],"about":[{"href":"http:\/\/spkyangin.com\/index.php?rest_route=\/wp\/v2\/types\/page"}],"author":[{"embeddable":true,"href":"http:\/\/spkyangin.com\/index.php?rest_route=\/wp\/v2\/users\/3"}],"replies":[{"embeddable":true,"href":"http:\/\/spkyangin.com\/index.php?rest_route=%2Fwp%2Fv2%2Fcomments&post=82"}],"version-history":[{"count":1,"href":"http:\/\/spkyangin.com\/index.php?rest_route=\/wp\/v2\/pages\/82\/revisions"}],"predecessor-version":[{"id":71670,"href":"http:\/\/spkyangin.com\/index.php?rest_route=\/wp\/v2\/pages\/82\/revisions\/71670"}],"up":[{"embeddable":true,"href":"http:\/\/spkyangin.com\/index.php?rest_route=\/wp\/v2\/pages\/73"}],"wp:featuredmedia":[{"embeddable":true,"href":"http:\/\/spkyangin.com\/index.php?rest_route=\/"}],"wp:attachment":[{"href":"http:\/\/spkyangin.com\/index.php?rest_route=%2Fwp%2Fv2%2Fmedia&parent=82"}],"curies":[{"name":"wp","href":"https:\/\/api.w.org\/{rel}","templated":true}]}}