{"id":73,"date":"2015-10-07T17:14:55","date_gmt":"2015-10-07T17:14:55","guid":{"rendered":"http:\/\/broker.commercegurus.com\/?page_id=73"},"modified":"2026-03-14T21:40:20","modified_gmt":"2026-03-14T21:40:20","slug":"solutions","status":"publish","type":"page","link":"http:\/\/spkyangin.com\/?page_id=73","title":{"rendered":"\u00dcR\u00dcNLER\u0130M\u0130Z"},"content":{"rendered":"<p>[vc_row type=&#8221;container&#8221; padding_top=&#8221;&#8221; padding_bottom=&#8221;&#8221; css=&#8221;.vc_custom_1447263760697{margin-bottom: 0px !important;padding-top: 50px !important;}&#8221;][vc_column width=&#8221;1\/3&#8243; css=&#8221;.vc_custom_1451766709466{margin-bottom: 35px !important;}&#8221;][vc_single_image image=&#8221;71229&#8243; img_size=&#8221;large&#8221; onclick=&#8221;custom_link&#8221; css_animation=&#8221;bottom-to-top&#8221; link=&#8221;http:\/\/www.spkyangin.com\/?page_id=147&#8243; css=&#8221;.vc_custom_1493677146191{border-bottom-width: 0px !important;}&#8221;][vc_column_text css=&#8221;.vc_custom_1493674859538{margin-top: -15px !important;margin-bottom: 20px !important;padding-right: 5px !important;}&#8221;]<\/p>\n<ul class=\"child-sidebar-menu\">\n<li class=\"page_item page-item-147 current_page_item has_children\"><a href=\"http:\/\/www.spkyangin.com\/?page_id=147\">Sulu S\u00f6nd\u00fcrme Sistemleri<\/a>\n<ul class=\"grandchild-sidebar-menu level-1 children\">\n<li class=\"page_item page-item-71276\"><a href=\"http:\/\/www.spkyangin.com\/?page_id=71276\">Islak Sprinkler Sistemleri<\/a><\/li>\n<li class=\"page_item page-item-71277\"><a href=\"http:\/\/www.spkyangin.com\/?page_id=71277\">Kuru Sprinkler Sistemleri<\/a><\/li>\n<li class=\"page_item page-item-71278\"><a href=\"http:\/\/www.spkyangin.com\/?page_id=71278\">Bask\u0131n Sprinkler Sistemleri<\/a><\/li>\n<li class=\"page_item page-item-71279\"><a href=\"http:\/\/www.spkyangin.com\/?page_id=71279\">\u00d6n Tepkili Sprinkler Sistemleri<\/a><\/li>\n<\/ul>\n<\/li>\n<\/ul>\n<p>[\/vc_column_text][\/vc_column][vc_column width=&#8221;1\/3&#8243; css=&#8221;.vc_custom_1451766722338{margin-bottom: 35px !important;}&#8221;][vc_single_image image=&#8221;71351&#8243; img_size=&#8221;large&#8221; onclick=&#8221;custom_link&#8221; css_animation=&#8221;bottom-to-top&#8221; link=&#8221;http:\/\/www.spkyangin.com\/?page_id=122&#8243; css=&#8221;.vc_custom_1493677120331{border-bottom-width: 0px !important;}&#8221;][vc_column_text css=&#8221;.vc_custom_1493674754390{margin-top: -15px !important;margin-bottom: 20px !important;padding-right: 5px !important;}&#8221;]<a href=\"http:\/\/www.spkyangin.com\/?page_id=122\">Gazl\u0131 S\u00f6nd\u00fcrme Sistemleri<\/a><\/p>\n<ul class=\"grandchild-sidebar-menu level-1 children\">\n<li class=\"page_item page-item-71301\"><a href=\"http:\/\/www.spkyangin.com\/?page_id=71301\">FM 200 Gazl\u0131 S\u00f6nd\u00fcrme Sistemleri<\/a><\/li>\n<li class=\"page_item page-item-71306\"><a href=\"http:\/\/www.spkyangin.com\/?page_id=71306\">CO2 Gazl\u0131 S\u00f6nd\u00fcrme Sistemleri<\/a><\/li>\n<li class=\"page_item page-item-71310\"><a href=\"http:\/\/www.spkyangin.com\/?page_id=71310\">Novec 1230 Gazl\u0131 S\u00f6nd\u00fcrme Sistemleri<\/a><\/li>\n<li class=\"page_item page-item-71315\"><a href=\"http:\/\/www.spkyangin.com\/?page_id=71315\">Argon Gazl\u0131 S\u00f6nd\u00fcrme Sistemleri<\/a><\/li>\n<\/ul>\n<p>[\/vc_column_text][\/vc_column][vc_column width=&#8221;1\/3&#8243; css=&#8221;.vc_custom_1451766735451{margin-bottom: 35px !important;}&#8221;][vc_single_image image=&#8221;71356&#8243; img_size=&#8221;large&#8221; onclick=&#8221;custom_link&#8221; css_animation=&#8221;bottom-to-top&#8221; link=&#8221;http:\/\/www.spkyangin.com\/?page_id=71247&#8243; css=&#8221;.vc_custom_1493677096095{border-bottom-width: 0px !important;}&#8221;][vc_column_text css=&#8221;.vc_custom_1494227204700{margin-top: -15px !important;margin-bottom: 20px !important;padding-right: 5px !important;}&#8221;]<a href=\"http:\/\/www.spkyangin.com\/?page_id=71247\">Yang\u0131n Damperleri<\/a><\/p>\n<ul class=\"grandchild-sidebar-menu level-1 children\">\n<li class=\"page_item page-item-71260\"><a href=\"http:\/\/www.spkyangin.com\/?page_id=71260\">Duman Kontrol Damperleri<\/a><\/li>\n<li class=\"page_item page-item-71260\"><a href=\"http:\/\/www.spkyangin.com\/?page_id=71260\">Duman Tahliye\u00a0<\/a><\/li>\n<\/ul>\n<p>[\/vc_column_text][\/vc_column][\/vc_row][vc_row type=&#8221;container&#8221; padding_top=&#8221;&#8221; padding_bottom=&#8221;&#8221; css=&#8221;.vc_custom_1451766655032{margin-bottom: 20px !important;}&#8221;][vc_column width=&#8221;1\/3&#8243; css=&#8221;.vc_custom_1444993797023{margin-bottom: 35px !important;}&#8221;][vc_single_image image=&#8221;71325&#8243; img_size=&#8221;large&#8221; onclick=&#8221;custom_link&#8221; css_animation=&#8221;bottom-to-top&#8221; link=&#8221;http:\/\/www.spkyangin.com\/?page_id=110&#8243; css=&#8221;.vc_custom_1493677037707{border-bottom-width: 0px !important;}&#8221;][vc_column_text css=&#8221;.vc_custom_1493674963629{margin-top: -15px !important;margin-bottom: 20px !important;padding-right: 10px !important;}&#8221;]<\/p>\n<ul>\n<li class=\"page_item page-item-110\"><a href=\"http:\/\/www.spkyangin.com\/?page_id=110\">Davlumbaz S\u00f6nd\u00fcrme Sistemleri<\/a><\/li>\n<\/ul>\n<p>[\/vc_column_text][\/vc_column][vc_column width=&#8221;1\/3&#8243; css=&#8221;.vc_custom_1444993804144{margin-bottom: 35px !important;}&#8221;][vc_single_image image=&#8221;71322&#8243; img_size=&#8221;large&#8221; onclick=&#8221;custom_link&#8221; css_animation=&#8221;bottom-to-top&#8221; link=&#8221;http:\/\/www.spkyangin.com\/?page_id=141&#8243; css=&#8221;.vc_custom_1493677005855{border-bottom-width: 0px !important;}&#8221;][vc_column_text css=&#8221;.vc_custom_1493674913281{margin-top: -15px !important;margin-bottom: 20px !important;padding-right: 0px !important;}&#8221;]<\/p>\n<ul class=\"child-sidebar-menu\">\n<li class=\"page_item page-item-141\"><a href=\"http:\/\/www.spkyangin.com\/?page_id=141\">K\u00f6p\u00fckl\u00fc S\u00f6nd\u00fcrme Sistemleri<\/a><\/li>\n<\/ul>\n<p>[\/vc_column_text][\/vc_column][vc_column width=&#8221;1\/3&#8243; css=&#8221;.vc_custom_1444993811709{margin-bottom: 35px !important;}&#8221;][vc_single_image image=&#8221;71371&#8243; img_size=&#8221;large&#8221; onclick=&#8221;custom_link&#8221; css_animation=&#8221;bottom-to-top&#8221; link=&#8221;http:\/\/www.spkyangin.com\/?page_id=82&#8243; css=&#8221;.vc_custom_1493676976274{border-bottom-width: 0px !important;}&#8221;][vc_column_text css=&#8221;.vc_custom_1493675111072{margin-top: -15px !important;margin-bottom: 20px !important;padding-right: 0px !important;}&#8221;]<\/p>\n<ul class=\"grandchild-sidebar-menu level-1 children\">\n<li class=\"page_item page-item-82\"><a href=\"http:\/\/www.spkyangin.com\/?page_id=82\">Yang\u0131n Pompalar\u0131<\/a><\/li>\n<\/ul>\n<p>[\/vc_column_text][\/vc_column][\/vc_row][vc_row type=&#8221;container&#8221; padding_top=&#8221;&#8221; padding_bottom=&#8221;&#8221; css=&#8221;.vc_custom_1451766655032{margin-bottom: 20px !important;}&#8221;][vc_column width=&#8221;1\/3&#8243; css=&#8221;.vc_custom_1444993797023{margin-bottom: 35px !important;}&#8221;][vc_single_image image=&#8221;71342&#8243; img_size=&#8221;large&#8221; onclick=&#8221;custom_link&#8221; css_animation=&#8221;bottom-to-top&#8221; link=&#8221;http:\/\/www.spkyangin.com\/?page_id=71250&#8243; css=&#8221;.vc_custom_1493676927677{border-bottom-width: 0px !important;}&#8221;][vc_column_text css=&#8221;.vc_custom_1493675145898{margin-top: -15px !important;margin-bottom: 20px !important;padding-right: 10px !important;}&#8221;]<\/p>\n<ul>\n<li class=\"page_item page-item-71250\"><a href=\"http:\/\/www.spkyangin.com\/?page_id=71250\">Yang\u0131n Alg\u0131lama Sistemleri<\/a><\/li>\n<\/ul>\n<p>[\/vc_column_text][\/vc_column][vc_column width=&#8221;1\/3&#8243; css=&#8221;.vc_custom_1444993804144{margin-bottom: 35px !important;}&#8221;][vc_single_image image=&#8221;71358&#8243; img_size=&#8221;large&#8221; onclick=&#8221;custom_link&#8221; css_animation=&#8221;bottom-to-top&#8221; link=&#8221;http:\/\/www.spkyangin.com\/?page_id=71253&#8243; css=&#8221;.vc_custom_1493676884074{border-bottom-width: 0px !important;}&#8221;][vc_column_text css=&#8221;.vc_custom_1493675166939{margin-top: -15px !important;margin-bottom: 20px !important;padding-right: 5px !important;}&#8221;]<\/p>\n<ul>\n<li class=\"page_item page-item-71253\"><a href=\"http:\/\/www.spkyangin.com\/?page_id=71253\">Yivli Boru Ba\u011flant\u0131 Elemanlar\u0131<\/a><\/li>\n<\/ul>\n<p>[\/vc_column_text][\/vc_column][vc_column width=&#8221;1\/3&#8243; css=&#8221;.vc_custom_1444993811709{margin-bottom: 35px !important;}&#8221;][vc_single_image image=&#8221;71334&#8243; img_size=&#8221;large&#8221; onclick=&#8221;custom_link&#8221; css_animation=&#8221;bottom-to-top&#8221; link=&#8221;http:\/\/www.spkyangin.com\/?page_id=71256&#8243; css=&#8221;.vc_custom_1493676851058{border-bottom-width: 0px !important;}&#8221;][vc_column_text css=&#8221;.vc_custom_1493675201409{margin-top: -15px !important;margin-bottom: 20px !important;padding-right: 0px !important;}&#8221;]<\/p>\n<ul>\n<li class=\"page_item page-item-71256\"><a href=\"http:\/\/www.spkyangin.com\/?page_id=71256\">Kuru Kimyasal S\u00f6nd\u00fcrme Sistemleri<\/a><\/li>\n<\/ul>\n<p>[\/vc_column_text][\/vc_column][\/vc_row][vc_row type=&#8221;container&#8221; padding_top=&#8221;&#8221; padding_bottom=&#8221;&#8221; css=&#8221;.vc_custom_1451766655032{margin-bottom: 20px !important;}&#8221;][vc_column width=&#8221;1\/2&#8243; css=&#8221;.vc_custom_1444993797023{margin-bottom: 35px !important;}&#8221;][vc_single_image image=&#8221;71351&#8243; img_size=&#8221;large&#8221; onclick=&#8221;custom_link&#8221; css_animation=&#8221;bottom-to-top&#8221; link=&#8221;http:\/\/www.spkyangin.com\/?page_id=71259&#8243; css=&#8221;.vc_custom_1493676810176{border-bottom-width: 0px !important;}&#8221;][vc_column_text css=&#8221;.vc_custom_1493675417776{margin-top: -15px !important;margin-bottom: 20px !important;padding-right: 10px !important;}&#8221;]<\/p>\n<ul>\n<li class=\"page_item page-item-71259\"><a href=\"http:\/\/www.spkyangin.com\/?page_id=71259\">Gaz Dolumu<\/a><\/li>\n<\/ul>\n<p>[\/vc_column_text][\/vc_column][vc_column width=&#8221;1\/2&#8243;][vc_single_image image=&#8221;71345&#8243; img_size=&#8221;large&#8221; onclick=&#8221;custom_link&#8221; css_animation=&#8221;bottom-to-top&#8221; link=&#8221;http:\/\/www.spkyangin.com\/?page_id=130&#8243; css=&#8221;.vc_custom_1493676775864{border-bottom-width: 0px !important;}&#8221;][vc_column_text css=&#8221;.vc_custom_1493675491868{margin-top: -15px !important;margin-bottom: 20px !important;padding-right: 10px !important;}&#8221;]<a href=\"http:\/\/www.spkyangin.com\/?page_id=130\">Yang\u0131n Dolaplar\u0131<\/a>[\/vc_column_text][\/vc_column][\/vc_row]<\/p>\n","protected":false},"excerpt":{"rendered":"<p>[vc_row type=&#8221;container&#8221; padding_top=&#8221;&#8221; padding_bottom=&#8221;&#8221; css=&#8221;.vc_custom_1447263760697{margin-bottom: 0px !important;padding-top: 50px !important;}&#8221;][vc_column width=&#8221;1\/3&#8243; css=&#8221;.vc_custom_1451766709466{margin-bottom: 35px !important;}&#8221;][vc_single_image image=&#8221;71229&#8243; img_size=&#8221;large&#8221; onclick=&#8221;custom_link&#8221; css_animation=&#8221;bottom-to-top&#8221; link=&#8221;http:\/\/www.spkyangin.com\/?page_id=147&#8243; css=&#8221;.vc_custom_1493677146191{border-bottom-width: 0px !important;}&#8221;][vc_column_text css=&#8221;.vc_custom_1493674859538{margin-top: -15px !important;margin-bottom: 20px !important;padding-right: 5px !important;}&#8221;] Sulu S\u00f6nd\u00fcrme Sistemleri Islak Sprinkler Sistemleri Kuru Sprinkler Sistemleri Bask\u0131n Sprinkler Sistemleri \u00d6n Tepkili Sprinkler Sistemleri [\/vc_column_text][\/vc_column][vc_column width=&#8221;1\/3&#8243; css=&#8221;.vc_custom_1451766722338{margin-bottom: 35px !important;}&#8221;][vc_single_image image=&#8221;71351&#8243; img_size=&#8221;large&#8221; onclick=&#8221;custom_link&#8221; css_animation=&#8221;bottom-to-top&#8221; link=&#8221;http:\/\/www.spkyangin.com\/?page_id=122&#8243; css=&#8221;.vc_custom_1493677120331{border-bottom-width: 0px !important;}&#8221;][vc_column_text css=&#8221;.vc_custom_1493674754390{margin-top: -15px !important;margin-bottom: 20px !important;padding-right: 5px !important;}&#8221;]Gazl\u0131 S\u00f6nd\u00fcrme Sistemleri FM 200 Gazl\u0131 S\u00f6nd\u00fcrme Sistemleri CO2 Gazl\u0131 S\u00f6nd\u00fcrme Sistemleri Novec 1230 Gazl\u0131 S\u00f6nd\u00fcrme Sistemleri Argon Gazl\u0131 S\u00f6nd\u00fcrme Sistemleri [\/vc_column_text][\/vc_column][vc_column width=&#8221;1\/3&#8243; css=&#8221;.vc_custom_1451766735451{margin-bottom: 35px !important;}&#8221;][vc_single_image image=&#8221;71356&#8243; img_size=&#8221;large&#8221; onclick=&#8221;custom_link&#8221; css_animation=&#8221;bottom-to-top&#8221; link=&#8221;http:\/\/www.spkyangin.com\/?page_id=71247&#8243; css=&#8221;.vc_custom_1493677096095{border-bottom-width: 0px !important;}&#8221;][vc_column_text css=&#8221;.vc_custom_1494227204700{margin-top: -15px !important;margin-bottom: 20px !important;padding-right: 5px !important;}&#8221;]Yang\u0131n Damperleri Duman Kontrol Damperleri Duman Tahliye\u00a0 [&hellip;]<\/p>\n","protected":false},"author":3,"featured_media":71389,"parent":0,"menu_order":0,"comment_status":"closed","ping_status":"closed","template":"page-full-width.php","meta":{"footnotes":""},"class_list":["post-73","page","type-page","status-publish","has-post-thumbnail","hentry"],"_links":{"self":[{"href":"http:\/\/spkyangin.com\/index.php?rest_route=\/wp\/v2\/pages\/73","targetHints":{"allow":["GET"]}}],"collection":[{"href":"http:\/\/spkyangin.com\/index.php?rest_route=\/wp\/v2\/pages"}],"about":[{"href":"http:\/\/spkyangin.com\/index.php?rest_route=\/wp\/v2\/types\/page"}],"author":[{"embeddable":true,"href":"http:\/\/spkyangin.com\/index.php?rest_route=\/wp\/v2\/users\/3"}],"replies":[{"embeddable":true,"href":"http:\/\/spkyangin.com\/index.php?rest_route=%2Fwp%2Fv2%2Fcomments&post=73"}],"version-history":[{"count":1,"href":"http:\/\/spkyangin.com\/index.php?rest_route=\/wp\/v2\/pages\/73\/revisions"}],"predecessor-version":[{"id":71672,"href":"http:\/\/spkyangin.com\/index.php?rest_route=\/wp\/v2\/pages\/73\/revisions\/71672"}],"wp:featuredmedia":[{"embeddable":true,"href":"http:\/\/spkyangin.com\/index.php?rest_route=\/"}],"wp:attachment":[{"href":"http:\/\/spkyangin.com\/index.php?rest_route=%2Fwp%2Fv2%2Fmedia&parent=73"}],"curies":[{"name":"wp","href":"https:\/\/api.w.org\/{rel}","templated":true}]}}