{"id":71447,"date":"2017-05-08T06:59:33","date_gmt":"2017-05-08T06:59:33","guid":{"rendered":"http:\/\/www.spkyangin.com\/?page_id=71447"},"modified":"2026-03-14T21:40:02","modified_gmt":"2026-03-14T21:40:02","slug":"duman-tahliyesi","status":"publish","type":"page","link":"http:\/\/spkyangin.com\/?page_id=71447","title":{"rendered":"Duman Tahliyesi"},"content":{"rendered":"<p>[vc_row type=&#8221;container&#8221; padding_top=&#8221;&#8221; padding_bottom=&#8221;&#8221; css=&#8221;.vc_custom_1449060205291{margin-bottom: 20px !important;}&#8221;][vc_column][vc_column_text]<\/p>\n<h1 class=\"ty-mainbox-title\">DUMAN VE ISI TAHL\u0130YE S\u0130STEMLER\u0130<\/h1>\n<div class=\"ty-mainbox-body\">\n<div id=\"category_products_7002\">\n<div class=\"ty-wysiwyg-content ty-mb-s\">\n<p>Duman ve Is\u0131 Havaland\u0131rma Sistemleri Ayr\u0131ca &#8221; SHEVS &#8221; olarak bilinen Duman ve \u0131s\u0131 egzoz havaland\u0131rma sistemleri , d\u00fc\u015f\u00fck seviye ka\u00e7\u0131\u015f yollar\u0131 dumandan uzak tutulmas\u0131 i\u00e7in izin ve binaya zarar azalt\u0131c\u0131 bir binadan duman kald\u0131rmak i\u00e7in do\u011fal ya da g\u00fc\u00e7 sistemleridir . SHEVS \u00fc\u00e7 ana bile\u015fenden olu\u015fmaktad\u0131r : duman \u00e7\u0131karmak i\u00e7in gerekli egzoz fanlar ; o binada kal\u0131rken duman\u0131n yay\u0131lmas\u0131n\u0131 s\u0131n\u0131rlamak i\u00e7in gerekli engelleri , duman ; ve giri\u015f fanlar , egzoz vantilat\u00f6rleri uzakla\u015ft\u0131r\u0131ld\u0131 dumanl\u0131 havay\u0131 de\u011fi\u015ftirmek i\u00e7in taze hava sa\u011flamak i\u00e7in gerekli . Amortis\u00f6rleri ve kanal sistemi genellikle d\u00fczeni i\u00e7ine entegre edilmi\u015ftir .<\/p>\n<\/div>\n<\/div>\n<\/div>\n<p>[\/vc_column_text][\/vc_column][vc_column width=&#8221;1\/2&#8243;][vc_single_image image=&#8221;71337&#8243; img_size=&#8221;full&#8221; add_caption=&#8221;yes&#8221; onclick=&#8221;link_image&#8221;][\/vc_column][\/vc_row]<\/p>\n","protected":false},"excerpt":{"rendered":"<p>[vc_row type=&#8221;container&#8221; padding_top=&#8221;&#8221; padding_bottom=&#8221;&#8221; css=&#8221;.vc_custom_1449060205291{margin-bottom: 20px !important;}&#8221;][vc_column][vc_column_text] DUMAN VE ISI TAHL\u0130YE S\u0130STEMLER\u0130 Duman ve Is\u0131 Havaland\u0131rma Sistemleri Ayr\u0131ca &#8221; SHEVS &#8221; olarak bilinen Duman ve \u0131s\u0131 egzoz havaland\u0131rma sistemleri , d\u00fc\u015f\u00fck seviye ka\u00e7\u0131\u015f yollar\u0131 dumandan uzak tutulmas\u0131 i\u00e7in izin ve binaya zarar azalt\u0131c\u0131 bir binadan duman kald\u0131rmak i\u00e7in do\u011fal ya da g\u00fc\u00e7 sistemleridir . SHEVS \u00fc\u00e7 ana bile\u015fenden olu\u015fmaktad\u0131r : duman \u00e7\u0131karmak i\u00e7in gerekli egzoz fanlar ; o binada kal\u0131rken duman\u0131n yay\u0131lmas\u0131n\u0131 s\u0131n\u0131rlamak i\u00e7in gerekli engelleri , duman ; ve giri\u015f fanlar , egzoz vantilat\u00f6rleri uzakla\u015ft\u0131r\u0131ld\u0131 dumanl\u0131 havay\u0131 de\u011fi\u015ftirmek i\u00e7in taze hava sa\u011flamak i\u00e7in gerekli . Amortis\u00f6rleri ve kanal sistemi genellikle d\u00fczeni i\u00e7ine entegre edilmi\u015ftir . [\/vc_column_text][\/vc_column][vc_column width=&#8221;1\/2&#8243;][vc_single_image image=&#8221;71337&#8243; img_size=&#8221;full&#8221; [&hellip;]<\/p>\n","protected":false},"author":3,"featured_media":70714,"parent":71247,"menu_order":5,"comment_status":"closed","ping_status":"closed","template":"","meta":{"footnotes":""},"class_list":["post-71447","page","type-page","status-publish","has-post-thumbnail","hentry"],"_links":{"self":[{"href":"http:\/\/spkyangin.com\/index.php?rest_route=\/wp\/v2\/pages\/71447","targetHints":{"allow":["GET"]}}],"collection":[{"href":"http:\/\/spkyangin.com\/index.php?rest_route=\/wp\/v2\/pages"}],"about":[{"href":"http:\/\/spkyangin.com\/index.php?rest_route=\/wp\/v2\/types\/page"}],"author":[{"embeddable":true,"href":"http:\/\/spkyangin.com\/index.php?rest_route=\/wp\/v2\/users\/3"}],"replies":[{"embeddable":true,"href":"http:\/\/spkyangin.com\/index.php?rest_route=%2Fwp%2Fv2%2Fcomments&post=71447"}],"version-history":[{"count":1,"href":"http:\/\/spkyangin.com\/index.php?rest_route=\/wp\/v2\/pages\/71447\/revisions"}],"predecessor-version":[{"id":71668,"href":"http:\/\/spkyangin.com\/index.php?rest_route=\/wp\/v2\/pages\/71447\/revisions\/71668"}],"up":[{"embeddable":true,"href":"http:\/\/spkyangin.com\/index.php?rest_route=\/wp\/v2\/pages\/71247"}],"wp:featuredmedia":[{"embeddable":true,"href":"http:\/\/spkyangin.com\/index.php?rest_route=\/"}],"wp:attachment":[{"href":"http:\/\/spkyangin.com\/index.php?rest_route=%2Fwp%2Fv2%2Fmedia&parent=71447"}],"curies":[{"name":"wp","href":"https:\/\/api.w.org\/{rel}","templated":true}]}}