{"id":71315,"date":"2017-04-30T09:55:06","date_gmt":"2017-04-30T09:55:06","guid":{"rendered":"http:\/\/www.spkyangin.com\/?page_id=71315"},"modified":"2026-03-14T21:39:24","modified_gmt":"2026-03-14T21:39:24","slug":"argon-gazli-sondurme-sistemleri","status":"publish","type":"page","link":"http:\/\/spkyangin.com\/?page_id=71315","title":{"rendered":"Argon Gazl\u0131 S\u00f6nd\u00fcrme Sistemleri"},"content":{"rendered":"<p>[vc_row type=&#8221;container&#8221; padding_top=&#8221;&#8221; padding_bottom=&#8221;&#8221; css=&#8221;.vc_custom_1449063077218{margin-bottom: 20px !important;}&#8221;][vc_column][vc_column_text]<\/p>\n<table border=\"0\" width=\"558\" cellspacing=\"0\" cellpadding=\"0\">\n<tbody>\n<tr>\n<td align=\"left\" height=\"20\"><span class=\"basliklaci\">Argon Gazl\u0131 S\u00f6nd\u00fcrme Sistemleri<\/span><\/td>\n<\/tr>\n<tr>\n<td align=\"left\">\n<table border=\"0\" width=\"100%\" cellspacing=\"0\" cellpadding=\"0\">\n<tbody>\n<tr>\n<td colspan=\"2\">\n<p class=\"text\">VdS onayl\u0131 IG-01 Argon gazl\u0131 yang\u0131n s\u00f6nd\u00fcrme sistemleri TS EN 14005, ISO 14520 ve NFPA 2001 standartlar\u0131nda tan\u0131mlanm\u0131\u015f inert gazd\u0131r. Ar\u015fivler, m\u00fczeler, k\u00fct\u00fcphaneler ve depolar gibi korunan hacmin b\u00fcy\u00fck oldu\u011fu mahallerde kullan\u0131lmaktad\u0131r. Uygulamadan sonra Toksit madde b\u0131rakmayan, elektriksel olarak iletken olmayan, uygulama s\u0131ras\u0131nda g\u00f6r\u00fc\u015f kayb\u0131na sebep olmayan ve insanlara zarar vermeyen Argon gaz\u0131, 200 bar ve 300bar olmak \u00fczere 2 farkl\u0131 bas\u0131n\u00e7 kapasitesinde kullan\u0131labilir. Lokal gaz dolumu yapan tesislerde yeniden dolumu kolayl\u0131kla ger\u00e7ekle\u015ftirilir. Se\u00e7ici vanal\u0131 sistemlere uygundur. Tek bir t\u00fcp gurubuyla birden fazla mahal korunabilir.<\/p>\n<table border=\"0\" width=\"558\" cellspacing=\"0\" cellpadding=\"0\">\n<tbody>\n<tr>\n<td class=\"text\" align=\"left\"><strong>LPG INERT\u00ae IG-01 (ARGON)<\/strong> atmosferde bulunan asal bir gazd\u0131r. Dolay\u0131s\u0131yla sera etkisi ve ozona zarar verme potansiyeli s\u00f6z konusu de\u011fildir. Kimyasal olarak iletken olmayan renksiz kokusuz ve tats\u0131zd\u0131r. S\u00f6nd\u00fcr\u00fcc\u00fc gaz olarak saf halinde kullan\u0131l\u0131r. Bu nedenle dolum esnas\u0131nda kar\u0131\u015f\u0131m gazlar\u0131n varatabilece\u011fi farkl\u0131 miktarlarda dolum riskini tamamen ortadan kald\u0131r\u0131r.Se\u00e7ici vanalar ve manifold sistemi olu\u015fturarak kullan\u0131labilir. Argonun kimyasal a\u015f\u0131nd\u0131rma \u00f6zelli\u011fi yoktur. Saklanmas\u0131 ve depolanmas\u0131 bu nedenle son derece kolayd\u0131r.<\/td>\n<\/tr>\n<tr>\n<td class=\"text\" align=\"left\"><\/td>\n<\/tr>\n<tr>\n<td class=\"text\" align=\"left\">\n<p class=\"text\">S\u00f6nd\u00fcrme prensibi uygulama yap\u0131lan mahaldeki oksijen konsantrasyonunun %15 de\u011ferine d\u00fc\u015f\u00fcr\u00fclerek yanman\u0131n sona erdirilmesi prensibine dayan\u0131r. Sistem tasar\u0131m\u0131 VDS onayl\u0131 bir hidrolik hesap program\u0131 ile yap\u0131l\u0131r. S\u00f6nd\u00fcrme konsantrasyonuna maksimum 60 saniyede ula\u015f\u0131lmas\u0131 gerekir. Bu da t\u00fcp yerle\u015fimi ile nozul aras\u0131ndaki mesafeyi artt\u0131rabilece\u011fimiz anlam\u0131na gelir. Her silindirde d\u00fc\u015f\u00fck bas\u0131n\u00e7 presostat\u0131 kullan\u0131larak manifold i\u00e7inde yer alan silindirlerin i\u00e7indeki gaz miktar\u0131 s\u00fcrekli izlenebilir. Sistemde kullan\u0131lan t\u00fcm \u00fcr\u00fcnler TS ISO 14520 &#8211; TS EN 15004\u2019ye uygundur. T\u00fcm silindirler PED ve TPED direktiflerine uygun CE belgeli ve TT i\u015faretlidir.<br \/>\nArgon uygulamas\u0131 yap\u0131lan mahallerde duvar, kap\u0131 ve benzeri yap\u0131sal unsurlar\u0131n malzeme \u00f6zelliklerine ba\u011fl\u0131 olarak kullan\u0131lacak relief damper miktar\u0131 hidrolik hesap sonucuna g\u00f6re belirlenmelidir.<br \/>\nSilindirlerde kullan\u0131lan valfler tamamen LPG taraf\u0131ndan geli\u015ftirilmi\u015f olup pek \u00e7ok tan\u0131nm\u0131\u015f test ve onay kurulu\u015fu taraf\u0131ndan onaylanm\u0131\u015ft\u0131r. Bu valfler temiz gazl\u0131 s\u00f6nd\u00fcrme sistemlerinde sistem aktivasyonu i\u00e7in b\u00fcy\u00fck bir kolayl\u0131k ve esneklik sa\u011flamaktad\u0131r.<br \/>\n<span class=\"text\">Valflerin temel dizayn\u0131 kaza sonucu olu\u015fabilecek k\u00fc\u00e7\u00fck ka\u00e7aklar\u0131n t\u00fcm sistemi bo\u015faltmas\u0131na m\u00fcsaade etmez. Bu \u00f6zellik sistemin tesisata ba\u011fl\u0131 oldu\u011fu durumda veya dolum sonras\u0131nda silindirdeki t\u00fcm gaz\u0131n bo\u015falt\u0131lmadan test edilebilmesine olanak sa\u011flar.<br \/>\nLPG INERT\u00ae IG-01 80 ve 140 lt kapasiteli silindirlerin i\u00e7inde gaz formunda 200 veya 300 barl\u0131k bas\u0131n\u00e7 alt\u0131nda muhafaza edilir. Ayn\u0131 mahal i\u00e7in 300 barl\u0131k sistem daha az say\u0131da silindir ihtiyac\u0131 gerektirir. Dolay\u0131s\u0131yla sistem daha az bir alana ihtiya\u00e7 duyar.<br \/>\nBu alternatif sistemler, sistem kurulumu i\u00e7in ihtiya\u00e7 duyulan alan ve yat\u0131r\u0131m maliyeti aras\u0131nda optimizasyon yapma imkan\u0131 sa\u011flar.<br \/>\nLPG INERT\u00ae IG-01 Gaz bo\u015fal\u0131m\u0131 esnas\u0131nda mahal i\u00e7erisinde g\u00f6r\u00fc\u015f netli\u011fi sa\u011flar. Dolay\u0131s\u0131yla insanl\u0131 mahallerde gaz bo\u015fal\u0131m\u0131 esnas\u0131nda dahi sa\u011flad\u0131\u011f\u0131 g\u00f6r\u00fc\u015f a\u00e7\u0131kl\u0131\u011f\u0131 sayesinde \u00e7\u0131k\u0131\u015flar\u0131n ve ka\u00e7\u0131\u015f yollar\u0131n\u0131n g\u00f6r\u00fclebilmesine olanak sa\u011flar.<\/span><\/p>\n<\/td>\n<\/tr>\n<\/tbody>\n<\/table>\n<\/td>\n<\/tr>\n<\/tbody>\n<\/table>\n<\/td>\n<\/tr>\n<\/tbody>\n<\/table>\n<p>[\/vc_column_text][\/vc_column][vc_column width=&#8221;1\/2&#8243;][vc_single_image image=&#8221;71318&#8243; img_size=&#8221;full&#8221; add_caption=&#8221;yes&#8221; onclick=&#8221;link_image&#8221;][\/vc_column][\/vc_row]<\/p>\n","protected":false},"excerpt":{"rendered":"<p>[vc_row type=&#8221;container&#8221; padding_top=&#8221;&#8221; padding_bottom=&#8221;&#8221; css=&#8221;.vc_custom_1449063077218{margin-bottom: 20px !important;}&#8221;][vc_column][vc_column_text] Argon Gazl\u0131 S\u00f6nd\u00fcrme Sistemleri VdS onayl\u0131 IG-01 Argon gazl\u0131 yang\u0131n s\u00f6nd\u00fcrme sistemleri TS EN 14005, ISO 14520 ve NFPA 2001 standartlar\u0131nda tan\u0131mlanm\u0131\u015f inert gazd\u0131r. Ar\u015fivler, m\u00fczeler, k\u00fct\u00fcphaneler ve depolar gibi korunan hacmin b\u00fcy\u00fck oldu\u011fu mahallerde kullan\u0131lmaktad\u0131r. Uygulamadan sonra Toksit madde b\u0131rakmayan, elektriksel olarak iletken olmayan, uygulama s\u0131ras\u0131nda g\u00f6r\u00fc\u015f kayb\u0131na sebep olmayan ve insanlara zarar vermeyen Argon gaz\u0131, 200 bar ve 300bar olmak \u00fczere 2 farkl\u0131 bas\u0131n\u00e7 kapasitesinde kullan\u0131labilir. Lokal gaz dolumu yapan tesislerde yeniden dolumu kolayl\u0131kla ger\u00e7ekle\u015ftirilir. Se\u00e7ici vanal\u0131 sistemlere uygundur. Tek bir t\u00fcp gurubuyla birden fazla mahal korunabilir. LPG INERT\u00ae IG-01 (ARGON) atmosferde bulunan asal bir gazd\u0131r. Dolay\u0131s\u0131yla sera etkisi ve ozona [&hellip;]<\/p>\n","protected":false},"author":3,"featured_media":70695,"parent":122,"menu_order":1,"comment_status":"closed","ping_status":"closed","template":"","meta":{"footnotes":""},"class_list":["post-71315","page","type-page","status-publish","has-post-thumbnail","hentry"],"_links":{"self":[{"href":"http:\/\/spkyangin.com\/index.php?rest_route=\/wp\/v2\/pages\/71315","targetHints":{"allow":["GET"]}}],"collection":[{"href":"http:\/\/spkyangin.com\/index.php?rest_route=\/wp\/v2\/pages"}],"about":[{"href":"http:\/\/spkyangin.com\/index.php?rest_route=\/wp\/v2\/types\/page"}],"author":[{"embeddable":true,"href":"http:\/\/spkyangin.com\/index.php?rest_route=\/wp\/v2\/users\/3"}],"replies":[{"embeddable":true,"href":"http:\/\/spkyangin.com\/index.php?rest_route=%2Fwp%2Fv2%2Fcomments&post=71315"}],"version-history":[{"count":1,"href":"http:\/\/spkyangin.com\/index.php?rest_route=\/wp\/v2\/pages\/71315\/revisions"}],"predecessor-version":[{"id":71657,"href":"http:\/\/spkyangin.com\/index.php?rest_route=\/wp\/v2\/pages\/71315\/revisions\/71657"}],"up":[{"embeddable":true,"href":"http:\/\/spkyangin.com\/index.php?rest_route=\/wp\/v2\/pages\/122"}],"wp:featuredmedia":[{"embeddable":true,"href":"http:\/\/spkyangin.com\/index.php?rest_route=\/"}],"wp:attachment":[{"href":"http:\/\/spkyangin.com\/index.php?rest_route=%2Fwp%2Fv2%2Fmedia&parent=71315"}],"curies":[{"name":"wp","href":"https:\/\/api.w.org\/{rel}","templated":true}]}}