{"id":71310,"date":"2017-04-30T09:49:23","date_gmt":"2017-04-30T09:49:23","guid":{"rendered":"http:\/\/www.spkyangin.com\/?page_id=71310"},"modified":"2026-03-14T21:39:34","modified_gmt":"2026-03-14T21:39:34","slug":"novec-1230-gazli-sondurme-sistemleri","status":"publish","type":"page","link":"http:\/\/spkyangin.com\/?page_id=71310","title":{"rendered":"Novec 1230 Gazl\u0131 S\u00f6nd\u00fcrme Sistemleri"},"content":{"rendered":"<p>[vc_row type=&#8221;container&#8221; padding_top=&#8221;&#8221; padding_bottom=&#8221;&#8221; css=&#8221;.vc_custom_1449063077218{margin-bottom: 20px !important;}&#8221;][vc_column][vc_column_text]<\/p>\n<p class=\"rtejustify\">3M\u2122 Novec 1230 Temiz Gazl\u0131 S\u00f6nd\u00fcrme Sistemleri 3M\u2122 Novec 1230 bug\u00fcn d\u00fcnyada bir \u00e7ok uluslararas\u0131 Standart ve Organizasyon taraf\u0131ndan onay g\u00f6rm\u00fc\u015f tercih edilen alternatif haline gelmi\u015ftir.<\/p>\n<p class=\"rtejustify\"><strong>Faydalar\u0131:<\/strong><\/p>\n<ul>\n<li class=\"rtejustify\">Ozon tabakas\u0131na s\u0131f\u0131r zarar<\/li>\n<li class=\"rtejustify\">K\u00fcresel \u0131s\u0131nma potansiyel de\u011feri birdir<\/li>\n<li class=\"rtejustify\">Temiz, renksiz, kokusuz gaz<\/li>\n<li class=\"rtejustify\">Kolay tekrar dolum<\/li>\n<li class=\"rtejustify\">10 saniyede bo\u015falma<\/li>\n<\/ul>\n<p class=\"rtejustify\"><strong>Uygulamalar:<\/strong><\/p>\n<ul>\n<li class=\"rtejustify\">Enerji \u00fcretim tesisleri Telekom\u00fcnikasyon merkezleri,<\/li>\n<li class=\"rtejustify\">Bilgi \u0130\u015flem ve Veri Merkezleri (DATA CENTER)<\/li>\n<li class=\"rtejustify\">Sunucu-Sistem Odalar\u0131,<\/li>\n<li class=\"rtejustify\">\u00d6zel Elektronik Kontrol Odalar\u0131<\/li>\n<li class=\"rtejustify\">Elektrik (AG-OG) Odalar\u0131 M\u00fczeler,<\/li>\n<li class=\"rtejustify\">Ar\u015fiv ve K\u00fct\u00fcphaneler<\/li>\n<li class=\"rtejustify\">Petrol ve gaz end\u00fcstri tesisleri Askeri ve sivil marinalar<\/li>\n<li class=\"rtejustify\">Trafo Merkezleri<\/li>\n<li class=\"rtejustify\">Nitelikli Laboratuvarlar ve Kimya Depolar\u0131 Rayl\u0131 Sistem,<\/li>\n<li class=\"rtejustify\">Demiryolu, Metro, Hava alan\u0131, Liman projeleri ( Ula\u015ft\u0131rma Sekt\u00f6r\u00fc)<\/li>\n<\/ul>\n<p class=\"rtejustify\">Temiz s\u00f6nd\u00fcr\u00fcc\u00fclerle sa\u011flanan teknik geli\u015fmelerle birlikte halokarbon grubu s\u00f6nd\u00fcr\u00fcc\u00fcler Halon 1301 kar\u015f\u0131s\u0131nda, \u00e7evresel etkile\u015fim parametrelerinde \u00f6nemli bir iyile\u015fme sa\u011flamaktad\u0131r. Bu iyile\u015fmeler sonucu 1301 \u00e7evreye verdi\u011fi zarardan dolay\u0131 Montreal protokol\u00fc \u00e7er\u00e7evesinde, \u00fclkemizin de i\u00e7inde bulundu\u011fu \u00fclkelerden yasaklanm\u0131\u015ft\u0131r. Art\u0131k 3M\u2122 Novec 1230 \u00e7\u0131tay\u0131 daha yukar\u0131 \u00e7\u0131karan baz\u0131 de\u011fi\u015fiklikleri s\u00f6nd\u00fcr\u00fcc\u00fc piyasalar\u0131na getirmi\u015ftir.<\/p>\n<p class=\"rtejustify\">3M\u2122 Novec 1230 s\u00f6nd\u00fcr\u00fcc\u00fcs\u00fc \u00f6zel tehlike s\u0131n\u0131flar\u0131ndaki yang\u0131n koruma i\u00e7in uzun \u00f6m\u00fcrl\u00fc, s\u00fcrd\u00fcr\u00fclebilir \u00e7\u00f6z\u00fcmd\u00fcr. Bu ikinci nesil Halon alternatifi, y\u00fcksek insan g\u00fcvenli\u011fi ve \u00fcst\u00fcn s\u00f6nd\u00fcrme performans\u0131 sa\u011flarken \u00e7evreye minimum etki yapmaktad\u0131r. Ozon tabakas\u0131na delme katsay\u0131s\u0131(ODP) s\u0131f\u0131rd\u0131r. Sadece 5 g\u00fcnl\u00fck atmosferik \u00f6mre sahip ve sera etkisi katsay\u0131s\u0131 (GWP) 1\u2019dir.<\/p>\n<p class=\"rtejustify\"><strong>3M\u2122 Novec 1230, S\u00f6nd\u00fcrme Sistemlerinde Ne t\u00fcr Yenilikler Getiriyor?<\/strong><\/p>\n<p class=\"rtejustify\">S\u0131v\u0131 halde bidonlarda depolanmas\u0131ndan dolay\u0131, depolama kolayl\u0131\u011f\u0131 ve havayolu ile s\u0131n\u0131rlama ve yasaklamaya u\u011framadan kolay nakledilebilme imkan\u0131 sunuyor. Karma\u015f\u0131k dolum tesislerine ihtiya\u00e7 duyulmadan \u00e7ok basit bir i\u015flemle gerekirse, yerinde dolum imkan\u0131 sunuyor. Yasaklanm\u0131\u015f halon ve mevcut di\u011fer s\u00f6nd\u00fcrme sistemlerinde, standard\u0131na uygunluk durumuna g\u00f6re basit de\u011fi\u015fikliklerle kullanabilme imkan\u0131 sunuyor. 3M firmas\u0131 gaz\u0131 \u00fcretmesine kar\u015f\u0131n kendisi direkt olarak Yang\u0131n s\u00f6nd\u00fcrme piyasas\u0131na sunmamaktad\u0131r. Amerika rekabet kurulu taraf\u0131ndan kontrol edilen markette bir \u00e7ok yang\u0131n firmas\u0131 gaz\u0131 kullanarak kendi sistemlerine uygun hale getirmi\u015f ve gerekli sertifikalar\u0131 alarak piyasaya rekabet\u00e7i olarak sunmaktad\u0131r. K\u0131ymetli Sistemleriniz ve \u00fcr\u00fcnleriniz i\u00e7in yang\u0131n s\u00f6nd\u00fcrme sistemleri 3M\u2122 Novec 1230 Sistemleri, 3M\u2122 Novec 1230 i\u00e7erir ve k\u0131ymetli e\u015fyalar\u0131n\u0131z\u0131n bulundu\u011fu ortamlar\u0131 korumada bir \u00e7\u00f6z\u00fcm alternatifi olarak yarat\u0131lm\u0131\u015ft\u0131r.<\/p>\n<p class=\"rtejustify\">&gt;3M\u2122 Novec 1230 \u00e7evre dostu oldu\u011fu kan\u0131tlanm\u0131\u015f temiz gazl\u0131 s\u00f6nd\u00fcrme sistemidir. Bug\u00fcn\u00fcn ihtiyac\u0131 \u00e7abuk s\u00f6nd\u00fcrme, s\u00fcrd\u00fcr\u00fclebilirlik, insan bulunan mahallerde d\u00fc\u015f\u00fck emisyon de\u011ferli ve ozon tabakas\u0131na s\u0131f\u0131r etkisi olan bir temiz gazd\u0131r. 3M\u2122 Novec 1230 sistemi LPCB, UL ve FM onaylar\u0131na sahiptir ve EN15004, NFPA 2001, ISO 14520 i\u00e7inde yer almaktad\u0131r. H\u0131zl\u0131 ve Etkili Koruma 3M\u2122 Novec 1230 sistemleri h\u0131zl\u0131 \u00e7al\u0131\u015fma ve \u0131s\u0131y\u0131 absorbe etme prensibine g\u00f6re dizayn edilmi\u015ftir. Aktive edildi\u011fide 10 saniye i\u00e7erisinde A,B,C s\u0131n\u0131f\u0131ndaki yang\u0131nlar\u0131 durdurur ve yay\u0131lmas\u0131na olanak vermez. Tekrar dolum Y\u00fcksek kaynama s\u0131cakl\u0131\u011f\u0131ndan dolay\u0131 (49C) 3M\u2122 Novec 1230 sistemleri bas\u0131n\u00e7l\u0131 silindirler yerine d\u00fc\u015f\u00fck a\u011f\u0131rl\u0131kl\u0131 bidonlar ile ta\u015f\u0131n\u0131labilir. Di\u011fer gazlar\u0131n aksine, bas\u0131n\u00e7land\u0131r\u0131lmam\u0131\u015f novec silindirleri ta\u015f\u0131mak i\u00e7in hava ta\u015f\u0131mac\u0131l\u0131\u011f\u0131 kabul edilebilir bir y\u00f6ntemdir. D\u00fc\u015f\u00fck bas\u0131n\u00e7 teknolojisi 3M\u2122 Novec 1230 Sistemleri, 25 barda \u00e7al\u0131\u015fmas\u0131 ve bu bas\u0131n\u00e7ta homojen bir da\u011f\u0131l\u0131ma ula\u015fmas\u0131 sayesinde uluslar aras\u0131 onaylar edinmi\u015ftir.<\/p>\n<p>[\/vc_column_text][\/vc_column][vc_column width=&#8221;1\/2&#8243;][vc_single_image image=&#8221;71311&#8243; img_size=&#8221;full&#8221; add_caption=&#8221;yes&#8221; onclick=&#8221;link_image&#8221;][\/vc_column][\/vc_row]<\/p>\n","protected":false},"excerpt":{"rendered":"<p>[vc_row type=&#8221;container&#8221; padding_top=&#8221;&#8221; padding_bottom=&#8221;&#8221; css=&#8221;.vc_custom_1449063077218{margin-bottom: 20px !important;}&#8221;][vc_column][vc_column_text] 3M\u2122 Novec 1230 Temiz Gazl\u0131 S\u00f6nd\u00fcrme Sistemleri 3M\u2122 Novec 1230 bug\u00fcn d\u00fcnyada bir \u00e7ok uluslararas\u0131 Standart ve Organizasyon taraf\u0131ndan onay g\u00f6rm\u00fc\u015f tercih edilen alternatif haline gelmi\u015ftir. Faydalar\u0131: Ozon tabakas\u0131na s\u0131f\u0131r zarar K\u00fcresel \u0131s\u0131nma potansiyel de\u011feri birdir Temiz, renksiz, kokusuz gaz Kolay tekrar dolum 10 saniyede bo\u015falma Uygulamalar: Enerji \u00fcretim tesisleri Telekom\u00fcnikasyon merkezleri, Bilgi \u0130\u015flem ve Veri Merkezleri (DATA CENTER) Sunucu-Sistem Odalar\u0131, \u00d6zel Elektronik Kontrol Odalar\u0131 Elektrik (AG-OG) Odalar\u0131 M\u00fczeler, Ar\u015fiv ve K\u00fct\u00fcphaneler Petrol ve gaz end\u00fcstri tesisleri Askeri ve sivil marinalar Trafo Merkezleri Nitelikli Laboratuvarlar ve Kimya Depolar\u0131 Rayl\u0131 Sistem, Demiryolu, Metro, Hava alan\u0131, Liman projeleri ( Ula\u015ft\u0131rma Sekt\u00f6r\u00fc) Temiz s\u00f6nd\u00fcr\u00fcc\u00fclerle sa\u011flanan teknik [&hellip;]<\/p>\n","protected":false},"author":3,"featured_media":70695,"parent":122,"menu_order":1,"comment_status":"closed","ping_status":"closed","template":"","meta":{"footnotes":""},"class_list":["post-71310","page","type-page","status-publish","has-post-thumbnail","hentry"],"_links":{"self":[{"href":"http:\/\/spkyangin.com\/index.php?rest_route=\/wp\/v2\/pages\/71310","targetHints":{"allow":["GET"]}}],"collection":[{"href":"http:\/\/spkyangin.com\/index.php?rest_route=\/wp\/v2\/pages"}],"about":[{"href":"http:\/\/spkyangin.com\/index.php?rest_route=\/wp\/v2\/types\/page"}],"author":[{"embeddable":true,"href":"http:\/\/spkyangin.com\/index.php?rest_route=\/wp\/v2\/users\/3"}],"replies":[{"embeddable":true,"href":"http:\/\/spkyangin.com\/index.php?rest_route=%2Fwp%2Fv2%2Fcomments&post=71310"}],"version-history":[{"count":1,"href":"http:\/\/spkyangin.com\/index.php?rest_route=\/wp\/v2\/pages\/71310\/revisions"}],"predecessor-version":[{"id":71660,"href":"http:\/\/spkyangin.com\/index.php?rest_route=\/wp\/v2\/pages\/71310\/revisions\/71660"}],"up":[{"embeddable":true,"href":"http:\/\/spkyangin.com\/index.php?rest_route=\/wp\/v2\/pages\/122"}],"wp:featuredmedia":[{"embeddable":true,"href":"http:\/\/spkyangin.com\/index.php?rest_route=\/"}],"wp:attachment":[{"href":"http:\/\/spkyangin.com\/index.php?rest_route=%2Fwp%2Fv2%2Fmedia&parent=71310"}],"curies":[{"name":"wp","href":"https:\/\/api.w.org\/{rel}","templated":true}]}}