{"id":71306,"date":"2017-04-30T09:35:49","date_gmt":"2017-04-30T09:35:49","guid":{"rendered":"http:\/\/www.spkyangin.com\/?page_id=71306"},"modified":"2026-03-14T21:39:27","modified_gmt":"2026-03-14T21:39:27","slug":"co2-gazli-sondurme-sistemleri","status":"publish","type":"page","link":"http:\/\/spkyangin.com\/?page_id=71306","title":{"rendered":"CO2 Gazl\u0131 S\u00f6nd\u00fcrme Sistemleri"},"content":{"rendered":"<p>[vc_row type=&#8221;container&#8221; padding_top=&#8221;&#8221; padding_bottom=&#8221;&#8221; css=&#8221;.vc_custom_1449063077218{margin-bottom: 20px !important;}&#8221;][vc_column][vc_column_text]CO2 sistemleri insanlar\u0131n bulunmad\u0131\u011f\u0131 mahallerde kullan\u0131labilir. Trafo odas\u0131, jenerat\u00f6r odas\u0131, elektrik odas\u0131 ve klima odas\u0131 gibi insanlar\u0131n kullanmad\u0131\u011f\u0131 mahallerde kullan\u0131labilmektedir. Yang\u0131n tehlikesinin tan\u0131mland\u0131\u011f\u0131 durumlarda lokal olarak da kullan\u0131labilmektedir. Yeniden dolumu lokal gaz dolum firmalar\u0131ndan yap\u0131labilir. Se\u00e7ici vanal\u0131 sistemlere uygundur. Tek bir t\u00fcp gurubuyla birden fazla mahal korunabilir.<\/p>\n<p>Atmosferik bas\u0131n\u00e7lardaki karbondioksit (CO<sub>2<\/sub>), renksiz, kokusuz, ve iletken olmayan, alan\u0131 veya<br \/>\nhacmi korumak i\u00e7in h\u0131zl\u0131ca ve etkili bir \u015fekilde nuf\u00fcz edebilen bir gazd\u0131r. Yo\u011funlu\u011fu, havan\u0131n yo\u011funlu\u011fundan yakla\u015f\u0131k olarak 50% daha fazlad\u0131r. CO<sub>2 <\/sub>y\u00fcksek bas\u0131n\u00e7l\u0131 silindirlerin i\u00e7erisinde s\u0131v\u0131la\u015fm\u0131\u015f olarak saklan\u0131r. CO<sub>2 <\/sub>y\u0131llar boyunca sadece yang\u0131n korumas\u0131 i\u00e7in de\u011fil, ayn\u0131 zamanda di\u011fer ticari alanlarda da etkin olarak kullan\u0131lm\u0131\u015ft\u0131r. CO<sub>2 <\/sub>yang\u0131n\u0131 fiziksel olarak iki ana prensibe dayal\u0131 s\u00f6nd\u00fcr\u00fcr. Uygulama yap\u0131lan mahal i\u00e7erisindeki oksijen seviyesinin %21\u2019den %15 seviyesine hacimsel olarak indirgenmesi (\u00e7o\u011fu yanma t\u00fcrleri bu d\u00fc\u015f\u00fck seviyelerde tutu\u015fma yaratamaz.) ve so\u011futma efekti ile ortamda olu\u015fan \u0131s\u0131y\u0131 so\u011furmas\u0131 sayesinde,CO<sub>2 <\/sub>muhtemel yang\u0131nlar\u0131 ba\u015far\u0131l\u0131 bir performans ile s\u00f6nd\u00fcr\u00fcr. Insanl\u0131 mahallerin korunmas\u0131 noktas\u0131nda CO<sub>2 <\/sub>\u2019nin insanlar taraf\u0131ndan solunmas\u0131 halinde (d\u00fc\u015f\u00fck yo\u011funlukta olsa bile) bo\u011fulmaya ve \u00f6l\u00fcmlere sebep olabilece\u011fi dikkate al\u0131nmal\u0131d\u0131r. Gerekli m\u00fchendislik hesaplamalar\u0131 ve g\u00fcvenlik \u00f6nlemleri alt\u0131nda CO<sub>2 <\/sub>sistemleri boyahaneler, elektrik odalar\u0131, kimyasal madde depolar\u0131, transformat\u00f6rler, ar\u015fivler ve benzeri yerler i\u00e7in etkili \u015fekilde kullan\u0131lmaktad\u0131r.<\/p>\n<p><strong>KULLANILDI\u011eI YERLER;<\/strong><br \/>\nBoyahaneler, ar\u015fivler, trafo odalar\u0131, elektrik odalar\u0131, end\u00fcstriyel ekipmanlar, kimyasal madde depolar\u0131, vb.<\/p>\n<h2><\/h2>\n<p>[\/vc_column_text][\/vc_column][vc_column width=&#8221;1\/2&#8243;][vc_single_image image=&#8221;71308&#8243; img_size=&#8221;full&#8221; add_caption=&#8221;yes&#8221; onclick=&#8221;link_image&#8221;][\/vc_column][\/vc_row]<\/p>\n","protected":false},"excerpt":{"rendered":"<p>[vc_row type=&#8221;container&#8221; padding_top=&#8221;&#8221; padding_bottom=&#8221;&#8221; css=&#8221;.vc_custom_1449063077218{margin-bottom: 20px !important;}&#8221;][vc_column][vc_column_text]CO2 sistemleri insanlar\u0131n bulunmad\u0131\u011f\u0131 mahallerde kullan\u0131labilir. Trafo odas\u0131, jenerat\u00f6r odas\u0131, elektrik odas\u0131 ve klima odas\u0131 gibi insanlar\u0131n kullanmad\u0131\u011f\u0131 mahallerde kullan\u0131labilmektedir. Yang\u0131n tehlikesinin tan\u0131mland\u0131\u011f\u0131 durumlarda lokal olarak da kullan\u0131labilmektedir. Yeniden dolumu lokal gaz dolum firmalar\u0131ndan yap\u0131labilir. Se\u00e7ici vanal\u0131 sistemlere uygundur. Tek bir t\u00fcp gurubuyla birden fazla mahal korunabilir. Atmosferik bas\u0131n\u00e7lardaki karbondioksit (CO2), renksiz, kokusuz, ve iletken olmayan, alan\u0131 veya hacmi korumak i\u00e7in h\u0131zl\u0131ca ve etkili bir \u015fekilde nuf\u00fcz edebilen bir gazd\u0131r. Yo\u011funlu\u011fu, havan\u0131n yo\u011funlu\u011fundan yakla\u015f\u0131k olarak 50% daha fazlad\u0131r. CO2 y\u00fcksek bas\u0131n\u00e7l\u0131 silindirlerin i\u00e7erisinde s\u0131v\u0131la\u015fm\u0131\u015f olarak saklan\u0131r. CO2 y\u0131llar boyunca sadece yang\u0131n korumas\u0131 i\u00e7in de\u011fil, ayn\u0131 zamanda di\u011fer ticari alanlarda da etkin olarak kullan\u0131lm\u0131\u015ft\u0131r. CO2 [&hellip;]<\/p>\n","protected":false},"author":3,"featured_media":70695,"parent":122,"menu_order":1,"comment_status":"closed","ping_status":"closed","template":"","meta":{"footnotes":""},"class_list":["post-71306","page","type-page","status-publish","has-post-thumbnail","hentry"],"_links":{"self":[{"href":"http:\/\/spkyangin.com\/index.php?rest_route=\/wp\/v2\/pages\/71306","targetHints":{"allow":["GET"]}}],"collection":[{"href":"http:\/\/spkyangin.com\/index.php?rest_route=\/wp\/v2\/pages"}],"about":[{"href":"http:\/\/spkyangin.com\/index.php?rest_route=\/wp\/v2\/types\/page"}],"author":[{"embeddable":true,"href":"http:\/\/spkyangin.com\/index.php?rest_route=\/wp\/v2\/users\/3"}],"replies":[{"embeddable":true,"href":"http:\/\/spkyangin.com\/index.php?rest_route=%2Fwp%2Fv2%2Fcomments&post=71306"}],"version-history":[{"count":1,"href":"http:\/\/spkyangin.com\/index.php?rest_route=\/wp\/v2\/pages\/71306\/revisions"}],"predecessor-version":[{"id":71658,"href":"http:\/\/spkyangin.com\/index.php?rest_route=\/wp\/v2\/pages\/71306\/revisions\/71658"}],"up":[{"embeddable":true,"href":"http:\/\/spkyangin.com\/index.php?rest_route=\/wp\/v2\/pages\/122"}],"wp:featuredmedia":[{"embeddable":true,"href":"http:\/\/spkyangin.com\/index.php?rest_route=\/"}],"wp:attachment":[{"href":"http:\/\/spkyangin.com\/index.php?rest_route=%2Fwp%2Fv2%2Fmedia&parent=71306"}],"curies":[{"name":"wp","href":"https:\/\/api.w.org\/{rel}","templated":true}]}}