{"id":71301,"date":"2017-04-30T08:15:56","date_gmt":"2017-04-30T08:15:56","guid":{"rendered":"http:\/\/www.spkyangin.com\/?page_id=71301"},"modified":"2026-03-14T21:39:30","modified_gmt":"2026-03-14T21:39:30","slug":"gazli-sondurme-sistemleri","status":"publish","type":"page","link":"http:\/\/spkyangin.com\/?page_id=71301","title":{"rendered":"FM 200 Gazl\u0131 S\u00f6nd\u00fcrme Sistemleri"},"content":{"rendered":"<p>[vc_row type=&#8221;container&#8221; padding_top=&#8221;&#8221; padding_bottom=&#8221;&#8221; css=&#8221;.vc_custom_1449063077218{margin-bottom: 20px !important;}&#8221;][vc_column][vc_column_text]<\/p>\n<h2>FM 200 Gaz\u0131 | FM 200 Gazl\u0131 S\u00f6nd\u00fcrme Sistemleri<\/h2>\n<p>A\u00e7\u0131\u011fa \u00e7\u0131kan yang\u0131n\u0131n fazla kayba neden olan olmamas\u0131 i\u00e7in; en k\u0131sa s\u00fcrede s\u00f6nd\u00fcr\u00fclmesi gerekmektedir. Aksi halde yang\u0131n\u0131n \u00e7\u0131kt\u0131\u011f\u0131 b\u00f6lgede bulunan \u00e7e\u015fitli sistem ve \u00fcniteler k\u0131sa s\u00fcre i\u00e7erisinde yok olur.\u00a0<strong>FM 200 gazl\u0131 s\u00f6nd\u00fcrme sistemleri<\/strong>; k\u0131sa s\u00fcrede m\u00fcdahale etmesi nedeniyle de\u011fer g\u00f6rmektedir. Yang\u0131n alarm\u0131n\u0131n devreye girmesinden sonra, ate\u015fleme sistemi otomatik olarak olaya m\u00fcdahale eder ve yakla\u015f\u0131k 8 saniyede yan\u0131c\u0131 y\u00fczeye p\u00fcsk\u00fcrme i\u015flemi uygulan\u0131r.<\/p>\n<p>FM 200 yang\u0131n s\u00f6nd\u00fcrme sistemlerinin en \u00f6nemli \u00f6zelliklerinden bir tanesi; yan\u0131c\u0131 y\u00fczeyde ve \u00e7e\u015fitli ekipmanlarda kal\u0131c\u0131 hasar b\u0131rakmamas\u0131 olmaktad\u0131r. Su, k\u00f6p\u00fck ya da kimyasal toz i\u00e7eren yang\u0131n s\u00f6nd\u00fcrme sistemlerinin uyguland\u0131\u011f\u0131 y\u00fczeylerde fiziksel a\u00e7\u0131dan ciddi hasarlar a\u00e7\u0131\u011fa \u00e7\u0131kmaktad\u0131r. Bu problem nedeniyle FM200 gaz\u0131 geli\u015ftirilmi\u015f ve uyguland\u0131\u011f\u0131 y\u00fczeyde fiziksel hasar b\u0131rakmad\u0131\u011f\u0131 i\u00e7in yayg\u0131n olarak kullan\u0131lmaya ba\u015flanm\u0131\u015ft\u0131r. \u00d6zellikle FM200 gaz\u0131yla m\u00fcdahale edilen alanlarda; yang\u0131n sonras\u0131nda herhangi bir temizli\u011fe ihtiya\u00e7 duyulmamas\u0131 da, bu sistemin yayg\u0131n olarak kullan\u0131lmas\u0131ndaki en \u00f6nemli etkendir. Elektrikli cihazlar\u0131n yer ald\u0131\u011f\u0131 alanlarda bile yine sorun te\u015fkil etmemektedir.<\/p>\n<p>FM200 gaz\u0131n\u0131n belli ba\u015fl\u0131 \u00f6zelliklerini s\u0131ralayacak olursak;<\/p>\n<ul>\n<li>Renksiz bir gazd\u0131r.<\/li>\n<li>Koku verme \u00f6zelli\u011fine sahiptir.<\/li>\n<li>\u0130letkenli\u011fi yoktur.<\/li>\n<li>Ozon tabakas\u0131na zarar vermemektedir.<\/li>\n<li>Kimyasal bir gaz olmad\u0131\u011f\u0131 i\u00e7in; insan sa\u011fl\u0131\u011f\u0131n\u0131 tehdit edici unsurlar\u0131 b\u00fcnyesinde bar\u0131nd\u0131rmamaktad\u0131r.<\/li>\n<li>Fiziksel bir gaz olan FM200 gaz\u0131; uygun \u015fekilde kullan\u0131lmas\u0131 durumunda, yan\u0131c\u0131 y\u00fczeye di\u011fer s\u00f6nd\u00fcr\u00fcc\u00fclerin verdi\u011fi hasar\u0131 da vermemektedir.<\/li>\n<li>K\u0131sa s\u00fcre i\u00e7erisinde ilgili ortamda yay\u0131l\u0131r.<\/li>\n<li>Ekonomik bak\u0131mdan di\u011fer s\u00f6nd\u00fcr\u00fcc\u00fclere oranla daha karl\u0131d\u0131r.<\/li>\n<\/ul>\n<p>FM200 yang\u0131n s\u00f6nd\u00fcrme sistemlerinin yayg\u0131n olarak kullan\u0131ld\u0131\u011f\u0131 alanlar ise \u015funlard\u0131r;<\/p>\n<p>Bilgisayar Odalar\u0131, Telefon Santralleri, \u0130leti\u015fim Merkezleri, M\u00fczeler, Sanat Galerileri, Sistem Kontrol Odalar\u0131, Jenerat\u00f6r B\u00f6l\u00fcmleri, G\u00fc\u00e7 Da\u011f\u0131t\u0131m Merkezleri, Banka Kasalar\u0131,\u00a0K\u00fct\u00fcphaneler,\u00a0Teyp, Disket ve Disk gibi Depolama Alanlar\u0131,\u00a0Aseton Gibi Alev Alabilen S\u0131v\u0131 Depolar\u0131[\/vc_column_text][\/vc_column][vc_column width=&#8221;1\/2&#8243;][vc_single_image image=&#8221;71302&#8243; img_size=&#8221;full&#8221; add_caption=&#8221;yes&#8221; onclick=&#8221;link_image&#8221;][\/vc_column][\/vc_row]<\/p>\n","protected":false},"excerpt":{"rendered":"<p>[vc_row type=&#8221;container&#8221; padding_top=&#8221;&#8221; padding_bottom=&#8221;&#8221; css=&#8221;.vc_custom_1449063077218{margin-bottom: 20px !important;}&#8221;][vc_column][vc_column_text] FM 200 Gaz\u0131 | FM 200 Gazl\u0131 S\u00f6nd\u00fcrme Sistemleri A\u00e7\u0131\u011fa \u00e7\u0131kan yang\u0131n\u0131n fazla kayba neden olan olmamas\u0131 i\u00e7in; en k\u0131sa s\u00fcrede s\u00f6nd\u00fcr\u00fclmesi gerekmektedir. Aksi halde yang\u0131n\u0131n \u00e7\u0131kt\u0131\u011f\u0131 b\u00f6lgede bulunan \u00e7e\u015fitli sistem ve \u00fcniteler k\u0131sa s\u00fcre i\u00e7erisinde yok olur.\u00a0FM 200 gazl\u0131 s\u00f6nd\u00fcrme sistemleri; k\u0131sa s\u00fcrede m\u00fcdahale etmesi nedeniyle de\u011fer g\u00f6rmektedir. Yang\u0131n alarm\u0131n\u0131n devreye girmesinden sonra, ate\u015fleme sistemi otomatik olarak olaya m\u00fcdahale eder ve yakla\u015f\u0131k 8 saniyede yan\u0131c\u0131 y\u00fczeye p\u00fcsk\u00fcrme i\u015flemi uygulan\u0131r. FM 200 yang\u0131n s\u00f6nd\u00fcrme sistemlerinin en \u00f6nemli \u00f6zelliklerinden bir tanesi; yan\u0131c\u0131 y\u00fczeyde ve \u00e7e\u015fitli ekipmanlarda kal\u0131c\u0131 hasar b\u0131rakmamas\u0131 olmaktad\u0131r. Su, k\u00f6p\u00fck ya da kimyasal toz i\u00e7eren yang\u0131n s\u00f6nd\u00fcrme sistemlerinin uyguland\u0131\u011f\u0131 y\u00fczeylerde fiziksel a\u00e7\u0131dan [&hellip;]<\/p>\n","protected":false},"author":3,"featured_media":70695,"parent":122,"menu_order":1,"comment_status":"closed","ping_status":"closed","template":"","meta":{"footnotes":""},"class_list":["post-71301","page","type-page","status-publish","has-post-thumbnail","hentry"],"_links":{"self":[{"href":"http:\/\/spkyangin.com\/index.php?rest_route=\/wp\/v2\/pages\/71301","targetHints":{"allow":["GET"]}}],"collection":[{"href":"http:\/\/spkyangin.com\/index.php?rest_route=\/wp\/v2\/pages"}],"about":[{"href":"http:\/\/spkyangin.com\/index.php?rest_route=\/wp\/v2\/types\/page"}],"author":[{"embeddable":true,"href":"http:\/\/spkyangin.com\/index.php?rest_route=\/wp\/v2\/users\/3"}],"replies":[{"embeddable":true,"href":"http:\/\/spkyangin.com\/index.php?rest_route=%2Fwp%2Fv2%2Fcomments&post=71301"}],"version-history":[{"count":1,"href":"http:\/\/spkyangin.com\/index.php?rest_route=\/wp\/v2\/pages\/71301\/revisions"}],"predecessor-version":[{"id":71659,"href":"http:\/\/spkyangin.com\/index.php?rest_route=\/wp\/v2\/pages\/71301\/revisions\/71659"}],"up":[{"embeddable":true,"href":"http:\/\/spkyangin.com\/index.php?rest_route=\/wp\/v2\/pages\/122"}],"wp:featuredmedia":[{"embeddable":true,"href":"http:\/\/spkyangin.com\/index.php?rest_route=\/"}],"wp:attachment":[{"href":"http:\/\/spkyangin.com\/index.php?rest_route=%2Fwp%2Fv2%2Fmedia&parent=71301"}],"curies":[{"name":"wp","href":"https:\/\/api.w.org\/{rel}","templated":true}]}}