{"id":71279,"date":"2017-04-30T07:21:45","date_gmt":"2017-04-30T07:21:45","guid":{"rendered":"http:\/\/www.spkyangin.com\/?page_id=71279"},"modified":"2026-03-14T21:39:12","modified_gmt":"2026-03-14T21:39:12","slug":"on-tepkili-sprinkler-sistemleri","status":"publish","type":"page","link":"http:\/\/spkyangin.com\/?page_id=71279","title":{"rendered":"\u00d6n Tepkili Sprinkler Sistemleri"},"content":{"rendered":"<p>[vc_row type=&#8221;container&#8221; padding_top=&#8221;&#8221; padding_bottom=&#8221;&#8221; css=&#8221;.vc_custom_1449576470084{margin-bottom: 0px !important;}&#8221;][vc_column][vc_column_text]<\/p>\n<p class=\"text\"><strong>\u00d6n Tepkili Sprinkler Sistemi<\/strong><\/p>\n<p>\u00d6n tepkili sprinkler sistemleri a\u015fa\u011f\u0131daki tiplerden biri olmal\u0131d\u0131r:<\/p>\n<p><strong>a &#8211;<\/strong> <strong>Tek Kilitlemeli \u00d6n Tepkili Sprinkler Sistemi<\/strong><\/p>\n<p class=\"text\">Bu sistem normal kuru borulu sprinkler sisteminin di\u011fer \u00e7e\u015fidi olup, \u00f6n tepkili alarm vanas\u0131ndan boru sistemine su ge\u00e7i\u015fi sadece otomatik bir alg\u0131lama sisteminin devreye girmesi ile ba\u015flar. Sprinklerin a\u00e7\u0131lmas\u0131 ile boru sistemine su ge\u00e7i\u015fi olmaz.<\/p>\n<ul>\n<li class=\"text\">Tek kilitlemeli \u00f6n tepkili sprinkler sisteminin, kaza sonucu suyun bo\u015falmas\u0131n\u0131n ciddi<\/li>\n<li class=\"text\">Aktivasyon y\u00f6ntemi mahalde kullan\u0131lmas\u0131 uygun g\u00f6r\u00fclen alg\u0131lama sistemi se\u00e7ene\u011fine g\u00f6re belirlenir. Aktivasyon pn\u00f6matik veya elektrikli olabilir.<\/li>\n<\/ul>\n<p class=\"text\"><strong>b &#8211; Kilitlemesiz \u00d6n Tepkili Sprinkler Sistemi<\/strong><\/p>\n<p class=\"text\">Bu sistem normal kuru borulu sprinkler sisteminin di\u011fer \u00e7e\u015fidi olup, \u00f6n tepkili alarm vanas\u0131ndan boru sistemine su ge\u00e7i\u015fi, sprinklerin a\u00e7\u0131lmas\u0131 ile veya otomatik bir alg\u0131lama sisteminin devreye girmesi ile ba\u015flar. Dedekt\u00f6rlerin tepkisinden ba\u011f\u0131ms\u0131z olarak, boru i\u00e7indeki bas\u0131n\u00e7 d\u00fc\u015fmesi \u00f6n tepkili alarm vanas\u0131n\u0131n a\u00e7\u0131lmas\u0131na sebep olur.<\/p>\n<ul>\n<li class=\"text\">Kilitlemesiz \u00f6n tepkili sprinkler sistemi kuru borulu sistem talep edilen, yang\u0131n yay\u0131l\u0131m\u0131n\u0131n h\u0131zl\u0131 olmas\u0131n\u0131n beklendi\u011fi yerlerde uygulanabilir. Ayn\u0131 zamanda, h\u0131zland\u0131r\u0131c\u0131l\u0131 veya h\u0131zland\u0131r\u0131c\u0131s\u0131z kuru borulu sistemlerin yerine kullan\u0131labilir.<\/li>\n<\/ul>\n<p><span class=\"text\">Aktivasyon y\u00f6ntemi mahalde kullan\u0131lmas\u0131 uygun g\u00f6r\u00fclen alg\u0131lama sistemi se\u00e7ene\u011fine g\u00f6re belirlenir. Aktivasyon pn\u00f6matik veya pn\u00f6matik\/elektrikli olabilir.<\/span><\/p>\n<p class=\"text\"><strong>c &#8211; \u00c7ift Kilitlemeli \u00d6n Tepkili Sprinkler Sistemi<\/strong><\/p>\n<p class=\"text\">Bu sistem normal kuru borulu sprinkler sisteminin di\u011fer \u00e7e\u015fidi olup, \u00f6n tepkili alarm vanas\u0131ndan boru sistemine su ge\u00e7i\u015fi sprinklerin a\u00e7\u0131lmas\u0131 ile ve ayn\u0131 zamanda otomatik bir alg\u0131lama sisteminin devreye girmesi ile ba\u015flar.<\/p>\n<ul>\n<li class=\"text\">\u00c7ift kilitlemeli \u00f6n tepkili sprinkler sisteminin, kaza sonucu suyun bo\u015falmas\u0131n\u0131n ciddi hasarlara sebep olaca\u011f\u0131 yerlerde kullan\u0131lmas\u0131 uygundur. Suyun boru sistemine ge\u00e7i\u015fi iki ba\u011f\u0131ms\u0131z olay\u0131n ger\u00e7ekle\u015fmesi durumunda oldu\u011fundan kaza sonucu bo\u015falma olas\u0131l\u0131\u011f\u0131n\u0131n minimize edildi\u011fi sistem tipidir.<\/li>\n<li class=\"text\">Aktivasyon y\u00f6ntemi mahalde kullan\u0131lmas\u0131 uygun g\u00f6r\u00fclen alg\u0131lama sistemi se\u00e7ene\u011fine g\u00f6re belirlenir. Aktivasyon y\u00f6ntemi pn\u00f6matik\/pn\u00f6matik, pn\u00f6matik\/elektrikli, elektrikli\/ elektrikli olabilir.<\/li>\n<\/ul>\n<p class=\"text\">Kilitlemesiz ve tek kilitlemeli \u00f6n tepkili sistemlerde sistem b\u00fcy\u00fckl\u00fc\u011f\u00fc, en fazla 1000 sprinkler ayn\u0131 \u00f6n tepkili alarm vanas\u0131ndan kontrol edilecek \u015fekilde belirlenmelidir. \u00c7ift kilitlemeli \u00f6n tepkili sistemlerde; tek bir \u00f6n tepkili alarm vanas\u0131 ile kontrol edilen sistem b\u00fcy\u00fckl\u00fc\u011f\u00fc; a\u015fa\u011f\u0131daki maddelerden herhangi birine uygun olarak belirlenmelidir:<\/p>\n<p class=\"text\"><strong>a &#8211;<\/strong> En uzak noktada bulunan test vanas\u0131 tamamen a\u00e7\u0131ld\u0131\u011f\u0131nda ve e\u015f zamanl\u0131 olarak alg\u0131lama sistemi devreye girdi\u011finde, suyun bo\u015falmas\u0131 i\u00e7in ge\u00e7en s\u00fcre en fazla 60 saniye olmal\u0131d\u0131r.<br \/>\n<strong>b &#8211; <\/strong>Sistem b\u00fcy\u00fckl\u00fc\u011f\u00fc; suyun bo\u015falmas\u0131 i\u00e7in ge\u00e7en s\u00fcreyi hesaplayan bilgisayar program\u0131 kullan\u0131larak belirlenmelidir. Hesap program\u0131 ve metodu ulusal olarak tan\u0131nm\u0131\u015f bir laboratuar taraf\u0131ndan onaylanm\u0131\u015f olmal\u0131d\u0131r.<br \/>\n<strong>c- <\/strong>Sistem b\u00fcy\u00fckl\u00fc\u011f\u00fc; ak\u0131\u015f testleri yap\u0131ld\u0131\u011f\u0131nda suyun bo\u015falmas\u0131 i\u00e7in ge\u00e7en s\u00fcre ile ilgili olarak verilen de\u011ferleri sa\u011flayacak \u00f6l\u00e7\u00fcde olmal\u0131d\u0131r. Ak\u0131\u015f testleri, a\u00e7\u0131lacak sprinkler say\u0131s\u0131 sim\u00fcle edilerek yap\u0131l\u0131r.<br \/>\n<strong>d- <\/strong>Yukar\u0131da (a), (b) ve (c) maddelerinde verilen \u015fartlar\u0131n sa\u011flanmas\u0131na yard\u0131mc\u0131 olmak i\u00e7in h\u0131zland\u0131r\u0131c\u0131 kullan\u0131labilir.<\/p>\n<p class=\"text\">\u00d6n tepkili sprinkler sistemlerinde a\u015fa\u011f\u0131daki sprinkler tiplerinin kullan\u0131lmas\u0131na izin verilir:<\/p>\n<ul>\n<li class=\"text\">Dik tip sprinkler<\/li>\n<li class=\"text\">Kuru tip sprinkler<\/li>\n<li class=\"text\">Yatay duvar tipi sprinkler (Boru i\u00e7inde su kalmayacak \u015fekilde yap\u0131lan tesisatlarda)<\/li>\n<li class=\"text\">Sark\u0131k tip ve duvar tipi sprinkler (Sprinkler, boru kolu ve bran\u015fmanlar\u0131n, s\u0131cakl\u0131\u011f\u0131n 4\u00baC \u00fczerinde oldu\u011fu mahallerde bulunmas\u0131 durumunda)<\/li>\n<\/ul>\n<p class=\"text\">Borulamadaki bas\u0131nc\u0131 sa\u011flamak i\u00e7in kullan\u0131lan hava veya nitrojen beslemesi s\u00fcrekli izlenmelidir.<br \/>\nAcil durumlarda \u00f6n tepkili alarm vanas\u0131n\u0131 devreye sokmak i\u00e7in en az bir adet elle bo\u015faltma istasyonu te\u00e7hiz edilmelidir. T\u00fcm \u00f6n tepkili sistem tiplerinde, grid borulama tesisat\u0131 kullan\u0131lamaz. Kilitlemesiz ve \u00e7ift kilitlemeli sistemlerde, hava bas\u0131nc\u0131 en az 0.5 bar olmal\u0131d\u0131r. \u00d6n tepkili sistemlerde hava beslemesi yap\u0131lan kaynak s\u00fcrekli olmal\u0131d\u0131r. Hava beslemesi, sistemin dolumunu 30 dakika i\u00e7inde sa\u011flayacak kapasitede olmal\u0131d\u0131r. Tek kompres\u00f6r ile birden fazla kuru borulu sistem besleniyorsa, 30 dakika dolum s\u00fcresi i\u00e7in en b\u00fcy\u00fck sistem baz al\u0131nmal\u0131d\u0131r. -15\u00baC\u2019nin alt\u0131nda so\u011futulmu\u015f mahallerde, dolum s\u00fcresi 60 dakika al\u0131nabilir.<br \/>\n\u00d6n tepkili sprinkler sistemi ile korunan t\u00fcm oda ve b\u00f6lmelere otomatik alg\u0131lama sistemi yap\u0131lmal\u0131d\u0131r. Alg\u0131lama sistemleri TS EN54 Standard\u0131na uygun olmal\u0131d\u0131r.<br \/>\nBirden fazla \u00f6n tepkili sprinkler sistemi kullan\u0131lan yerlerde, birden fazla sistemin ayn\u0131 anda \u00e7al\u0131\u015fma durumu g\u00f6z \u00f6n\u00fcne al\u0131narak risk de\u011ferlendirmesi yap\u0131lmal\u0131d\u0131r. Birden fazla sistemin ayn\u0131 anda \u00e7al\u0131\u015fma durumunda a\u015fa\u011f\u0131dakiler uygulanmal\u0131d\u0131r:<\/p>\n<ul>\n<li class=\"text\">Depolanan su hacmi toplam \u00f6n tepkili sistem hacmine g\u00f6re artt\u0131r\u0131lmal\u0131d\u0131r.<\/li>\n<li class=\"text\">\u00c7oklu sistemlerde suyun en uzak noktadaki test vanas\u0131ndan bo\u015falma s\u00fcresi 60 saniyeyi ge\u00e7memelidir.<\/li>\n<\/ul>\n<p>[\/vc_column_text][\/vc_column][\/vc_row]<\/p>\n","protected":false},"excerpt":{"rendered":"<p>[vc_row type=&#8221;container&#8221; padding_top=&#8221;&#8221; padding_bottom=&#8221;&#8221; css=&#8221;.vc_custom_1449576470084{margin-bottom: 0px !important;}&#8221;][vc_column][vc_column_text] \u00d6n Tepkili Sprinkler Sistemi \u00d6n tepkili sprinkler sistemleri a\u015fa\u011f\u0131daki tiplerden biri olmal\u0131d\u0131r: a &#8211; Tek Kilitlemeli \u00d6n Tepkili Sprinkler Sistemi Bu sistem normal kuru borulu sprinkler sisteminin di\u011fer \u00e7e\u015fidi olup, \u00f6n tepkili alarm vanas\u0131ndan boru sistemine su ge\u00e7i\u015fi sadece otomatik bir alg\u0131lama sisteminin devreye girmesi ile ba\u015flar. Sprinklerin a\u00e7\u0131lmas\u0131 ile boru sistemine su ge\u00e7i\u015fi olmaz. Tek kilitlemeli \u00f6n tepkili sprinkler sisteminin, kaza sonucu suyun bo\u015falmas\u0131n\u0131n ciddi Aktivasyon y\u00f6ntemi mahalde kullan\u0131lmas\u0131 uygun g\u00f6r\u00fclen alg\u0131lama sistemi se\u00e7ene\u011fine g\u00f6re belirlenir. Aktivasyon pn\u00f6matik veya elektrikli olabilir. b &#8211; Kilitlemesiz \u00d6n Tepkili Sprinkler Sistemi Bu sistem normal kuru borulu sprinkler sisteminin di\u011fer \u00e7e\u015fidi olup, \u00f6n tepkili alarm vanas\u0131ndan [&hellip;]<\/p>\n","protected":false},"author":3,"featured_media":70778,"parent":147,"menu_order":1,"comment_status":"closed","ping_status":"closed","template":"","meta":{"footnotes":""},"class_list":["post-71279","page","type-page","status-publish","has-post-thumbnail","hentry"],"_links":{"self":[{"href":"http:\/\/spkyangin.com\/index.php?rest_route=\/wp\/v2\/pages\/71279","targetHints":{"allow":["GET"]}}],"collection":[{"href":"http:\/\/spkyangin.com\/index.php?rest_route=\/wp\/v2\/pages"}],"about":[{"href":"http:\/\/spkyangin.com\/index.php?rest_route=\/wp\/v2\/types\/page"}],"author":[{"embeddable":true,"href":"http:\/\/spkyangin.com\/index.php?rest_route=\/wp\/v2\/users\/3"}],"replies":[{"embeddable":true,"href":"http:\/\/spkyangin.com\/index.php?rest_route=%2Fwp%2Fv2%2Fcomments&post=71279"}],"version-history":[{"count":1,"href":"http:\/\/spkyangin.com\/index.php?rest_route=\/wp\/v2\/pages\/71279\/revisions"}],"predecessor-version":[{"id":71655,"href":"http:\/\/spkyangin.com\/index.php?rest_route=\/wp\/v2\/pages\/71279\/revisions\/71655"}],"up":[{"embeddable":true,"href":"http:\/\/spkyangin.com\/index.php?rest_route=\/wp\/v2\/pages\/147"}],"wp:featuredmedia":[{"embeddable":true,"href":"http:\/\/spkyangin.com\/index.php?rest_route=\/"}],"wp:attachment":[{"href":"http:\/\/spkyangin.com\/index.php?rest_route=%2Fwp%2Fv2%2Fmedia&parent=71279"}],"curies":[{"name":"wp","href":"https:\/\/api.w.org\/{rel}","templated":true}]}}