{"id":71278,"date":"2017-04-30T07:21:14","date_gmt":"2017-04-30T07:21:14","guid":{"rendered":"http:\/\/www.spkyangin.com\/?page_id=71278"},"modified":"2026-03-14T21:39:00","modified_gmt":"2026-03-14T21:39:00","slug":"baskin-sprinkler-sistemleri","status":"publish","type":"page","link":"http:\/\/spkyangin.com\/?page_id=71278","title":{"rendered":"Bask\u0131n Sprinkler Sistemleri"},"content":{"rendered":"<p>[vc_row type=&#8221;container&#8221; padding_top=&#8221;&#8221; padding_bottom=&#8221;&#8221; css=&#8221;.vc_custom_1449576470084{margin-bottom: 0px !important;}&#8221;][vc_column width=&#8221;1\/2&#8243;][vc_column_text]<\/p>\n<p class=\"text\"><strong>Bask\u0131n Sprinkler Sistemi<\/strong><\/p>\n<p class=\"text\">Bu sistem, yang\u0131n yay\u0131l\u0131m\u0131n\u0131n y\u00fcksek ve h\u0131zl\u0131 olmas\u0131n\u0131n beklendi\u011fi ve suyun yang\u0131n\u0131n meydana gelip yay\u0131laca\u011f\u0131 t\u00fcm alana uygulanmas\u0131n\u0131n istendi\u011fi durumlarda kullan\u0131l\u0131r. Boru tesisat\u0131na a\u00e7\u0131k tip sprinkleri ba\u011flan\u0131r. Borular su veya hava ile bas\u0131n\u00e7land\u0131r\u0131lmaz. Bask\u0131n alarm vanas\u0131 uygun otomatik alg\u0131lama sistemi ile devreye girer. Acil durumlarda bask\u0131n alarm vanas\u0131n\u0131 devreye sokmak i\u00e7in en az bir adet elle bo\u015faltma istasyonu te\u00e7hiz edilmelidir. Bask\u0131n sprinkler sistemi ile korunan t\u00fcm oda ve b\u00f6lmelere otomatik alg\u0131lama sistemi yap\u0131lmal\u0131d\u0131r. Alg\u0131lama sistemleri EN54 Standard\u0131na uygun olmal\u0131d\u0131r. Y\u00fcksek Tehlike S\u0131n\u0131f\u0131 \u0130\u015flem Grup 4 mahallerde, genellikle bask\u0131n sistemlerle koruma sa\u011flan\u0131r. Bask\u0131n sistemlerde; \u00f6zel m\u00fchendislik yakla\u015f\u0131mlar\u0131 ile sprinkler sistemlerinden ayr\u0131 tasar\u0131m yap\u0131lmas\u0131 sebebiyle verilen kurallar bask\u0131n sistem tasar\u0131mlar\u0131nda uygulanmaz.<\/p>\n<p>[\/vc_column_text][\/vc_column][\/vc_row]<\/p>\n","protected":false},"excerpt":{"rendered":"<p>[vc_row type=&#8221;container&#8221; padding_top=&#8221;&#8221; padding_bottom=&#8221;&#8221; css=&#8221;.vc_custom_1449576470084{margin-bottom: 0px !important;}&#8221;][vc_column width=&#8221;1\/2&#8243;][vc_column_text] Bask\u0131n Sprinkler Sistemi Bu sistem, yang\u0131n yay\u0131l\u0131m\u0131n\u0131n y\u00fcksek ve h\u0131zl\u0131 olmas\u0131n\u0131n beklendi\u011fi ve suyun yang\u0131n\u0131n meydana gelip yay\u0131laca\u011f\u0131 t\u00fcm alana uygulanmas\u0131n\u0131n istendi\u011fi durumlarda kullan\u0131l\u0131r. Boru tesisat\u0131na a\u00e7\u0131k tip sprinkleri ba\u011flan\u0131r. Borular su veya hava ile bas\u0131n\u00e7land\u0131r\u0131lmaz. Bask\u0131n alarm vanas\u0131 uygun otomatik alg\u0131lama sistemi ile devreye girer. Acil durumlarda bask\u0131n alarm vanas\u0131n\u0131 devreye sokmak i\u00e7in en az bir adet elle bo\u015faltma istasyonu te\u00e7hiz edilmelidir. Bask\u0131n sprinkler sistemi ile korunan t\u00fcm oda ve b\u00f6lmelere otomatik alg\u0131lama sistemi yap\u0131lmal\u0131d\u0131r. Alg\u0131lama sistemleri EN54 Standard\u0131na uygun olmal\u0131d\u0131r. Y\u00fcksek Tehlike S\u0131n\u0131f\u0131 \u0130\u015flem Grup 4 mahallerde, genellikle bask\u0131n sistemlerle koruma sa\u011flan\u0131r. Bask\u0131n sistemlerde; \u00f6zel m\u00fchendislik yakla\u015f\u0131mlar\u0131 ile sprinkler sistemlerinden [&hellip;]<\/p>\n","protected":false},"author":3,"featured_media":70778,"parent":147,"menu_order":1,"comment_status":"closed","ping_status":"closed","template":"","meta":{"footnotes":""},"class_list":["post-71278","page","type-page","status-publish","has-post-thumbnail","hentry"],"_links":{"self":[{"href":"http:\/\/spkyangin.com\/index.php?rest_route=\/wp\/v2\/pages\/71278","targetHints":{"allow":["GET"]}}],"collection":[{"href":"http:\/\/spkyangin.com\/index.php?rest_route=\/wp\/v2\/pages"}],"about":[{"href":"http:\/\/spkyangin.com\/index.php?rest_route=\/wp\/v2\/types\/page"}],"author":[{"embeddable":true,"href":"http:\/\/spkyangin.com\/index.php?rest_route=\/wp\/v2\/users\/3"}],"replies":[{"embeddable":true,"href":"http:\/\/spkyangin.com\/index.php?rest_route=%2Fwp%2Fv2%2Fcomments&post=71278"}],"version-history":[{"count":1,"href":"http:\/\/spkyangin.com\/index.php?rest_route=\/wp\/v2\/pages\/71278\/revisions"}],"predecessor-version":[{"id":71652,"href":"http:\/\/spkyangin.com\/index.php?rest_route=\/wp\/v2\/pages\/71278\/revisions\/71652"}],"up":[{"embeddable":true,"href":"http:\/\/spkyangin.com\/index.php?rest_route=\/wp\/v2\/pages\/147"}],"wp:featuredmedia":[{"embeddable":true,"href":"http:\/\/spkyangin.com\/index.php?rest_route=\/"}],"wp:attachment":[{"href":"http:\/\/spkyangin.com\/index.php?rest_route=%2Fwp%2Fv2%2Fmedia&parent=71278"}],"curies":[{"name":"wp","href":"https:\/\/api.w.org\/{rel}","templated":true}]}}