{"id":71277,"date":"2017-04-30T07:21:04","date_gmt":"2017-04-30T07:21:04","guid":{"rendered":"http:\/\/www.spkyangin.com\/?page_id=71277"},"modified":"2026-03-14T21:39:09","modified_gmt":"2026-03-14T21:39:09","slug":"kuru-sprinkler-sistemleri","status":"publish","type":"page","link":"http:\/\/spkyangin.com\/?page_id=71277","title":{"rendered":"Kuru Sprinkler Sistemleri"},"content":{"rendered":"<p>[vc_row type=&#8221;container&#8221; padding_top=&#8221;&#8221; padding_bottom=&#8221;&#8221; css=&#8221;.vc_custom_1449576470084{margin-bottom: 0px !important;}&#8221;][vc_column][vc_column_text]<\/p>\n<table border=\"0\" width=\"100%\" cellspacing=\"0\" cellpadding=\"0\">\n<tbody>\n<tr>\n<td align=\"left\">\n<p class=\"text\"><strong>Kuru Borulu Sprinkler Sistemi <\/strong><\/p>\n<p>Kuru borulu sprinkler sistemleri, kuru alarm vanas\u0131n\u0131n \u00fcst k\u0131sm\u0131n\u0131n bas\u0131n\u00e7l\u0131 hava veya inert gaz ile s\u00fcrekli olarak bas\u0131n\u00e7 alt\u0131nda tutuldu\u011fu ve kuru alarm vanas\u0131n\u0131n alt k\u0131sm\u0131n\u0131n su ile bas\u0131n\u00e7 alt\u0131nda tutuldu\u011fu sistemlerdir. Kuru borulu sistemler sadece donma hasar\u0131 olas\u0131l\u0131\u011f\u0131 bulunan mahallerde ve s\u0131cakl\u0131\u011f\u0131n 70 \u00b0C\u2019nin \u00fczerinde oldu\u011fu kurutma f\u0131r\u0131n\u0131 benzeri mahallerde uygulanmal\u0131d\u0131r.<br \/>\n<strong>Not: <\/strong>Y\u00fcksek tehlike s\u0131n\u0131f\u0131 uygulamalar\u0131nda kuru borulu sistemlerin kullan\u0131lmamas\u0131 tavsiye edilir. \u0130lk a\u00e7\u0131lan sprinklere suyun ula\u015fmas\u0131nda olacak gecikme, sistemin verimini ciddi \u015fekilde azaltabilmektedir.<\/p>\n<p>Kuru borulu sprinkler sistemlerinde a\u015fa\u011f\u0131daki sprinkler tiplerinin kullan\u0131lmas\u0131na izin verilir:<\/p>\n<ul>\n<li class=\"text\">Dik tip sprinkler<\/li>\n<li class=\"text\">Kuru tip sprinkler<\/li>\n<li class=\"text\">Yatay duvar tipi sprinkler (Boru i\u00e7inde su kalmayacak \u015fekilde yap\u0131lan tesisatlarda)<\/li>\n<li class=\"text\">Sark\u0131k tip ve duvar tipi sprinkler (Sprinkler, boru kolu ve bran\u015fmanlar\u0131n, s\u0131cakl\u0131\u011f\u0131n 4\u00baC ve \u00fczerinde oldu\u011fu mahallerde bulunmas\u0131 durumunda)<\/li>\n<\/ul>\n<p class=\"text\">Borulamadaki bas\u0131nc\u0131 sa\u011flamak i\u00e7in s\u00fcrekli hava\/inert gaz beslemesi te\u00e7hiz edilmelidir. Alarm vana \u00fcreticisi taraf\u0131ndan tavsiye edilen bas\u0131n\u00e7 de\u011fer aral\u0131\u011f\u0131na g\u00f6re bas\u0131n\u00e7land\u0131r\u0131lmal\u0131d\u0131r. Kuru alarm vanas\u0131na hava beslemesi yap\u0131lan kaynak s\u00fcrekli olmal\u0131d\u0131r. Hava beslemesi, sistemin dolumunu 30 dakika i\u00e7inde sa\u011flayacak kapasitede olmal\u0131d\u0131r. Tek kompres\u00f6r ile birden fazla kuru borulu sistem besleniyorsa, 30 dakika dolum s\u00fcresi i\u00e7in en b\u00fcy\u00fck sistem baz al\u0131nmal\u0131d\u0131r. -15\u00baC\u2019nin alt\u0131nda so\u011futulmu\u015f mahallerde, dolum s\u00fcresi 60 dakika al\u0131nabilir. Klapeyi kapal\u0131 tutacak g\u00fcc\u00fc sa\u011flayan hava bas\u0131nc\u0131, sistem su bas\u0131nc\u0131na g\u00f6re \u00fcretici kataloglar\u0131nda belirtilir. Yakla\u015f\u0131k olarak hava bas\u0131nc\u0131n\u0131n su bas\u0131nc\u0131na oran\u0131 1\/3 al\u0131nabilir. Kesin de\u011ferler i\u00e7in \u00fcretici kataloglar\u0131na bak\u0131lmal\u0131d\u0131r.<\/p>\n<p class=\"text\">Tek bir kuru alarm vanas\u0131 ile kontrol edilen sistem b\u00fcy\u00fckl\u00fc\u011f\u00fc; a\u015fa\u011f\u0131daki maddelerden herhangi birine uygun olarak belirlenmelidir. \u0130stisna olarak, (c) ve (d) maddeleri konut birimlerinde uygulanamaz.<\/p>\n<p>a &#8211; En uzak noktada bulunan test vanas\u0131 tamamen a\u00e7\u0131ld\u0131\u011f\u0131nda, suyun bo\u015falmas\u0131 i\u00e7in ge\u00e7en s\u00fcre en fazla 60 saniye olmal\u0131d\u0131r.<\/p>\n<p><span class=\"text\">b &#8211; Kuru alarm vanas\u0131n\u0131n \u00fcst\u00fcndeki net boru i\u00e7 hacmi <strong>Tablo 2<\/strong>\u2019de verilen de\u011ferlerin \u00fczerinde olmamal\u0131d\u0131r.<\/span><\/p>\n<p class=\"text\">\n<\/td>\n<\/tr>\n<tr>\n<td align=\"left\" height=\"20\"><\/td>\n<\/tr>\n<tr>\n<td align=\"left\" valign=\"top\">\n<table border=\"0\" width=\"100%\" cellspacing=\"2\" cellpadding=\"2\">\n<tbody>\n<tr>\n<td rowspan=\"2\" align=\"left\" bgcolor=\"#f7f7f7\" width=\"39%\"><strong>Tehlike S\u0131n\u0131f\u0131<\/strong><\/td>\n<td colspan=\"2\" align=\"middle\" bgcolor=\"#f7f7f7\" height=\"25\"><strong>Maksimum Boru Hacmi (m\u00b3)<\/strong><\/td>\n<\/tr>\n<tr>\n<td align=\"middle\" bgcolor=\"#f7f7f7\" width=\"61%\" height=\"25\"><strong>H\u0131zland\u0131r\u0131c\u0131l\u0131<\/strong><\/td>\n<td align=\"middle\" bgcolor=\"#f7f7f7\" width=\"61%\"><strong>H\u0131zland\u0131r\u0131c\u0131s\u0131z<\/strong><\/td>\n<\/tr>\n<tr>\n<td align=\"left\" bgcolor=\"#ffffff\" height=\"25\"><strong>D\u00fc\u015f\u00fck Tehlike S\u0131n\u0131f\u0131<\/strong><\/td>\n<td align=\"middle\" bgcolor=\"#ffffff\" height=\"25\">4<\/td>\n<td align=\"middle\" bgcolor=\"#ffffff\">1,5<\/td>\n<\/tr>\n<tr>\n<td align=\"left\" bgcolor=\"#f7f7f7\" height=\"25\"><strong>Orta Tehlike S\u0131n\u0131f\u0131<\/strong><\/td>\n<td align=\"middle\" bgcolor=\"#f7f7f7\" height=\"25\">4<\/td>\n<td align=\"middle\" bgcolor=\"#f7f7f7\">1,5<\/td>\n<\/tr>\n<tr>\n<td align=\"left\" height=\"25\"><strong>Y\u00fcksek Tehlike S\u0131n\u0131f\u0131<\/strong><\/td>\n<td align=\"middle\" height=\"25\">3<\/td>\n<td align=\"middle\">&#8211;<\/td>\n<\/tr>\n<\/tbody>\n<\/table>\n<\/td>\n<\/tr>\n<tr>\n<td align=\"middle\" height=\"25\">Tablo 2 Kuru Borulu Sprinkler Sistemlerinde Maksimum Zon B\u00fcy\u00fckl\u00fc\u011f\u00fc<\/td>\n<\/tr>\n<tr>\n<td align=\"left\"><\/td>\n<\/tr>\n<tr>\n<td class=\"text\" align=\"left\">c &#8211; Net boru i\u00e7 hacminin 1,5 m\u00b3\u2019ten az oldu\u011fu sistemlerde h\u0131zland\u0131r\u0131c\u0131 kullan\u0131lmas\u0131 gerekli de\u011fildir ve suyun bo\u015falmas\u0131 i\u00e7in ge\u00e7en s\u00fcre limitine uyulmas\u0131 gerekmez.<br \/>\nd &#8211; Net boru i\u00e7 hacminin 4 m\u00b3\u2019ten az oldu\u011fu sistemlerde h\u0131zland\u0131r\u0131c\u0131 kullan\u0131lmas\u0131 durumunda, suyun bo\u015falmas\u0131 i\u00e7in ge\u00e7en s\u00fcre limitine uyulmas\u0131 gerekmez.<br \/>\ne &#8211; Sistem b\u00fcy\u00fckl\u00fc\u011f\u00fc; suyun bo\u015falmas\u0131 i\u00e7in ge\u00e7en s\u00fcreye ba\u011fl\u0131 olarak hesap program\u0131 ile yap\u0131lmal\u0131d\u0131r. Hesap program\u0131 ve metodu ulusal olarak tan\u0131nm\u0131\u015f bir laboratuar taraf\u0131ndan onaylanm\u0131\u015f olmal\u0131d\u0131r. Hesaplama, <strong>Tablo 3<\/strong>\u2019de verilen de\u011ferlere uygun olmal\u0131d\u0131r.<\/td>\n<\/tr>\n<tr>\n<td align=\"left\"><\/td>\n<\/tr>\n<tr>\n<td align=\"left\">\n<table border=\"0\" width=\"100%\" cellspacing=\"2\" cellpadding=\"2\">\n<tbody>\n<tr>\n<td align=\"left\" bgcolor=\"#f7f7f7\" width=\"30%\" height=\"40\"><strong>Tehlike S\u0131n\u0131f\u0131<\/strong><\/td>\n<td align=\"middle\" bgcolor=\"#f7f7f7\" width=\"30%\" height=\"40\"><strong>En Uzak Noktada A\u00e7\u0131lacak Sprinkler Say\u0131s\u0131<\/strong><\/td>\n<td align=\"middle\" bgcolor=\"#f7f7f7\" width=\"40%\" height=\"40\"><strong>Maksimum Su Bo\u015falma<br \/>\nS\u00fcresi (sn)<\/strong><\/td>\n<\/tr>\n<tr>\n<td align=\"left\" bgcolor=\"#ffffff\" height=\"25\"><strong>Konut Birimi<\/strong><\/td>\n<td align=\"middle\" bgcolor=\"#ffffff\" height=\"25\">1<\/td>\n<td align=\"middle\" bgcolor=\"#ffffff\">15<\/td>\n<\/tr>\n<tr bgcolor=\"#f7f7f7\">\n<td align=\"left\" height=\"25\"><strong>D\u00fc\u015f\u00fck Tehlike S\u0131n\u0131f\u0131<\/strong><\/td>\n<td align=\"middle\" height=\"25\">1<\/td>\n<td align=\"middle\">60<\/td>\n<\/tr>\n<tr>\n<td align=\"left\" height=\"25\"><strong>Orta Tehlike S\u0131n\u0131f\u0131<\/strong><\/td>\n<td align=\"middle\" height=\"25\">2<\/td>\n<td align=\"middle\">50<\/td>\n<\/tr>\n<tr bgcolor=\"#f7f7f7\">\n<td align=\"left\" height=\"25\"><strong>Y\u00fcksek Tehlike S\u0131n\u0131f\u0131<\/strong><\/td>\n<td align=\"middle\" height=\"25\">4<\/td>\n<td align=\"middle\">45<\/td>\n<\/tr>\n<tr>\n<td align=\"left\" height=\"25\"><strong>Y\u00fcksek Depolama<\/strong><\/td>\n<td align=\"middle\" height=\"25\">4<\/td>\n<td align=\"middle\">40<\/td>\n<\/tr>\n<\/tbody>\n<\/table>\n<\/td>\n<\/tr>\n<tr>\n<td align=\"middle\" height=\"25\">Tablo 3 Kuru Borulu Sprinkler Sistemlerinde Suyun Bo\u015falma S\u00fcresi<\/td>\n<\/tr>\n<tr>\n<td align=\"left\"><\/td>\n<\/tr>\n<tr>\n<td class=\"text\" align=\"left\">f &#8211; Sistem b\u00fcy\u00fckl\u00fc\u011f\u00fc; ak\u0131\u015f testleri yap\u0131ld\u0131\u011f\u0131nda, <strong>Tablo 3<\/strong>\u2019de suyun bo\u015falmas\u0131 i\u00e7in ge\u00e7en s\u00fcre ile ilgili olarak verilen de\u011ferleri sa\u011flayacak \u00f6l\u00e7\u00fcde olmal\u0131d\u0131r. Ak\u0131\u015f testleri, a\u00e7\u0131lacak sprinkler say\u0131s\u0131 sim\u00fcle edilerek yap\u0131lmal\u0131d\u0131r. Tek sprinkler a\u00e7\u0131lmas\u0131 istenen mahaller i\u00e7in, en uzak noktadaki test vanas\u0131 a\u00e7\u0131l\u0131r. Daha fazla say\u0131da sprinkler a\u00e7\u0131lma durumunu sim\u00fcle etmek i\u00e7in, test manifoldu d\u00fczenlemesi gereklidir. 4 sprinkler a\u00e7\u0131lmas\u0131 durumunu test etmek i\u00e7in; her iki bran\u015fman kolundan iki adet sprinkler ak\u0131\u015f\u0131na uygun manifold d\u00fczenlemesi yap\u0131l\u0131r. Yap\u0131lan testlerle gerekli su bo\u015falma s\u00fcreleri kar\u015f\u0131lan\u0131yorsa, (a) ve (e) maddesindeki \u015fartlar aranmaz.Kuru borulu sistemlerde, grid borulama tesisat\u0131 <u>kullan\u0131lmamal\u0131d\u0131r.<\/u><\/td>\n<\/tr>\n<\/tbody>\n<\/table>\n<p>[\/vc_column_text][\/vc_column][\/vc_row]<\/p>\n","protected":false},"excerpt":{"rendered":"<p>[vc_row type=&#8221;container&#8221; padding_top=&#8221;&#8221; padding_bottom=&#8221;&#8221; css=&#8221;.vc_custom_1449576470084{margin-bottom: 0px !important;}&#8221;][vc_column][vc_column_text] Kuru Borulu Sprinkler Sistemi Kuru borulu sprinkler sistemleri, kuru alarm vanas\u0131n\u0131n \u00fcst k\u0131sm\u0131n\u0131n bas\u0131n\u00e7l\u0131 hava veya inert gaz ile s\u00fcrekli olarak bas\u0131n\u00e7 alt\u0131nda tutuldu\u011fu ve kuru alarm vanas\u0131n\u0131n alt k\u0131sm\u0131n\u0131n su ile bas\u0131n\u00e7 alt\u0131nda tutuldu\u011fu sistemlerdir. Kuru borulu sistemler sadece donma hasar\u0131 olas\u0131l\u0131\u011f\u0131 bulunan mahallerde ve s\u0131cakl\u0131\u011f\u0131n 70 \u00b0C\u2019nin \u00fczerinde oldu\u011fu kurutma f\u0131r\u0131n\u0131 benzeri mahallerde uygulanmal\u0131d\u0131r. Not: Y\u00fcksek tehlike s\u0131n\u0131f\u0131 uygulamalar\u0131nda kuru borulu sistemlerin kullan\u0131lmamas\u0131 tavsiye edilir. \u0130lk a\u00e7\u0131lan sprinklere suyun ula\u015fmas\u0131nda olacak gecikme, sistemin verimini ciddi \u015fekilde azaltabilmektedir. Kuru borulu sprinkler sistemlerinde a\u015fa\u011f\u0131daki sprinkler tiplerinin kullan\u0131lmas\u0131na izin verilir: Dik tip sprinkler Kuru tip sprinkler Yatay duvar tipi sprinkler (Boru i\u00e7inde su kalmayacak [&hellip;]<\/p>\n","protected":false},"author":3,"featured_media":70778,"parent":147,"menu_order":1,"comment_status":"closed","ping_status":"closed","template":"","meta":{"footnotes":""},"class_list":["post-71277","page","type-page","status-publish","has-post-thumbnail","hentry"],"_links":{"self":[{"href":"http:\/\/spkyangin.com\/index.php?rest_route=\/wp\/v2\/pages\/71277","targetHints":{"allow":["GET"]}}],"collection":[{"href":"http:\/\/spkyangin.com\/index.php?rest_route=\/wp\/v2\/pages"}],"about":[{"href":"http:\/\/spkyangin.com\/index.php?rest_route=\/wp\/v2\/types\/page"}],"author":[{"embeddable":true,"href":"http:\/\/spkyangin.com\/index.php?rest_route=\/wp\/v2\/users\/3"}],"replies":[{"embeddable":true,"href":"http:\/\/spkyangin.com\/index.php?rest_route=%2Fwp%2Fv2%2Fcomments&post=71277"}],"version-history":[{"count":1,"href":"http:\/\/spkyangin.com\/index.php?rest_route=\/wp\/v2\/pages\/71277\/revisions"}],"predecessor-version":[{"id":71654,"href":"http:\/\/spkyangin.com\/index.php?rest_route=\/wp\/v2\/pages\/71277\/revisions\/71654"}],"up":[{"embeddable":true,"href":"http:\/\/spkyangin.com\/index.php?rest_route=\/wp\/v2\/pages\/147"}],"wp:featuredmedia":[{"embeddable":true,"href":"http:\/\/spkyangin.com\/index.php?rest_route=\/"}],"wp:attachment":[{"href":"http:\/\/spkyangin.com\/index.php?rest_route=%2Fwp%2Fv2%2Fmedia&parent=71277"}],"curies":[{"name":"wp","href":"https:\/\/api.w.org\/{rel}","templated":true}]}}