{"id":71276,"date":"2017-04-30T07:20:54","date_gmt":"2017-04-30T07:20:54","guid":{"rendered":"http:\/\/www.spkyangin.com\/?page_id=71276"},"modified":"2026-03-14T21:39:05","modified_gmt":"2026-03-14T21:39:05","slug":"islak-sprinkler-sistemleri","status":"publish","type":"page","link":"http:\/\/spkyangin.com\/?page_id=71276","title":{"rendered":"Islak Sprinkler Sistemleri"},"content":{"rendered":"<p>[vc_row type=&#8221;container&#8221; padding_top=&#8221;&#8221; padding_bottom=&#8221;&#8221; css=&#8221;.vc_custom_1449576470084{margin-bottom: 0px !important;}&#8221;][vc_column][vc_column_text]<\/p>\n<p class=\"text\"><strong>Islak Borulu Sprinkler Sistemi<\/strong><\/p>\n<p class=\"text\">Islak borulu sprinkler sisteminde borular, s\u00fcrekli olarak bas\u0131n\u00e7l\u0131 su ile dolu durumda tutulur. Sadece donma riski olmayan ve \u00e7evre s\u0131cakl\u0131\u011f\u0131n\u0131n 95 \u00b0C\u2019yi ge\u00e7medi\u011fi yerlerde uygulan\u0131r. Donma riski olan mahallerde bulunan \u0131slak sprinkler sistemi b\u00f6l\u00fcmleri; antifriz sistemi veya elektrikli izlemeli \u0131s\u0131t\u0131c\u0131 kablo sistemi ile korunmal\u0131d\u0131r.<\/p>\n<p>Islak sprinkler sistemleri ortak bir kolondan beslenen zonlara ayr\u0131labilir. Sistem zon b\u00fcy\u00fckl\u00fc\u011f\u00fc; yap\u0131n\u0131n yang\u0131n tehlike s\u0131n\u0131f\u0131na ba\u011fl\u0131 olarak herhangi bir besleme kolonuna (tek bir sistem kolonu veya birle\u015fik sistem kolonu) ba\u011flanan sprinkler sistemin her bir kattaki en b\u00fcy\u00fck zon alan\u0131, d\u00fc\u015f\u00fck ve orta tehlike s\u0131n\u0131f\u0131 i\u00e7in en fazla 4831 m\u00b2 ve y\u00fcksek tehlike s\u0131n\u0131f\u0131 i\u00e7in hidrolik hesap yap\u0131lan sistemlerde en fazla 3716 m\u00b2 olmal\u0131d\u0131r. Y\u00fcksek tehlike s\u0131n\u0131f\u0131 mahaller i\u00e7in boru tablosu y\u00f6nteminin kullan\u0131ld\u0131\u011f\u0131 baz\u0131 durumlarda, zon alan\u0131 en fazla 2323 m\u00b2\u2019dir.<\/p>\n<p><span class=\"text\">Tesis ve yap\u0131n\u0131n yang\u0131n tehlike s\u0131n\u0131f\u0131na ba\u011fl\u0131 olarak sprinkler sisteminin tek bir sistem kolonu veya birle\u015fik sistem kolonuna ba\u011flanan sprinklerin korudu\u011fu herhangi bir kattaki maksimum kat alan\u0131 <strong>Tablo 1<\/strong>\u2019de verilen de\u011ferlerin \u00fczerinde olmamal\u0131d\u0131r.<\/span><\/p>\n<p>&nbsp;<\/p>\n<table border=\"0\" width=\"558\" cellspacing=\"0\" cellpadding=\"0\">\n<tbody>\n<tr>\n<td align=\"left\" valign=\"top\">\n<table border=\"0\" width=\"100%\" cellspacing=\"2\" cellpadding=\"2\">\n<tbody>\n<tr>\n<td align=\"center\" bgcolor=\"#f7f7f7\" width=\"39%\" height=\"25\"><strong>Tehlike S\u0131n\u0131f\u0131<\/strong><\/td>\n<td align=\"center\" bgcolor=\"#f7f7f7\" width=\"61%\" height=\"25\"><strong>Maksimum Zon Alan\u0131 (m\u00b2)<\/strong><\/td>\n<\/tr>\n<tr>\n<td align=\"center\" height=\"25\">DT<\/td>\n<td align=\"center\" height=\"25\">4831<\/td>\n<\/tr>\n<tr>\n<td align=\"center\" bgcolor=\"#f7f7f7\" height=\"25\">OT<\/td>\n<td align=\"center\" bgcolor=\"#f7f7f7\" height=\"25\">4831<\/td>\n<\/tr>\n<tr>\n<td align=\"center\" height=\"25\">YT<\/td>\n<td align=\"center\" height=\"25\">3716 (Hidrolik hesap y\u00f6ntemi i\u00e7in) 2323<br \/>\n(Boru tablo y\u00f6ntemi i\u00e7in)<\/td>\n<\/tr>\n<\/tbody>\n<\/table>\n<\/td>\n<\/tr>\n<tr>\n<td align=\"center\" height=\"25\">Tablo 1 &#8211; Islak Borulu Sprinkler Sistemlerinde Maksimum Zon B\u00fcy\u00fckl\u00fc\u011f\u00fc<\/p>\n<p>&nbsp;<\/p>\n<p class=\"text\">Y\u00fcksek depolama alanlar\u0131nda, herhangi bir besleme kolonuna ba\u011flanan her bir kattaki maksimum kat alan\u0131 3716 m\u00b2\u2019nin \u00fczerinde olmamal\u0131d\u0131r. Bir sprinkler zonu birden fazla kata veya ayr\u0131 kullan\u0131m b\u00f6lgesine hitap ediyorsa, katlar\u0131n veya b\u00f6lgelerin giri\u015fine izlenebilir kesme vanas\u0131, ak\u0131\u015f anahtar\u0131 ve test ve drenaj vanas\u0131 konulmal\u0131d\u0131r.<\/p>\n<p class=\"text\">Y\u00fcksek binalarda, maksimum statik bas\u0131nc\u0131n sprinkler sistemi ekipman\u0131n\u0131n limit de\u011ferleri i\u00e7inde kalmas\u0131 sa\u011flanmal\u0131d\u0131r. Zonlara ayr\u0131lm\u0131\u015f sprinkler tesisatlar\u0131nda vanalar\u0131n a\u00e7\u0131k veya kapal\u0131 durumu ile zon su ak\u0131\u015f durumunu izlemek i\u00e7in gerekli cihazlar te\u00e7hiz edilmeli ve tesiste ula\u015f\u0131labilir bir yerde bulunan bir kontrol ve g\u00f6sterge paneline elektrik ba\u011flant\u0131l\u0131 olmal\u0131d\u0131r. Yang\u0131n ve ar\u0131za sinyalleri s\u00fcrekli olarak izlenmelidir. Loop ve grid borulama sistemleri sadece \u0131slak borulu sprinkler sistemlerinde kullan\u0131labilir.<\/p>\n<p class=\"text\">Antifriz s\u0131v\u0131s\u0131 ile korunan \u0131slak borulu sprinkler sistemi b\u00f6l\u00fcmleri a\u015fa\u011f\u0131da belirtilen kurallara uygun tasarlanmal\u0131d\u0131r:<\/p>\n<p>a &#8211; Antifriz s\u0131v\u0131s\u0131 ile korunan her bir \u0131slak sprinkler boru b\u00f6l\u00fcm\u00fcndeki sprinkler say\u0131s\u0131 20 adedi ge\u00e7emez.<br \/>\nb &#8211; Bir adet kontrol vana seti ile iki antifriz b\u00f6l\u00fcm\u00fcnden daha fazla say\u0131da b\u00f6l\u00fcm kontrol ediliyorsa, antifriz b\u00f6lmelerindeki toplam sprinkler say\u0131s\u0131 100 adedi ge\u00e7emez.<br \/>\nc &#8211; Antifriz s\u0131v\u0131s\u0131n\u0131n donma noktas\u0131 bulundu\u011fu lokasyonda beklenen minimum s\u0131cakl\u0131\u011f\u0131n alt\u0131nda olmal\u0131d\u0131r. d &#8211; Haz\u0131rlanan \u00e7\u00f6zeltinin \u00f6zg\u00fcl a\u011f\u0131rl\u0131\u011f\u0131 uygun bir hidrometre ile kontrol edilmelidir.<br \/>\ne &#8211; Antifriz s\u0131v\u0131s\u0131 kullan\u0131lan sistemlerde suda kirlili\u011fi \u00f6nleyici geri ak\u0131\u015f \u00f6nleyici cihazlar kullan\u0131lmal\u0131d\u0131r.<\/p>\n<p class=\"text\">Elektrikli izlemeli \u0131s\u0131t\u0131c\u0131 kablolar ile korunan \u0131slak borulu sprinkler sistemi b\u00f6l\u00fcmleri a\u015fa\u011f\u0131da belirtilen kurallara uygun tasarlanmal\u0131d\u0131r:<\/p>\n<p>a &#8211; \u0130zlemeli \u0131s\u0131tma sistemi g\u00fc\u00e7 beslemesi ve \u0131s\u0131t\u0131c\u0131 eleman ve sensorlar\u0131n \u00e7al\u0131\u015fma durumu izlenmelidir.<br \/>\nb &#8211; Borulaman\u0131n A1 ve A2 veya e\u015fde\u011fer izolasyon ile korunmas\u0131 sa\u011flanmal\u0131d\u0131r. Is\u0131t\u0131lan borular; suya dayan\u0131ml\u0131 malzeme ile kapl\u0131 ve minimum 25 mm kal\u0131nl\u0131ktaki A1, A2 veya e\u015fde\u011fer izolasyon s\u0131n\u0131f\u0131ndaki malzeme ile kaplanmal\u0131d\u0131r. T\u00fcm u\u00e7lar\u0131n suya kar\u015f\u0131 s\u0131zd\u0131rmazl\u0131\u011f\u0131 sa\u011flanmal\u0131d\u0131r.<br \/>\nc &#8211; Borular \u00e7ift kablolu \u0131s\u0131t\u0131c\u0131 sistemle \u0131s\u0131t\u0131lmal\u0131d\u0131r. Her \u0131s\u0131t\u0131c\u0131 kablo tek ba\u015f\u0131na boru s\u0131cakl\u0131\u011f\u0131n\u0131 +4\u00b0C\u2019nin alt\u0131na d\u00fc\u015f\u00fcrmeyecek kapasitede olmal\u0131d\u0131r. Her \u0131s\u0131t\u0131c\u0131 kablo ba\u011f\u0131ms\u0131z \u015feklide elektriksel olarak izlenmelidir.<br \/>\nd &#8211; Is\u0131t\u0131c\u0131 kablolar birbirinin \u00fczerinden ge\u00e7irilmemelidir. Is\u0131t\u0131c\u0131 kablolar sprinklerin \u00fczerinde bulundu\u011fu boru par\u00e7as\u0131n\u0131n di\u011fer taraf\u0131 \u00fczerine ba\u011flanmal\u0131d\u0131r. Boru u\u00e7lar\u0131na 25 mm mesafe i\u00e7inde kalacak \u015fekilde yerle\u015fim yap\u0131lmal\u0131d\u0131r. Is\u0131t\u0131c\u0131 kablolar\u0131n maksimum de\u011feri 10 W\/m olmal\u0131d\u0131r.<\/p>\n<p>&nbsp;<\/td>\n<\/tr>\n<\/tbody>\n<\/table>\n<p>[\/vc_column_text][\/vc_column][\/vc_row]<\/p>\n","protected":false},"excerpt":{"rendered":"<p>[vc_row type=&#8221;container&#8221; padding_top=&#8221;&#8221; padding_bottom=&#8221;&#8221; css=&#8221;.vc_custom_1449576470084{margin-bottom: 0px !important;}&#8221;][vc_column][vc_column_text] Islak Borulu Sprinkler Sistemi Islak borulu sprinkler sisteminde borular, s\u00fcrekli olarak bas\u0131n\u00e7l\u0131 su ile dolu durumda tutulur. Sadece donma riski olmayan ve \u00e7evre s\u0131cakl\u0131\u011f\u0131n\u0131n 95 \u00b0C\u2019yi ge\u00e7medi\u011fi yerlerde uygulan\u0131r. Donma riski olan mahallerde bulunan \u0131slak sprinkler sistemi b\u00f6l\u00fcmleri; antifriz sistemi veya elektrikli izlemeli \u0131s\u0131t\u0131c\u0131 kablo sistemi ile korunmal\u0131d\u0131r. Islak sprinkler sistemleri ortak bir kolondan beslenen zonlara ayr\u0131labilir. Sistem zon b\u00fcy\u00fckl\u00fc\u011f\u00fc; yap\u0131n\u0131n yang\u0131n tehlike s\u0131n\u0131f\u0131na ba\u011fl\u0131 olarak herhangi bir besleme kolonuna (tek bir sistem kolonu veya birle\u015fik sistem kolonu) ba\u011flanan sprinkler sistemin her bir kattaki en b\u00fcy\u00fck zon alan\u0131, d\u00fc\u015f\u00fck ve orta tehlike s\u0131n\u0131f\u0131 i\u00e7in en fazla 4831 m\u00b2 ve y\u00fcksek tehlike s\u0131n\u0131f\u0131 i\u00e7in [&hellip;]<\/p>\n","protected":false},"author":3,"featured_media":70778,"parent":147,"menu_order":1,"comment_status":"closed","ping_status":"closed","template":"","meta":{"footnotes":""},"class_list":["post-71276","page","type-page","status-publish","has-post-thumbnail","hentry"],"_links":{"self":[{"href":"http:\/\/spkyangin.com\/index.php?rest_route=\/wp\/v2\/pages\/71276","targetHints":{"allow":["GET"]}}],"collection":[{"href":"http:\/\/spkyangin.com\/index.php?rest_route=\/wp\/v2\/pages"}],"about":[{"href":"http:\/\/spkyangin.com\/index.php?rest_route=\/wp\/v2\/types\/page"}],"author":[{"embeddable":true,"href":"http:\/\/spkyangin.com\/index.php?rest_route=\/wp\/v2\/users\/3"}],"replies":[{"embeddable":true,"href":"http:\/\/spkyangin.com\/index.php?rest_route=%2Fwp%2Fv2%2Fcomments&post=71276"}],"version-history":[{"count":1,"href":"http:\/\/spkyangin.com\/index.php?rest_route=\/wp\/v2\/pages\/71276\/revisions"}],"predecessor-version":[{"id":71653,"href":"http:\/\/spkyangin.com\/index.php?rest_route=\/wp\/v2\/pages\/71276\/revisions\/71653"}],"up":[{"embeddable":true,"href":"http:\/\/spkyangin.com\/index.php?rest_route=\/wp\/v2\/pages\/147"}],"wp:featuredmedia":[{"embeddable":true,"href":"http:\/\/spkyangin.com\/index.php?rest_route=\/"}],"wp:attachment":[{"href":"http:\/\/spkyangin.com\/index.php?rest_route=%2Fwp%2Fv2%2Fmedia&parent=71276"}],"curies":[{"name":"wp","href":"https:\/\/api.w.org\/{rel}","templated":true}]}}