{"id":71256,"date":"2017-04-29T14:31:05","date_gmt":"2017-04-29T14:31:05","guid":{"rendered":"http:\/\/www.spkyangin.com\/?page_id=71256"},"modified":"2026-03-14T21:39:48","modified_gmt":"2026-03-14T21:39:48","slug":"kuru-kimyasal-sondurme-sistemleri","status":"publish","type":"page","link":"http:\/\/spkyangin.com\/?page_id=71256","title":{"rendered":"Kuru Kimyasal S\u00f6nd\u00fcrme Sistemleri"},"content":{"rendered":"<p>[vc_row type=&#8221;container&#8221; padding_top=&#8221;&#8221; padding_bottom=&#8221;&#8221; css=&#8221;.vc_custom_1449060205291{margin-bottom: 20px !important;}&#8221;][vc_column width=&#8221;1\/2&#8243;][vc_column_text]Kuru Kimyasal s\u00f6nd\u00fcrme Sistemi, tehlikeli s\u0131v\u0131 ya da riskli madde i\u00e7eren herhangi bir end\u00fcstriyel \u00fcretim s\u00fcreci ya da makine i\u00e7in en iyi se\u00e7enektir.<br \/>\nKidde IND Sisteminin iki temel konfig\u00fcrasyonu vard\u0131r: b\u00f6lgesel uygulama sistemi olarak ya da genel basma uygulama sistemi olarak. B\u00f6lgesel uygulama sistemi belirli\u00a0 par\u00e7a ekipman\u0131 korumak i\u00e7in tasarlanm\u0131\u015ft\u0131r. Toplam bask\u0131n sistemi ise kapal\u0131 odalar\u0131n ya da alanlar\u0131n korunmas\u0131 i\u00e7in tavsiye edilir. Konfig\u00fcrasyonlara ek olarak Kidde IND Sistemi ayr\u0131ca uygulanmak \u00fczere ideal olacak bir sistemin yarat\u0131lmas\u0131 i\u00e7in alg\u0131lama ve kontrol se\u00e7enekleri sunar. Kidde Da\u011f\u0131t\u0131c\u0131n\u0131z, uygulaman\u0131z i\u00e7in size do\u011fru sistemin ve do\u011fru yakla\u015f\u0131m\u0131n tasarlanabilmesinde yard\u0131m edebilir.[\/vc_column_text][\/vc_column][vc_column width=&#8221;1\/2&#8243;][vc_single_image image=&#8221;71334&#8243; img_size=&#8221;full&#8221; add_caption=&#8221;yes&#8221; onclick=&#8221;link_image&#8221;][\/vc_column][\/vc_row]<\/p>\n","protected":false},"excerpt":{"rendered":"<p>[vc_row type=&#8221;container&#8221; padding_top=&#8221;&#8221; padding_bottom=&#8221;&#8221; css=&#8221;.vc_custom_1449060205291{margin-bottom: 20px !important;}&#8221;][vc_column width=&#8221;1\/2&#8243;][vc_column_text]Kuru Kimyasal s\u00f6nd\u00fcrme Sistemi, tehlikeli s\u0131v\u0131 ya da riskli madde i\u00e7eren herhangi bir end\u00fcstriyel \u00fcretim s\u00fcreci ya da makine i\u00e7in en iyi se\u00e7enektir. Kidde IND Sisteminin iki temel konfig\u00fcrasyonu vard\u0131r: b\u00f6lgesel uygulama sistemi olarak ya da genel basma uygulama sistemi olarak. B\u00f6lgesel uygulama sistemi belirli\u00a0 par\u00e7a ekipman\u0131 korumak i\u00e7in tasarlanm\u0131\u015ft\u0131r. Toplam bask\u0131n sistemi ise kapal\u0131 odalar\u0131n ya da alanlar\u0131n korunmas\u0131 i\u00e7in tavsiye edilir. Konfig\u00fcrasyonlara ek olarak Kidde IND Sistemi ayr\u0131ca uygulanmak \u00fczere ideal olacak bir sistemin yarat\u0131lmas\u0131 i\u00e7in alg\u0131lama ve kontrol se\u00e7enekleri sunar. Kidde Da\u011f\u0131t\u0131c\u0131n\u0131z, uygulaman\u0131z i\u00e7in size do\u011fru sistemin ve do\u011fru yakla\u015f\u0131m\u0131n tasarlanabilmesinde yard\u0131m edebilir.[\/vc_column_text][\/vc_column][vc_column width=&#8221;1\/2&#8243;][vc_single_image image=&#8221;71334&#8243; img_size=&#8221;full&#8221; add_caption=&#8221;yes&#8221; onclick=&#8221;link_image&#8221;][\/vc_column][\/vc_row]<\/p>\n","protected":false},"author":3,"featured_media":71334,"parent":73,"menu_order":5,"comment_status":"closed","ping_status":"closed","template":"","meta":{"footnotes":""},"class_list":["post-71256","page","type-page","status-publish","has-post-thumbnail","hentry"],"_links":{"self":[{"href":"http:\/\/spkyangin.com\/index.php?rest_route=\/wp\/v2\/pages\/71256","targetHints":{"allow":["GET"]}}],"collection":[{"href":"http:\/\/spkyangin.com\/index.php?rest_route=\/wp\/v2\/pages"}],"about":[{"href":"http:\/\/spkyangin.com\/index.php?rest_route=\/wp\/v2\/types\/page"}],"author":[{"embeddable":true,"href":"http:\/\/spkyangin.com\/index.php?rest_route=\/wp\/v2\/users\/3"}],"replies":[{"embeddable":true,"href":"http:\/\/spkyangin.com\/index.php?rest_route=%2Fwp%2Fv2%2Fcomments&post=71256"}],"version-history":[{"count":1,"href":"http:\/\/spkyangin.com\/index.php?rest_route=\/wp\/v2\/pages\/71256\/revisions"}],"predecessor-version":[{"id":71664,"href":"http:\/\/spkyangin.com\/index.php?rest_route=\/wp\/v2\/pages\/71256\/revisions\/71664"}],"up":[{"embeddable":true,"href":"http:\/\/spkyangin.com\/index.php?rest_route=\/wp\/v2\/pages\/73"}],"wp:featuredmedia":[{"embeddable":true,"href":"http:\/\/spkyangin.com\/index.php?rest_route=\/"}],"wp:attachment":[{"href":"http:\/\/spkyangin.com\/index.php?rest_route=%2Fwp%2Fv2%2Fmedia&parent=71256"}],"curies":[{"name":"wp","href":"https:\/\/api.w.org\/{rel}","templated":true}]}}