{"id":71253,"date":"2017-04-29T14:18:05","date_gmt":"2017-04-29T14:18:05","guid":{"rendered":"http:\/\/www.spkyangin.com\/?page_id=71253"},"modified":"2026-03-14T21:40:12","modified_gmt":"2026-03-14T21:40:12","slug":"yivli-boru-baglanti-elemanlari","status":"publish","type":"page","link":"http:\/\/spkyangin.com\/?page_id=71253","title":{"rendered":"Yivli Boru Ba\u011flant\u0131 Elemanlar\u0131"},"content":{"rendered":"<p>[vc_row type=&#8221;container&#8221; padding_top=&#8221;&#8221; padding_bottom=&#8221;&#8221; css=&#8221;.vc_custom_1449060205291{margin-bottom: 20px !important;}&#8221;][vc_column][vc_column_text]Yivli boru ba\u011flant\u0131lar\u0131 kaynakl\u0131 imalat\u0131n yap\u0131lmas\u0131n\u0131n m\u00fcmk\u00fcn olmad\u0131\u011f\u0131 yerlerde kullan\u0131labilece\u011fi gibi, di\u011fer ba\u011flant\u0131 t\u00fcrlerine g\u00f6re i\u015f\u00e7ilik s\u00fcresi daha k\u0131sad\u0131r. Borulamann \u015fartlar\u0131n\u0131n zor oldu\u011fu alanlarda boru g\u00fczerg\u00e2h\u0131nda esneklik sa\u011flar. Boru par\u00e7alar\u0131n\u0131n kolayl\u0131kla s\u00f6k\u00fcl\u00fcp tak\u0131lmas\u0131na olanak sa\u011flayan ba\u011flant\u0131 t\u00fcr\u00fc oldu\u011fundan tesisatta gerekli g\u00f6r\u00fclen noktalarda ve tesisat\u0131n depremden korunmas\u0131na y\u00f6nelik uygulamalarda, k\u0131smi olarak da kullan\u0131lmaktad\u0131r. Borulara yiv a\u00e7\u0131larak \u00fczerinde contalar\u0131 bulunan kaplinler vas\u0131tas\u0131yla birle\u015ftirilir. Borulara yiv a\u00e7ma i\u015flemi, ezme veya kesme metodu ile yap\u0131l\u0131r. Kesme metodu ile yiv a\u00e7ma i\u015flemi \u00f6zel yiv makinesi veya tornada yap\u0131l\u0131r. Kesme metodu genellikle, orta ve a\u011f\u0131r seri borularda y\u00fcksek \u00e7aplarda tercih edilir. Borunun et kal\u0131nl\u0131l\u0131\u011f\u0131n\u0131n %50\u2019sinin alt\u0131nda bir metal par\u00e7a borudan kesilir. Kesme derinli\u011fi; yivli ekipman \u00fcreticisi taraf\u0131ndan verilen boru et kal\u0131nl\u0131\u011f\u0131 de\u011ferlerine g\u00f6re belirlenmelidir. Ezme metodu ile yiv a\u00e7ma i\u015fleminde \u00f6zel yiv a\u00e7ma aletleri kullan\u0131l\u0131r. Ezme metodu, \u00e7e\u015fitli et kal\u0131nl\u0131klar\u0131nda ve b\u00fcy\u00fck \u00e7aplarda uygulanabilmektedir. Ezme metodunda boru ezilerek, yiv a\u00e7\u0131l\u0131r. Yiv \u00f6l\u00e7\u00fcleri, boru ucuna mesafe ve yiv derinli\u011fi \u00fcretici taraf\u0131ndan verilen boru et kal\u0131nl\u0131\u011f\u0131 de\u011ferlerine g\u00f6re belirlenmelidir. Yiv \u00fczerine kaplin contas\u0131 yerle\u015ftirildikten sonra kaplin \u00fczerindeki vidalarla sabitle\u015ftirilir. Vidalar sabitle\u015ftirilirken uygun torklarda s\u0131k\u0131lmal\u0131d\u0131r. Kaplinlerin contalar\u0131n\u0131n tipi ve s\u0131cakl\u0131k derecesi, spesi?k uygulamalarda ortam ko\u015fullar\u0131na uygun olarak se\u00e7ilmelidir.<br \/>\nBorudan bran\u015fman al\u0131nan noktalarda, \u00e7\u0131k\u0131\u015f a\u011f\u0131zl\u0131 yivli ba\u011flant\u0131 elemanlar\u0131 kullan\u0131labilir. Kullan\u0131lan \u00e7\u0131k\u0131\u015f a\u011f\u0131zl\u0131 yivli ba\u011flant\u0131 eleman\u0131n\u0131n \u00e7\u0131k\u0131\u015f a\u011fz\u0131ndaki conta i\u00e7in \u00fcretici taraf\u0131ndan verilen delik \u00f6l\u00e7\u00fcs\u00fcnde delik a\u00e7\u0131l\u0131r. \u00c7\u0131k\u0131\u015f a\u011f\u0131zl\u0131 yivli ba\u011flant\u0131 elemanlar\u0131 boru ba\u011flant\u0131s\u0131 g\u00f6revi g\u00f6rmez. Ba\u011flant\u0131 eleman\u0131n \u00e7\u0131k\u0131\u015f a\u011fz\u0131 tesisat\u0131n devam\u0131nda kullan\u0131lacak di\u015fli veya yivli boru ba\u011flant\u0131 t\u00fcr\u00fcne uygun olarak se\u00e7ilmelidir.<\/p>\n<ul>\n<li>Boru \u00fczerinde kesik veya ezme metodu ile a\u00e7\u0131lan yiv \u00f6l\u00e7\u00fcs\u00fc, ba\u011flant\u0131 ekipmanlar\u0131 ile uyumlu olmal\u0131d\u0131r.<\/li>\n<li>Conta i\u00e7eren yivli ba\u011flant\u0131 elemanlar\u0131, kuru ve \u00f6n tepkili sistemlerde kullan\u0131ld\u0131\u011f\u0131nda, kuru borulu sistem i\u00e7in onayl\u0131 olmal\u0131d\u0131r.<\/li>\n<li>Borular\u0131n yiv a\u00e7\u0131larak birle\u015ftirilmesinde kullan\u0131lan yivli ba\u011flant\u0131 elemanlar\u0131 ve contalar\u0131 yang\u0131n kullan\u0131m\u0131 i\u00e7in onayl\u0131 olmal\u0131d\u0131r.<\/li>\n<\/ul>\n<p>[\/vc_column_text][\/vc_column][vc_column width=&#8221;1\/2&#8243;][vc_single_image image=&#8221;71358&#8243; img_size=&#8221;full&#8221; add_caption=&#8221;yes&#8221; onclick=&#8221;link_image&#8221;][\/vc_column][\/vc_row]<\/p>\n","protected":false},"excerpt":{"rendered":"<p>[vc_row type=&#8221;container&#8221; padding_top=&#8221;&#8221; padding_bottom=&#8221;&#8221; css=&#8221;.vc_custom_1449060205291{margin-bottom: 20px !important;}&#8221;][vc_column][vc_column_text]Yivli boru ba\u011flant\u0131lar\u0131 kaynakl\u0131 imalat\u0131n yap\u0131lmas\u0131n\u0131n m\u00fcmk\u00fcn olmad\u0131\u011f\u0131 yerlerde kullan\u0131labilece\u011fi gibi, di\u011fer ba\u011flant\u0131 t\u00fcrlerine g\u00f6re i\u015f\u00e7ilik s\u00fcresi daha k\u0131sad\u0131r. Borulamann \u015fartlar\u0131n\u0131n zor oldu\u011fu alanlarda boru g\u00fczerg\u00e2h\u0131nda esneklik sa\u011flar. Boru par\u00e7alar\u0131n\u0131n kolayl\u0131kla s\u00f6k\u00fcl\u00fcp tak\u0131lmas\u0131na olanak sa\u011flayan ba\u011flant\u0131 t\u00fcr\u00fc oldu\u011fundan tesisatta gerekli g\u00f6r\u00fclen noktalarda ve tesisat\u0131n depremden korunmas\u0131na y\u00f6nelik uygulamalarda, k\u0131smi olarak da kullan\u0131lmaktad\u0131r. Borulara yiv a\u00e7\u0131larak \u00fczerinde contalar\u0131 bulunan kaplinler vas\u0131tas\u0131yla birle\u015ftirilir. Borulara yiv a\u00e7ma i\u015flemi, ezme veya kesme metodu ile yap\u0131l\u0131r. Kesme metodu ile yiv a\u00e7ma i\u015flemi \u00f6zel yiv makinesi veya tornada yap\u0131l\u0131r. Kesme metodu genellikle, orta ve a\u011f\u0131r seri borularda y\u00fcksek \u00e7aplarda tercih edilir. Borunun et kal\u0131nl\u0131l\u0131\u011f\u0131n\u0131n %50\u2019sinin alt\u0131nda bir metal par\u00e7a borudan [&hellip;]<\/p>\n","protected":false},"author":3,"featured_media":71357,"parent":73,"menu_order":5,"comment_status":"closed","ping_status":"closed","template":"","meta":{"footnotes":""},"class_list":["post-71253","page","type-page","status-publish","has-post-thumbnail","hentry"],"_links":{"self":[{"href":"http:\/\/spkyangin.com\/index.php?rest_route=\/wp\/v2\/pages\/71253","targetHints":{"allow":["GET"]}}],"collection":[{"href":"http:\/\/spkyangin.com\/index.php?rest_route=\/wp\/v2\/pages"}],"about":[{"href":"http:\/\/spkyangin.com\/index.php?rest_route=\/wp\/v2\/types\/page"}],"author":[{"embeddable":true,"href":"http:\/\/spkyangin.com\/index.php?rest_route=\/wp\/v2\/users\/3"}],"replies":[{"embeddable":true,"href":"http:\/\/spkyangin.com\/index.php?rest_route=%2Fwp%2Fv2%2Fcomments&post=71253"}],"version-history":[{"count":1,"href":"http:\/\/spkyangin.com\/index.php?rest_route=\/wp\/v2\/pages\/71253\/revisions"}],"predecessor-version":[{"id":71671,"href":"http:\/\/spkyangin.com\/index.php?rest_route=\/wp\/v2\/pages\/71253\/revisions\/71671"}],"up":[{"embeddable":true,"href":"http:\/\/spkyangin.com\/index.php?rest_route=\/wp\/v2\/pages\/73"}],"wp:featuredmedia":[{"embeddable":true,"href":"http:\/\/spkyangin.com\/index.php?rest_route=\/"}],"wp:attachment":[{"href":"http:\/\/spkyangin.com\/index.php?rest_route=%2Fwp%2Fv2%2Fmedia&parent=71253"}],"curies":[{"name":"wp","href":"https:\/\/api.w.org\/{rel}","templated":true}]}}