{"id":71247,"date":"2017-04-29T14:05:59","date_gmt":"2017-04-29T14:05:59","guid":{"rendered":"http:\/\/www.spkyangin.com\/?page_id=71247"},"modified":"2026-03-14T21:39:55","modified_gmt":"2026-03-14T21:39:55","slug":"damper","status":"publish","type":"page","link":"http:\/\/spkyangin.com\/?page_id=71247","title":{"rendered":"Yang\u0131n Damperleri"},"content":{"rendered":"<p>[vc_row type=&#8221;container&#8221; padding_top=&#8221;&#8221; padding_bottom=&#8221;&#8221; css=&#8221;.vc_custom_1449060063467{margin-bottom: 20px !important;}&#8221;][vc_column width=&#8221;1\/2&#8243;][vc_column_text]YANGIN DAMPERLER\u0130<\/p>\n<p>Havaland\u0131rma ve hava ko\u015fulland\u0131rma sistemlerinde\u00a0yang\u0131n b\u00f6lgesinin otomatik olarak yang\u0131n izolasyonunun sa\u011flanmas\u0131 i\u00e7in dizayn edilmi\u015ftir.<\/p>\n<p>Yang\u0131n esnas\u0131nda s\u0131cakl\u0131k artt\u0131\u011f\u0131nda yang\u0131n ve duman\u0131n\u00a0binan\u0131n bir b\u00f6lgesinden di\u011fer b\u00f6lgelere yay\u0131lmamas\u0131 i\u00e7in\u00a0otomatik olarak kapat\u0131r.<\/p>\n<p>Yang\u0131n dedekt\u00f6rleri sayesinde yang\u0131n \u00e7\u0131km\u0131\u015f olan b\u00f6lgeyi havaland\u0131rmada kontrol alt\u0131na almak veya yang\u0131n y\u00f6netmeli\u011fine ba\u011fl\u0131 olarak yaz\u0131lan senaryoyu otomasyon, motorlu yang\u0131n damperi a\u00e7\u0131p kapatabilir. Ama\u00e7 ise alevi yada duman\u0131 bir b\u00f6lgeden di\u011fer b\u00f6lgeye ta\u015f\u0131mamak ve kontrol alt\u0131na almakt\u0131r.<\/p>\n<p>Motorlu ve motorsuz yang\u0131n damperleri mevcuttur. Kullan\u0131lacak hava kanal\u0131na g\u00f6re kare, dikd\u00f6rtgen ve yuvarlak imalatlar\u0131da vard\u0131r.[\/vc_column_text][\/vc_column][vc_column width=&#8221;1\/2&#8243; css=&#8221;.vc_custom_1449059997398{margin-bottom: 35px !important;}&#8221;][vc_single_image image=&#8221;71329&#8243; img_size=&#8221;full&#8221; add_caption=&#8221;yes&#8221; onclick=&#8221;link_image&#8221;][\/vc_column][\/vc_row]<\/p>\n","protected":false},"excerpt":{"rendered":"<p>[vc_row type=&#8221;container&#8221; padding_top=&#8221;&#8221; padding_bottom=&#8221;&#8221; css=&#8221;.vc_custom_1449060063467{margin-bottom: 20px !important;}&#8221;][vc_column width=&#8221;1\/2&#8243;][vc_column_text]YANGIN DAMPERLER\u0130 Havaland\u0131rma ve hava ko\u015fulland\u0131rma sistemlerinde\u00a0yang\u0131n b\u00f6lgesinin otomatik olarak yang\u0131n izolasyonunun sa\u011flanmas\u0131 i\u00e7in dizayn edilmi\u015ftir. Yang\u0131n esnas\u0131nda s\u0131cakl\u0131k artt\u0131\u011f\u0131nda yang\u0131n ve duman\u0131n\u00a0binan\u0131n bir b\u00f6lgesinden di\u011fer b\u00f6lgelere yay\u0131lmamas\u0131 i\u00e7in\u00a0otomatik olarak kapat\u0131r. Yang\u0131n dedekt\u00f6rleri sayesinde yang\u0131n \u00e7\u0131km\u0131\u015f olan b\u00f6lgeyi havaland\u0131rmada kontrol alt\u0131na almak veya yang\u0131n y\u00f6netmeli\u011fine ba\u011fl\u0131 olarak yaz\u0131lan senaryoyu otomasyon, motorlu yang\u0131n damperi a\u00e7\u0131p kapatabilir. Ama\u00e7 ise alevi yada duman\u0131 bir b\u00f6lgeden di\u011fer b\u00f6lgeye ta\u015f\u0131mamak ve kontrol alt\u0131na almakt\u0131r. Motorlu ve motorsuz yang\u0131n damperleri mevcuttur. Kullan\u0131lacak hava kanal\u0131na g\u00f6re kare, dikd\u00f6rtgen ve yuvarlak imalatlar\u0131da vard\u0131r.[\/vc_column_text][\/vc_column][vc_column width=&#8221;1\/2&#8243; css=&#8221;.vc_custom_1449059997398{margin-bottom: 35px !important;}&#8221;][vc_single_image image=&#8221;71329&#8243; img_size=&#8221;full&#8221; add_caption=&#8221;yes&#8221; onclick=&#8221;link_image&#8221;][\/vc_column][\/vc_row]<\/p>\n","protected":false},"author":3,"featured_media":71356,"parent":73,"menu_order":5,"comment_status":"closed","ping_status":"closed","template":"","meta":{"footnotes":""},"class_list":["post-71247","page","type-page","status-publish","has-post-thumbnail","hentry"],"_links":{"self":[{"href":"http:\/\/spkyangin.com\/index.php?rest_route=\/wp\/v2\/pages\/71247","targetHints":{"allow":["GET"]}}],"collection":[{"href":"http:\/\/spkyangin.com\/index.php?rest_route=\/wp\/v2\/pages"}],"about":[{"href":"http:\/\/spkyangin.com\/index.php?rest_route=\/wp\/v2\/types\/page"}],"author":[{"embeddable":true,"href":"http:\/\/spkyangin.com\/index.php?rest_route=\/wp\/v2\/users\/3"}],"replies":[{"embeddable":true,"href":"http:\/\/spkyangin.com\/index.php?rest_route=%2Fwp%2Fv2%2Fcomments&post=71247"}],"version-history":[{"count":1,"href":"http:\/\/spkyangin.com\/index.php?rest_route=\/wp\/v2\/pages\/71247\/revisions"}],"predecessor-version":[{"id":71666,"href":"http:\/\/spkyangin.com\/index.php?rest_route=\/wp\/v2\/pages\/71247\/revisions\/71666"}],"up":[{"embeddable":true,"href":"http:\/\/spkyangin.com\/index.php?rest_route=\/wp\/v2\/pages\/73"}],"wp:featuredmedia":[{"embeddable":true,"href":"http:\/\/spkyangin.com\/index.php?rest_route=\/"}],"wp:attachment":[{"href":"http:\/\/spkyangin.com\/index.php?rest_route=%2Fwp%2Fv2%2Fmedia&parent=71247"}],"curies":[{"name":"wp","href":"https:\/\/api.w.org\/{rel}","templated":true}]}}