{"id":70766,"date":"2015-11-26T14:00:53","date_gmt":"2015-11-26T14:00:53","guid":{"rendered":"http:\/\/factory.commercegurus.com\/?page_id=70766"},"modified":"2015-11-26T14:00:53","modified_gmt":"2015-11-26T14:00:53","slug":"downloads","status":"publish","type":"page","link":"http:\/\/spkyangin.com\/?page_id=70766","title":{"rendered":"D\u00d6K\u00dcMANTASYON"},"content":{"rendered":"<p>[vc_row type=&#8221;container&#8221; padding_top=&#8221;&#8221; padding_bottom=&#8221;&#8221; css=&#8221;.vc_custom_1451769709272{margin-bottom: 20px !important;padding-top: 30px !important;}&#8221;][vc_column width=&#8221;1\/6&#8243;][\/vc_column][vc_column width=&#8221;2\/3&#8243;][vc_column_text]<\/p>\n<h2 style=\"text-align: center;\">D\u00f6k\u00fcman ar\u015fivi<\/h2>\n<p style=\"text-align: center;\">Bro\u015f\u00fcrlerimizi ve kataloglar\u0131m\u0131z\u0131 \u00a0indirin veya g\u00f6r\u00fcnt\u00fcleyin. Bunlar\u0131 g\u00f6r\u00fcnt\u00fclemek i\u00e7in, Mac&#8217;inizde veya PC&#8217;nizde Adobe Acrobat gibi bir PDF okuyucuya ihtiyac\u0131n\u0131z olabilir.<\/p>\n<p>[\/vc_column_text][\/vc_column][vc_column width=&#8221;1\/6&#8243;][\/vc_column][\/vc_row][vc_row type=&#8221;container&#8221; padding_top=&#8221;&#8221; padding_bottom=&#8221;&#8221; css=&#8221;.vc_custom_1448554138292{margin-bottom: 0px !important;}&#8221;][vc_column width=&#8221;1\/2&#8243; el_class=&#8221;download&#8221; css=&#8221;.vc_custom_1448899402866{margin-bottom: 35px !important;}&#8221;][vc_raw_html]JTNDaSUyMGNsYXNzJTNEJTIyaW9uLWlvcy1jb3B5LW91dGxpbmUlMjIlM0UlM0MlMkZpJTNF[\/vc_raw_html][vc_column_text css=&#8221;.vc_custom_1494340045815{margin-bottom: 10px !important;}&#8221;]<\/p>\n<h4><a href=\"#\">SPR\u0130NKLER<\/a><\/h4>\n<p>\u00dcR\u00dcN G\u00dcNCELLEMES\u0130 YAPILIYOR DAHA SONRA DENEY\u0130N\u0130Z.<\/p>\n<p><small style=\"color: #999999;\">~ PDF (180KBA)<\/small>[\/vc_column_text][\/vc_column][vc_column width=&#8221;1\/2&#8243; el_class=&#8221;download&#8221; css=&#8221;.vc_custom_1448899411161{margin-bottom: 35px !important;}&#8221;][vc_raw_html]JTNDaSUyMGNsYXNzJTNEJTIyaW9uLWlvcy1jb3B5LW91dGxpbmUlMjIlM0UlM0MlMkZpJTNF[\/vc_raw_html][vc_column_text css=&#8221;.vc_custom_1494340075857{margin-bottom: 10px !important;}&#8221;]<\/p>\n<h4><a href=\"#\">VANALAR<\/a><\/h4>\n<p>\u00dcR\u00dcN G\u00dcNCELLEMES\u0130 YAPILIYOR DAHA SONRA DENEY\u0130N\u0130Z.[\/vc_column_text][\/vc_column][\/vc_row]<\/p>\n","protected":false},"excerpt":{"rendered":"<p>[vc_row type=&#8221;container&#8221; padding_top=&#8221;&#8221; padding_bottom=&#8221;&#8221; css=&#8221;.vc_custom_1451769709272{margin-bottom: 20px !important;padding-top: 30px !important;}&#8221;][vc_column width=&#8221;1\/6&#8243;][\/vc_column][vc_column width=&#8221;2\/3&#8243;][vc_column_text] D\u00f6k\u00fcman ar\u015fivi Bro\u015f\u00fcrlerimizi ve kataloglar\u0131m\u0131z\u0131 \u00a0indirin veya g\u00f6r\u00fcnt\u00fcleyin. Bunlar\u0131 g\u00f6r\u00fcnt\u00fclemek i\u00e7in, Mac&#8217;inizde veya PC&#8217;nizde Adobe Acrobat gibi bir PDF okuyucuya ihtiyac\u0131n\u0131z olabilir. [\/vc_column_text][\/vc_column][vc_column width=&#8221;1\/6&#8243;][\/vc_column][\/vc_row][vc_row type=&#8221;container&#8221; padding_top=&#8221;&#8221; padding_bottom=&#8221;&#8221; css=&#8221;.vc_custom_1448554138292{margin-bottom: 0px !important;}&#8221;][vc_column width=&#8221;1\/2&#8243; el_class=&#8221;download&#8221; css=&#8221;.vc_custom_1448899402866{margin-bottom: 35px !important;}&#8221;][vc_raw_html]JTNDaSUyMGNsYXNzJTNEJTIyaW9uLWlvcy1jb3B5LW91dGxpbmUlMjIlM0UlM0MlMkZpJTNF[\/vc_raw_html][vc_column_text css=&#8221;.vc_custom_1494340045815{margin-bottom: 10px !important;}&#8221;] SPR\u0130NKLER \u00dcR\u00dcN G\u00dcNCELLEMES\u0130 YAPILIYOR DAHA SONRA DENEY\u0130N\u0130Z. ~ PDF (180KBA)[\/vc_column_text][\/vc_column][vc_column width=&#8221;1\/2&#8243; el_class=&#8221;download&#8221; css=&#8221;.vc_custom_1448899411161{margin-bottom: 35px !important;}&#8221;][vc_raw_html]JTNDaSUyMGNsYXNzJTNEJTIyaW9uLWlvcy1jb3B5LW91dGxpbmUlMjIlM0UlM0MlMkZpJTNF[\/vc_raw_html][vc_column_text css=&#8221;.vc_custom_1494340075857{margin-bottom: 10px !important;}&#8221;] VANALAR \u00dcR\u00dcN G\u00dcNCELLEMES\u0130 YAPILIYOR DAHA SONRA DENEY\u0130N\u0130Z.[\/vc_column_text][\/vc_column][\/vc_row]<\/p>\n","protected":false},"author":2,"featured_media":71390,"parent":0,"menu_order":0,"comment_status":"closed","ping_status":"closed","template":"page-full-width.php","meta":{"footnotes":""},"class_list":["post-70766","page","type-page","status-publish","has-post-thumbnail","hentry"],"_links":{"self":[{"href":"http:\/\/spkyangin.com\/index.php?rest_route=\/wp\/v2\/pages\/70766","targetHints":{"allow":["GET"]}}],"collection":[{"href":"http:\/\/spkyangin.com\/index.php?rest_route=\/wp\/v2\/pages"}],"about":[{"href":"http:\/\/spkyangin.com\/index.php?rest_route=\/wp\/v2\/types\/page"}],"author":[{"embeddable":true,"href":"http:\/\/spkyangin.com\/index.php?rest_route=\/wp\/v2\/users\/2"}],"replies":[{"embeddable":true,"href":"http:\/\/spkyangin.com\/index.php?rest_route=%2Fwp%2Fv2%2Fcomments&post=70766"}],"version-history":[{"count":0,"href":"http:\/\/spkyangin.com\/index.php?rest_route=\/wp\/v2\/pages\/70766\/revisions"}],"wp:featuredmedia":[{"embeddable":true,"href":"http:\/\/spkyangin.com\/index.php?rest_route=\/"}],"wp:attachment":[{"href":"http:\/\/spkyangin.com\/index.php?rest_route=%2Fwp%2Fv2%2Fmedia&parent=70766"}],"curies":[{"name":"wp","href":"https:\/\/api.w.org\/{rel}","templated":true}]}}