{"id":70741,"date":"2015-11-25T12:11:24","date_gmt":"2015-11-25T12:11:24","guid":{"rendered":"http:\/\/factory.commercegurus.com\/?page_id=70741"},"modified":"2015-11-25T12:11:24","modified_gmt":"2015-11-25T12:11:24","slug":"get-a-quote","status":"publish","type":"page","link":"http:\/\/spkyangin.com\/?page_id=70741","title":{"rendered":"TEKL\u0130F \u0130STE"},"content":{"rendered":"<p>[vc_row type=&#8221;container&#8221; padding_top=&#8221;&#8221; padding_bottom=&#8221;&#8221; css=&#8221;.vc_custom_1451759148890{margin-top: 30px !important;margin-bottom: 60px !important;}&#8221;][vc_column width=&#8221;2\/3&#8243;][vc_column_text]TEKL\u0130F ALMAK \u00a0\u0130\u00c7\u0130N L\u00dcTFEN B\u0130Z\u0130MLE \u0130LET\u0130\u015e\u0130ME GE\u00c7\u0130N&#8230;[\/vc_column_text]<div role=\"form\" class=\"wpcf7\" id=\"wpcf7-f71233-o1\" lang=\"tr-TR\" dir=\"ltr\">\n<div class=\"screen-reader-response\"><\/div>\n<form action=\"\/index.php?rest_route=%2Fwp%2Fv2%2Fpages%2F70741#wpcf7-f71233-o1\" method=\"post\" class=\"wpcf7-form\" novalidate=\"novalidate\">\n<div style=\"display: none;\">\n<input type=\"hidden\" name=\"_wpcf7\" value=\"71233\" \/>\n<input type=\"hidden\" name=\"_wpcf7_version\" value=\"4.7\" \/>\n<input type=\"hidden\" name=\"_wpcf7_locale\" value=\"tr_TR\" \/>\n<input type=\"hidden\" name=\"_wpcf7_unit_tag\" value=\"wpcf7-f71233-o1\" \/>\n<input type=\"hidden\" name=\"_wpnonce\" value=\"d347052cef\" \/>\n<\/div>\n<p><label> Ad\u0131n\u0131z (gereklidir)<br \/>\n    <span class=\"wpcf7-form-control-wrap your-name\"><input type=\"text\" name=\"your-name\" value=\"\" size=\"40\" class=\"wpcf7-form-control wpcf7-text wpcf7-validates-as-required\" aria-required=\"true\" aria-invalid=\"false\" \/><\/span> <\/label><\/p>\n<p><label> E-posta hesab\u0131n\u0131z (gereklidir)<br \/>\n    <span class=\"wpcf7-form-control-wrap your-email\"><input type=\"email\" name=\"your-email\" value=\"\" size=\"40\" class=\"wpcf7-form-control wpcf7-text wpcf7-email wpcf7-validates-as-required wpcf7-validates-as-email\" aria-required=\"true\" aria-invalid=\"false\" \/><\/span> <\/label><\/p>\n<p><label> Konu<br \/>\n    <span class=\"wpcf7-form-control-wrap your-subject\"><input type=\"text\" name=\"your-subject\" value=\"\" size=\"40\" class=\"wpcf7-form-control wpcf7-text\" aria-invalid=\"false\" \/><\/span> <\/label><\/p>\n<p><label> Mesaj\u0131n\u0131z<br \/>\n    <span class=\"wpcf7-form-control-wrap your-message\"><textarea name=\"your-message\" cols=\"40\" rows=\"10\" class=\"wpcf7-form-control wpcf7-textarea\" aria-invalid=\"false\"><\/textarea><\/span> <\/label><\/p>\n<p><input type=\"submit\" value=\"Send\" class=\"wpcf7-form-control wpcf7-submit\" \/><\/p>\n<div class=\"wpcf7-response-output wpcf7-display-none\"><\/div><\/form><\/div>[\/vc_column][vc_column width=&#8221;1\/3&#8243; el_class=&#8221;.pl-40&#8243;][vc_column_text]\u0130LET\u0130\u015e\u0130M[\/vc_column_text][vc_separator color=&#8221;#e2e2e2&#8243; type=&#8221;normal&#8221; thickness=&#8221;1&#8243; up=&#8221;&#8221; down=&#8221;18&#8243;][vc_column_text css_animation=&#8221;bottom-to-top&#8221; css=&#8221;.vc_custom_1494228596300{margin-bottom: 20px !important;}&#8221;]<\/p>\n<p class=\"with-icon\"><i class=\"ion-ios-telephone-outline\"><\/i><strong>ADRES;<\/strong><\/p>\n<p class=\"with-icon\">Hac\u0131 Hesna Hatun Mahallesi Selvilik Caddesi \u2013 No: 88-1 \u00dcsk\u00fcdar \/ \u0130stanbul \/ T\u00fcrkiye.<\/p>\n<p>[\/vc_column_text][vc_separator color=&#8221;#e2e2e2&#8243; type=&#8221;normal&#8221; thickness=&#8221;1&#8243; up=&#8221;&#8221; down=&#8221;18&#8243;][vc_column_text css_animation=&#8221;bottom-to-top&#8221; css=&#8221;.vc_custom_1494229029546{margin-bottom: 20px !important;}&#8221;]<\/p>\n<p class=\"with-icon\"><strong>TEL;<\/strong>+90 216 4957870<\/p>\n<p class=\"with-icon\"><strong>FAX;<\/strong>+90 216 495 78 98<\/p>\n<p class=\"with-icon\"><strong><small>Pzt-Cmi, 09:00-18:00<\/small><\/strong><\/p>\n<p>[\/vc_column_text][vc_separator color=&#8221;#e2e2e2&#8243; type=&#8221;normal&#8221; thickness=&#8221;1&#8243; up=&#8221;&#8221; down=&#8221;18&#8243;][vc_column_text css_animation=&#8221;bottom-to-top&#8221; css=&#8221;.vc_custom_1494228667522{margin-bottom: 20px !important;}&#8221;]<\/p>\n<p class=\"with-icon\">E-MA\u0130L;<\/p>\n<p class=\"with-icon\"><i class=\"ion-ios-person-outline\"><\/i>info@spkyangin.com<br \/>\n<small>24 saat i\u00e7inde d\u00f6n\u00fc\u015f sa\u011flanacakt\u0131r.<\/small><\/p>\n<p>[\/vc_column_text][vc_separator color=&#8221;#e2e2e2&#8243; type=&#8221;normal&#8221; thickness=&#8221;1&#8243; up=&#8221;&#8221; down=&#8221;18&#8243;][\/vc_column][\/vc_row]<\/p>\n","protected":false},"excerpt":{"rendered":"<p>[vc_row type=&#8221;container&#8221; padding_top=&#8221;&#8221; padding_bottom=&#8221;&#8221; css=&#8221;.vc_custom_1451759148890{margin-top: 30px !important;margin-bottom: 60px !important;}&#8221;][vc_column width=&#8221;2\/3&#8243;][vc_column_text]TEKL\u0130F ALMAK \u00a0\u0130\u00c7\u0130N L\u00dcTFEN B\u0130Z\u0130MLE \u0130LET\u0130\u015e\u0130ME GE\u00c7\u0130N&#8230;[\/vc_column_text][\/vc_column][vc_column width=&#8221;1\/3&#8243; el_class=&#8221;.pl-40&#8243;][vc_column_text]\u0130LET\u0130\u015e\u0130M[\/vc_column_text][vc_separator color=&#8221;#e2e2e2&#8243; type=&#8221;normal&#8221; thickness=&#8221;1&#8243; up=&#8221;&#8221; down=&#8221;18&#8243;][vc_column_text css_animation=&#8221;bottom-to-top&#8221; css=&#8221;.vc_custom_1494228596300{margin-bottom: 20px !important;}&#8221;] ADRES; Hac\u0131 Hesna Hatun Mahallesi Selvilik Caddesi \u2013 No: 88-1 \u00dcsk\u00fcdar \/ \u0130stanbul \/ T\u00fcrkiye. [\/vc_column_text][vc_separator color=&#8221;#e2e2e2&#8243; type=&#8221;normal&#8221; thickness=&#8221;1&#8243; up=&#8221;&#8221; down=&#8221;18&#8243;][vc_column_text css_animation=&#8221;bottom-to-top&#8221; css=&#8221;.vc_custom_1494229029546{margin-bottom: 20px !important;}&#8221;] TEL;+90 216 4957870 FAX;+90 216 495 78 98 Pzt-Cmi, 09:00-18:00 [\/vc_column_text][vc_separator color=&#8221;#e2e2e2&#8243; type=&#8221;normal&#8221; thickness=&#8221;1&#8243; up=&#8221;&#8221; down=&#8221;18&#8243;][vc_column_text css_animation=&#8221;bottom-to-top&#8221; css=&#8221;.vc_custom_1494228667522{margin-bottom: 20px !important;}&#8221;] E-MA\u0130L; info@spkyangin.com 24 saat i\u00e7inde d\u00f6n\u00fc\u015f sa\u011flanacakt\u0131r. [\/vc_column_text][vc_separator color=&#8221;#e2e2e2&#8243; type=&#8221;normal&#8221; thickness=&#8221;1&#8243; up=&#8221;&#8221; down=&#8221;18&#8243;][\/vc_column][\/vc_row]<\/p>\n","protected":false},"author":2,"featured_media":71391,"parent":0,"menu_order":0,"comment_status":"closed","ping_status":"closed","template":"page-full-width.php","meta":{"footnotes":""},"class_list":["post-70741","page","type-page","status-publish","has-post-thumbnail","hentry"],"_links":{"self":[{"href":"http:\/\/spkyangin.com\/index.php?rest_route=\/wp\/v2\/pages\/70741","targetHints":{"allow":["GET"]}}],"collection":[{"href":"http:\/\/spkyangin.com\/index.php?rest_route=\/wp\/v2\/pages"}],"about":[{"href":"http:\/\/spkyangin.com\/index.php?rest_route=\/wp\/v2\/types\/page"}],"author":[{"embeddable":true,"href":"http:\/\/spkyangin.com\/index.php?rest_route=\/wp\/v2\/users\/2"}],"replies":[{"embeddable":true,"href":"http:\/\/spkyangin.com\/index.php?rest_route=%2Fwp%2Fv2%2Fcomments&post=70741"}],"version-history":[{"count":0,"href":"http:\/\/spkyangin.com\/index.php?rest_route=\/wp\/v2\/pages\/70741\/revisions"}],"wp:featuredmedia":[{"embeddable":true,"href":"http:\/\/spkyangin.com\/index.php?rest_route=\/"}],"wp:attachment":[{"href":"http:\/\/spkyangin.com\/index.php?rest_route=%2Fwp%2Fv2%2Fmedia&parent=70741"}],"curies":[{"name":"wp","href":"https:\/\/api.w.org\/{rel}","templated":true}]}}