{"id":69,"date":"2015-10-07T17:11:55","date_gmt":"2015-10-07T17:11:55","guid":{"rendered":"http:\/\/broker.commercegurus.com\/?page_id=69"},"modified":"2020-06-09T11:05:35","modified_gmt":"2020-06-09T11:05:35","slug":"about","status":"publish","type":"page","link":"http:\/\/spkyangin.com\/?page_id=69","title":{"rendered":"HAKKIMIZDA"},"content":{"rendered":"<p>[vc_row type=&#8221;container&#8221; padding_top=&#8221;&#8221; padding_bottom=&#8221;&#8221; css=&#8221;.vc_custom_1451761032806{padding-top: 50px !important;}&#8221;][vc_column width=&#8221;1\/2&#8243; css=&#8221;.vc_custom_1451760818909{padding-top: 14px !important;}&#8221;][vc_single_image image=&#8221;71638&#8243; img_size=&#8221;full&#8221;][\/vc_column][vc_column width=&#8221;1\/2&#8243; css=&#8221;.vc_custom_1449147431196{margin-bottom: 35px !important;}&#8221;][vc_column_text css=&#8221;.vc_custom_1493754280060{padding-right: 10px !important;}&#8221;]<\/p>\n<h2>SPK END\u00dcSTR\u0130YEL<\/h2>\n<p>\u00d6nce sizi dinliyor, iste\u011finiz do\u011frultusunda ihtiyac\u0131n\u0131z olan do\u011fru yang\u0131n s\u00f6nd\u00fcrme sistemini\u00a0uygun maliyetle sunuyoruz. Zaman\u0131n\u0131z\u0131n de\u011ferli oldu\u011funun fark\u0131nday\u0131z talep edilen \u00fcr\u00fcn ve malzeme tedari\u011fini uzman kadromuzla planlayarak s\u00f6z verdi\u011fimiz zamanda teslimatlar\u0131m\u0131z\u0131 ger\u00e7ekle\u015ftirerek zaman kay\u0131plar\u0131n\u0131 \u00f6nl\u00fcyoruz. \u0130\u015fleri b\u00fcy\u00fck \/ k\u00fc\u00e7\u00fck diye ay\u0131rt etmeden g\u00fcler y\u00fczle yap\u0131yoruz. Yapt\u0131\u011f\u0131m\u0131z i\u015flerin arkas\u0131nda duruyor, teslimat sonras\u0131 sorular\u0131n\u0131z\u0131 yan\u0131tl\u0131yor, gerekti\u011finde m\u00fcdahale ederek ma\u011fdur olman\u0131z\u0131 \u00f6nl\u00fcyor, mutlu m\u00fc\u015fteriler yaratmak i\u00e7in \u00e7al\u0131\u015f\u0131yoruz. Biliyoruz ki ba\u015far\u0131 yap\u0131lan i\u015f say\u0131s\u0131nda de\u011fil hakk\u0131yla yap\u0131lan i\u015f sonucu memnun m\u00fc\u015fterilerimizin bizi tavsiye etmesidir.[\/vc_column_text][\/vc_column][\/vc_row][vc_row type=&#8221;full_page_width_inner_container&#8221; padding_top=&#8221;&#8221; padding_bottom=&#8221;&#8221; css=&#8221;.vc_custom_1493754441867{margin-bottom: 0px !important;padding-top: 20px !important;padding-bottom: 20px !important;background-color: #e80000 !important;}&#8221;][vc_column width=&#8221;1\/6&#8243;][\/vc_column][vc_column width=&#8221;2\/3&#8243;][vc_column_text]<\/p>\n<h3 style=\"text-align: center;\"><span class=\"quote\">\u201c\u00c7ALI\u015eMA \u015eEKL\u0130M\u0130ZLE FARK YARATIYORUZ<\/span><span class=\"quote\">\u201d<\/span><\/h3>\n<p>[\/vc_column_text][\/vc_column][vc_column width=&#8221;1\/6&#8243;][\/vc_column][\/vc_row]<\/p>\n","protected":false},"excerpt":{"rendered":"<p>[vc_row type=&#8221;container&#8221; padding_top=&#8221;&#8221; padding_bottom=&#8221;&#8221; css=&#8221;.vc_custom_1451761032806{padding-top: 50px !important;}&#8221;][vc_column width=&#8221;1\/2&#8243; css=&#8221;.vc_custom_1451760818909{padding-top: 14px !important;}&#8221;][vc_single_image image=&#8221;71638&#8243; img_size=&#8221;full&#8221;][\/vc_column][vc_column width=&#8221;1\/2&#8243; css=&#8221;.vc_custom_1449147431196{margin-bottom: 35px !important;}&#8221;][vc_column_text css=&#8221;.vc_custom_1493754280060{padding-right: 10px !important;}&#8221;] SPK END\u00dcSTR\u0130YEL \u00d6nce sizi dinliyor, iste\u011finiz do\u011frultusunda ihtiyac\u0131n\u0131z olan do\u011fru yang\u0131n s\u00f6nd\u00fcrme sistemini\u00a0uygun maliyetle sunuyoruz. Zaman\u0131n\u0131z\u0131n de\u011ferli oldu\u011funun fark\u0131nday\u0131z talep edilen \u00fcr\u00fcn ve malzeme tedari\u011fini uzman kadromuzla planlayarak s\u00f6z verdi\u011fimiz zamanda teslimatlar\u0131m\u0131z\u0131 ger\u00e7ekle\u015ftirerek zaman kay\u0131plar\u0131n\u0131 \u00f6nl\u00fcyoruz. \u0130\u015fleri b\u00fcy\u00fck \/ k\u00fc\u00e7\u00fck diye ay\u0131rt etmeden g\u00fcler y\u00fczle yap\u0131yoruz. Yapt\u0131\u011f\u0131m\u0131z i\u015flerin arkas\u0131nda duruyor, teslimat sonras\u0131 sorular\u0131n\u0131z\u0131 yan\u0131tl\u0131yor, gerekti\u011finde m\u00fcdahale ederek ma\u011fdur olman\u0131z\u0131 \u00f6nl\u00fcyor, mutlu m\u00fc\u015fteriler yaratmak i\u00e7in \u00e7al\u0131\u015f\u0131yoruz. Biliyoruz ki ba\u015far\u0131 yap\u0131lan i\u015f say\u0131s\u0131nda de\u011fil hakk\u0131yla yap\u0131lan i\u015f sonucu memnun m\u00fc\u015fterilerimizin bizi tavsiye etmesidir.[\/vc_column_text][\/vc_column][\/vc_row][vc_row type=&#8221;full_page_width_inner_container&#8221; padding_top=&#8221;&#8221; padding_bottom=&#8221;&#8221; css=&#8221;.vc_custom_1493754441867{margin-bottom: 0px !important;padding-top: 20px !important;padding-bottom: 20px [&hellip;]<\/p>\n","protected":false},"author":2,"featured_media":71383,"parent":0,"menu_order":0,"comment_status":"closed","ping_status":"closed","template":"page-full-width.php","meta":{"footnotes":""},"class_list":["post-69","page","type-page","status-publish","has-post-thumbnail","hentry"],"_links":{"self":[{"href":"http:\/\/spkyangin.com\/index.php?rest_route=\/wp\/v2\/pages\/69","targetHints":{"allow":["GET"]}}],"collection":[{"href":"http:\/\/spkyangin.com\/index.php?rest_route=\/wp\/v2\/pages"}],"about":[{"href":"http:\/\/spkyangin.com\/index.php?rest_route=\/wp\/v2\/types\/page"}],"author":[{"embeddable":true,"href":"http:\/\/spkyangin.com\/index.php?rest_route=\/wp\/v2\/users\/2"}],"replies":[{"embeddable":true,"href":"http:\/\/spkyangin.com\/index.php?rest_route=%2Fwp%2Fv2%2Fcomments&post=69"}],"version-history":[{"count":1,"href":"http:\/\/spkyangin.com\/index.php?rest_route=\/wp\/v2\/pages\/69\/revisions"}],"predecessor-version":[{"id":71639,"href":"http:\/\/spkyangin.com\/index.php?rest_route=\/wp\/v2\/pages\/69\/revisions\/71639"}],"wp:featuredmedia":[{"embeddable":true,"href":"http:\/\/spkyangin.com\/index.php?rest_route=\/"}],"wp:attachment":[{"href":"http:\/\/spkyangin.com\/index.php?rest_route=%2Fwp%2Fv2%2Fmedia&parent=69"}],"curies":[{"name":"wp","href":"https:\/\/api.w.org\/{rel}","templated":true}]}}