{"id":147,"date":"2015-10-09T17:51:30","date_gmt":"2015-10-09T17:51:30","guid":{"rendered":"http:\/\/broker.commercegurus.com\/?page_id=147"},"modified":"2026-03-14T21:38:57","modified_gmt":"2026-03-14T21:38:57","slug":"sulu","status":"publish","type":"page","link":"http:\/\/spkyangin.com\/?page_id=147","title":{"rendered":"Sulu S\u00f6nd\u00fcrme Sistemleri"},"content":{"rendered":"<p>[vc_row type=&#8221;container&#8221; padding_top=&#8221;&#8221; padding_bottom=&#8221;&#8221; css=&#8221;.vc_custom_1449576470084{margin-bottom: 0px !important;}&#8221;][vc_column width=&#8221;1\/2&#8243;][vc_column_text]<\/p>\n<h2>Sulu S\u00f6nd\u00fcrme Sistemleri<\/h2>\n<p>&#8211;<a href=\"http:\/\/www.spkyangin.com\/?page_id=71276\" target=\"_blank\" rel=\"noopener noreferrer\">Islak Borulu Sprinkler Sistemi<\/a><\/p>\n<p>&#8211;<a href=\"http:\/\/www.spkyangin.com\/?page_id=71277\" target=\"_blank\" rel=\"noopener noreferrer\">Kuru Sprinkler Sistemler<\/a>i<\/p>\n<p>&#8211;<a href=\"http:\/\/www.spkyangin.com\/?page_id=71278\" target=\"_blank\" rel=\"noopener noreferrer\">Bask\u0131n Sprinkler Sistemleri<\/a><\/p>\n<p>&#8211;<a href=\"http:\/\/www.spkyangin.com\/?page_id=71279\" target=\"_blank\" rel=\"noopener noreferrer\">\u00d6n Tepkili Sprinkler Sistemleri<\/a>[\/vc_column_text][\/vc_column][vc_column width=&#8221;1\/2&#8243;][vc_single_image image=&#8221;71322&#8243; img_size=&#8221;full&#8221; add_caption=&#8221;yes&#8221; onclick=&#8221;link_image&#8221;][\/vc_column][\/vc_row]<\/p>\n","protected":false},"excerpt":{"rendered":"<p>[vc_row type=&#8221;container&#8221; padding_top=&#8221;&#8221; padding_bottom=&#8221;&#8221; css=&#8221;.vc_custom_1449576470084{margin-bottom: 0px !important;}&#8221;][vc_column width=&#8221;1\/2&#8243;][vc_column_text] Sulu S\u00f6nd\u00fcrme Sistemleri &#8211;Islak Borulu Sprinkler Sistemi &#8211;Kuru Sprinkler Sistemleri &#8211;Bask\u0131n Sprinkler Sistemleri &#8211;\u00d6n Tepkili Sprinkler Sistemleri[\/vc_column_text][\/vc_column][vc_column width=&#8221;1\/2&#8243;][vc_single_image image=&#8221;71322&#8243; img_size=&#8221;full&#8221; add_caption=&#8221;yes&#8221; onclick=&#8221;link_image&#8221;][\/vc_column][\/vc_row]<\/p>\n","protected":false},"author":3,"featured_media":71229,"parent":73,"menu_order":1,"comment_status":"closed","ping_status":"closed","template":"","meta":{"footnotes":""},"class_list":["post-147","page","type-page","status-publish","has-post-thumbnail","hentry"],"_links":{"self":[{"href":"http:\/\/spkyangin.com\/index.php?rest_route=\/wp\/v2\/pages\/147","targetHints":{"allow":["GET"]}}],"collection":[{"href":"http:\/\/spkyangin.com\/index.php?rest_route=\/wp\/v2\/pages"}],"about":[{"href":"http:\/\/spkyangin.com\/index.php?rest_route=\/wp\/v2\/types\/page"}],"author":[{"embeddable":true,"href":"http:\/\/spkyangin.com\/index.php?rest_route=\/wp\/v2\/users\/3"}],"replies":[{"embeddable":true,"href":"http:\/\/spkyangin.com\/index.php?rest_route=%2Fwp%2Fv2%2Fcomments&post=147"}],"version-history":[{"count":1,"href":"http:\/\/spkyangin.com\/index.php?rest_route=\/wp\/v2\/pages\/147\/revisions"}],"predecessor-version":[{"id":71651,"href":"http:\/\/spkyangin.com\/index.php?rest_route=\/wp\/v2\/pages\/147\/revisions\/71651"}],"up":[{"embeddable":true,"href":"http:\/\/spkyangin.com\/index.php?rest_route=\/wp\/v2\/pages\/73"}],"wp:featuredmedia":[{"embeddable":true,"href":"http:\/\/spkyangin.com\/index.php?rest_route=\/"}],"wp:attachment":[{"href":"http:\/\/spkyangin.com\/index.php?rest_route=%2Fwp%2Fv2%2Fmedia&parent=147"}],"curies":[{"name":"wp","href":"https:\/\/api.w.org\/{rel}","templated":true}]}}