{"id":141,"date":"2015-10-09T17:24:05","date_gmt":"2015-10-09T17:24:05","guid":{"rendered":"http:\/\/broker.commercegurus.com\/?page_id=141"},"modified":"2026-03-14T21:39:37","modified_gmt":"2026-03-14T21:39:37","slug":"kopuklu","status":"publish","type":"page","link":"http:\/\/spkyangin.com\/?page_id=141","title":{"rendered":"K\u00f6p\u00fckl\u00fc S\u00f6nd\u00fcrme Sistemleri"},"content":{"rendered":"<p>[vc_row type=&#8221;container&#8221; padding_top=&#8221;&#8221; padding_bottom=&#8221;&#8221; css=&#8221;.vc_custom_1449062960012{margin-bottom: 20px !important;}&#8221;][vc_column width=&#8221;1\/2&#8243;][vc_column_text]K\u00f6p\u00fck, yan\u0131c\u0131, s\u0131v\u0131 kimyasal maddelerin veya yak\u0131tlar\u0131n s\u00f6nd\u00fcr\u00fclmesinde kullan\u0131l\u0131r. Kimyasal \u00f6zelliklerine g\u00f6re; protein bazl\u0131, sentetik bazl\u0131, film olu\u015fturucu, alkole dayan\u0131ml\u0131 k\u00f6p\u00fck \u00e7e\u015fitleri bulunmaktad\u0131r. K\u00f6p\u00fckl\u00fc s\u00f6nd\u00fcrme sistemleri otomatik veya manuel olarak dizayn edilir. K\u00f6p\u00fck, genel olarak, k\u00f6p\u00fckl\u00fc sprinkler sistemi, k\u00f6p\u00fckl\u00fc yang\u0131n dolaplar\u0131, tank s\u00f6nd\u00fcrme sistemi, k\u00f6p\u00fckl\u00fc monit\u00f6r sistemi, k\u00f6p\u00fck jenerat\u00f6r\u00fc gibi s\u00f6nd\u00fcrme sistemlerinde kullan\u0131l\u0131r. K\u00f6p\u00fckl\u00fc s\u00f6nd\u00fcrme sistemleri tank tarlalar\u0131nda, petrokimya tesislerinde, limanlarda, yak\u0131t aktarma istasyonlar\u0131nda, u\u00e7ak hangarlar\u0131nda yayg\u0131n olarak kullan\u0131lmaktad\u0131r.[\/vc_column_text][\/vc_column][vc_column width=&#8221;1\/2&#8243;][vc_single_image image=&#8221;71322&#8243; img_size=&#8221;full&#8221; add_caption=&#8221;yes&#8221; onclick=&#8221;link_image&#8221;][\/vc_column][\/vc_row]<\/p>\n","protected":false},"excerpt":{"rendered":"<p>[vc_row type=&#8221;container&#8221; padding_top=&#8221;&#8221; padding_bottom=&#8221;&#8221; css=&#8221;.vc_custom_1449062960012{margin-bottom: 20px !important;}&#8221;][vc_column width=&#8221;1\/2&#8243;][vc_column_text]K\u00f6p\u00fck, yan\u0131c\u0131, s\u0131v\u0131 kimyasal maddelerin veya yak\u0131tlar\u0131n s\u00f6nd\u00fcr\u00fclmesinde kullan\u0131l\u0131r. Kimyasal \u00f6zelliklerine g\u00f6re; protein bazl\u0131, sentetik bazl\u0131, film olu\u015fturucu, alkole dayan\u0131ml\u0131 k\u00f6p\u00fck \u00e7e\u015fitleri bulunmaktad\u0131r. K\u00f6p\u00fckl\u00fc s\u00f6nd\u00fcrme sistemleri otomatik veya manuel olarak dizayn edilir. K\u00f6p\u00fck, genel olarak, k\u00f6p\u00fckl\u00fc sprinkler sistemi, k\u00f6p\u00fckl\u00fc yang\u0131n dolaplar\u0131, tank s\u00f6nd\u00fcrme sistemi, k\u00f6p\u00fckl\u00fc monit\u00f6r sistemi, k\u00f6p\u00fck jenerat\u00f6r\u00fc gibi s\u00f6nd\u00fcrme sistemlerinde kullan\u0131l\u0131r. K\u00f6p\u00fckl\u00fc s\u00f6nd\u00fcrme sistemleri tank tarlalar\u0131nda, petrokimya tesislerinde, limanlarda, yak\u0131t aktarma istasyonlar\u0131nda, u\u00e7ak hangarlar\u0131nda yayg\u0131n olarak kullan\u0131lmaktad\u0131r.[\/vc_column_text][\/vc_column][vc_column width=&#8221;1\/2&#8243;][vc_single_image image=&#8221;71322&#8243; img_size=&#8221;full&#8221; add_caption=&#8221;yes&#8221; onclick=&#8221;link_image&#8221;][\/vc_column][\/vc_row]<\/p>\n","protected":false},"author":3,"featured_media":71228,"parent":73,"menu_order":3,"comment_status":"closed","ping_status":"closed","template":"","meta":{"footnotes":""},"class_list":["post-141","page","type-page","status-publish","has-post-thumbnail","hentry"],"_links":{"self":[{"href":"http:\/\/spkyangin.com\/index.php?rest_route=\/wp\/v2\/pages\/141","targetHints":{"allow":["GET"]}}],"collection":[{"href":"http:\/\/spkyangin.com\/index.php?rest_route=\/wp\/v2\/pages"}],"about":[{"href":"http:\/\/spkyangin.com\/index.php?rest_route=\/wp\/v2\/types\/page"}],"author":[{"embeddable":true,"href":"http:\/\/spkyangin.com\/index.php?rest_route=\/wp\/v2\/users\/3"}],"replies":[{"embeddable":true,"href":"http:\/\/spkyangin.com\/index.php?rest_route=%2Fwp%2Fv2%2Fcomments&post=141"}],"version-history":[{"count":1,"href":"http:\/\/spkyangin.com\/index.php?rest_route=\/wp\/v2\/pages\/141\/revisions"}],"predecessor-version":[{"id":71661,"href":"http:\/\/spkyangin.com\/index.php?rest_route=\/wp\/v2\/pages\/141\/revisions\/71661"}],"up":[{"embeddable":true,"href":"http:\/\/spkyangin.com\/index.php?rest_route=\/wp\/v2\/pages\/73"}],"wp:featuredmedia":[{"embeddable":true,"href":"http:\/\/spkyangin.com\/index.php?rest_route=\/"}],"wp:attachment":[{"href":"http:\/\/spkyangin.com\/index.php?rest_route=%2Fwp%2Fv2%2Fmedia&parent=141"}],"curies":[{"name":"wp","href":"https:\/\/api.w.org\/{rel}","templated":true}]}}