{"id":130,"date":"2015-10-09T16:46:20","date_gmt":"2015-10-09T16:46:20","guid":{"rendered":"http:\/\/broker.commercegurus.com\/?page_id=130"},"modified":"2026-03-14T21:40:05","modified_gmt":"2026-03-14T21:40:05","slug":"dolap","status":"publish","type":"page","link":"http:\/\/spkyangin.com\/?page_id=130","title":{"rendered":"Yang\u0131n Dolaplar\u0131"},"content":{"rendered":"<p>[vc_row type=&#8221;container&#8221; padding_top=&#8221;&#8221; padding_bottom=&#8221;&#8221; css=&#8221;.vc_custom_1449060063467{margin-bottom: 20px !important;}&#8221;][vc_column width=&#8221;1\/2&#8243;][vc_column_text]Binalar\u0131n yang\u0131ndan korunmas\u0131nda sabit boru tesisat\u0131, yang\u0131n dolab\u0131,itfaiye a\u011f\u0131zlar\u0131 ve sprinkler s\u00f6nd\u00fcrme sistemitemel te\u015fkil eden bir konudur.<\/p>\n<p>Sabit boru tesisat\u0131n amac\u0131, bina i\u00e7inde yang\u0131n ile m\u00fccadelede yeterli suyun sa\u011flanmas\u0131d\u0131r, bunun i\u00e7in, bina i\u00e7inde itfaiye su alma hatt\u0131, yang\u0131n dolaplar\u0131 ve sprinkler s\u00f6nd\u00fcrme sistemi tesis edilir, binalar ilekat alan\u0131 1000 m2 den fazla olan al\u0131\u015fveri\u015f merkezlerinde otoparklarda ve benzeri yerlerde ayn\u0131 zamanda bir boyutu 60 m ge\u00e7en katlarda yang\u0131n dolab\u0131 ve itfaiye su almaa\u011fz\u0131 yap\u0131lmas\u0131 gerekir, itfaiye su alma hatt\u0131: itfaiye ba\u011flant\u0131 a\u011f\u0131zlar\u0131 ve itfaiye kat ba\u011flant\u0131 vanalar\u0131ndan olu\u015fmaktad\u0131r, itfaiye ba\u011flant\u0131 a\u011f\u0131zlar\u0131 dn 65 ve dn 100 boruba\u011flant\u0131lar\u0131na uygun ve itfaiye ekiplerinin yang\u0131na m\u00fcdahale esnas\u0131nda kolayl\u0131kla sualmak ve sisteme su vermesi i\u00e7in storz tip dn65 ve dn 50 \u00e7\u0131k\u0131\u015f a\u011f\u0131zlar\u0131 olarak \u00fcretimi yap\u0131lanvanalard\u0131r.<\/p>\n<p>Herhangi bir noktadan itfaiye su alma a\u011fz\u0131na olan mesafe 60 m den fazla olamaz, yang\u0131n dolaplar\u0131 y\u00fcksek binalar ile toplam kapal\u0131 kullan\u0131m alan\u0131 \u00a01000 m2 den b\u00fcy\u00fck imalathane at\u00f6lye depo konaklama sa\u011fl\u0131k toplanma ama\u00e7l\u0131 ve e\u011fitim binalar\u0131nda alanlar\u0131n\u0131n toplam\u0131 600 m2 den b\u00fcy\u00fck olan kapal\u0131 otoparklarda ve \u0131s\u0131l kapasitesi 350 kw \u00fczerindeki kazan dairelerinde yang\u0131n dolab\u0131 yap\u0131lmas\u0131 mecburidir.<\/p>\n<p>Yang\u0131n dolaplar\u0131 bina i\u00e7inde ts en 671-1 standartlar\u0131na uygun olarak 20m ,25m ve 30m yar\u0131sert kau\u00e7uk hortumlu ve dn25 k\u00fcresel vana yada dn50 k\u00f6\u015fe vanal\u0131 olarak \u00fcretimi be sat\u0131\u015f\u0131 yap\u0131lmaktad\u0131r.[\/vc_column_text][\/vc_column][vc_column width=&#8221;1\/2&#8243; css=&#8221;.vc_custom_1449059997398{margin-bottom: 35px !important;}&#8221;][vc_single_image image=&#8221;71345&#8243; img_size=&#8221;full&#8221; add_caption=&#8221;yes&#8221; onclick=&#8221;link_image&#8221;][vc_single_image image=&#8221;71347&#8243; img_size=&#8221;full&#8221; add_caption=&#8221;yes&#8221; onclick=&#8221;link_image&#8221;][\/vc_column][\/vc_row]<\/p>\n","protected":false},"excerpt":{"rendered":"<p>[vc_row type=&#8221;container&#8221; padding_top=&#8221;&#8221; padding_bottom=&#8221;&#8221; css=&#8221;.vc_custom_1449060063467{margin-bottom: 20px !important;}&#8221;][vc_column width=&#8221;1\/2&#8243;][vc_column_text]Binalar\u0131n yang\u0131ndan korunmas\u0131nda sabit boru tesisat\u0131, yang\u0131n dolab\u0131,itfaiye a\u011f\u0131zlar\u0131 ve sprinkler s\u00f6nd\u00fcrme sistemitemel te\u015fkil eden bir konudur. Sabit boru tesisat\u0131n amac\u0131, bina i\u00e7inde yang\u0131n ile m\u00fccadelede yeterli suyun sa\u011flanmas\u0131d\u0131r, bunun i\u00e7in, bina i\u00e7inde itfaiye su alma hatt\u0131, yang\u0131n dolaplar\u0131 ve sprinkler s\u00f6nd\u00fcrme sistemi tesis edilir, binalar ilekat alan\u0131 1000 m2 den fazla olan al\u0131\u015fveri\u015f merkezlerinde otoparklarda ve benzeri yerlerde ayn\u0131 zamanda bir boyutu 60 m ge\u00e7en katlarda yang\u0131n dolab\u0131 ve itfaiye su almaa\u011fz\u0131 yap\u0131lmas\u0131 gerekir, itfaiye su alma hatt\u0131: itfaiye ba\u011flant\u0131 a\u011f\u0131zlar\u0131 ve itfaiye kat ba\u011flant\u0131 vanalar\u0131ndan olu\u015fmaktad\u0131r, itfaiye ba\u011flant\u0131 a\u011f\u0131zlar\u0131 dn 65 ve dn 100 boruba\u011flant\u0131lar\u0131na uygun ve itfaiye ekiplerinin yang\u0131na m\u00fcdahale [&hellip;]<\/p>\n","protected":false},"author":3,"featured_media":71347,"parent":73,"menu_order":5,"comment_status":"closed","ping_status":"closed","template":"","meta":{"footnotes":""},"class_list":["post-130","page","type-page","status-publish","has-post-thumbnail","hentry"],"_links":{"self":[{"href":"http:\/\/spkyangin.com\/index.php?rest_route=\/wp\/v2\/pages\/130","targetHints":{"allow":["GET"]}}],"collection":[{"href":"http:\/\/spkyangin.com\/index.php?rest_route=\/wp\/v2\/pages"}],"about":[{"href":"http:\/\/spkyangin.com\/index.php?rest_route=\/wp\/v2\/types\/page"}],"author":[{"embeddable":true,"href":"http:\/\/spkyangin.com\/index.php?rest_route=\/wp\/v2\/users\/3"}],"replies":[{"embeddable":true,"href":"http:\/\/spkyangin.com\/index.php?rest_route=%2Fwp%2Fv2%2Fcomments&post=130"}],"version-history":[{"count":1,"href":"http:\/\/spkyangin.com\/index.php?rest_route=\/wp\/v2\/pages\/130\/revisions"}],"predecessor-version":[{"id":71669,"href":"http:\/\/spkyangin.com\/index.php?rest_route=\/wp\/v2\/pages\/130\/revisions\/71669"}],"up":[{"embeddable":true,"href":"http:\/\/spkyangin.com\/index.php?rest_route=\/wp\/v2\/pages\/73"}],"wp:featuredmedia":[{"embeddable":true,"href":"http:\/\/spkyangin.com\/index.php?rest_route=\/"}],"wp:attachment":[{"href":"http:\/\/spkyangin.com\/index.php?rest_route=%2Fwp%2Fv2%2Fmedia&parent=130"}],"curies":[{"name":"wp","href":"https:\/\/api.w.org\/{rel}","templated":true}]}}