{"id":122,"date":"2015-10-09T16:17:48","date_gmt":"2015-10-09T16:17:48","guid":{"rendered":"http:\/\/broker.commercegurus.com\/?page_id=122"},"modified":"2026-03-14T21:39:16","modified_gmt":"2026-03-14T21:39:16","slug":"gazli","status":"publish","type":"page","link":"http:\/\/spkyangin.com\/?page_id=122","title":{"rendered":"Gazl\u0131 S\u00f6nd\u00fcrme Sistemleri"},"content":{"rendered":"<p>[vc_row type=&#8221;container&#8221; padding_top=&#8221;&#8221; padding_bottom=&#8221;&#8221; css=&#8221;.vc_custom_1449063077218{margin-bottom: 20px !important;}&#8221;][vc_column width=&#8221;1\/2&#8243;][vc_column_text]GAZLI S\u00d6ND\u00dcRME S\u0130STEMLER\u0130<\/p>\n<ul class=\"grandchild-sidebar-menu level-1 children\">\n<li class=\"page_item page-item-71301\"><a href=\"http:\/\/www.spkyangin.com\/?page_id=71301\">FM 200 Gazl\u0131 S\u00f6nd\u00fcrme Sistemleri<\/a><\/li>\n<li class=\"page_item page-item-71306\"><a href=\"http:\/\/www.spkyangin.com\/?page_id=71306\">CO2 Gazl\u0131 S\u00f6nd\u00fcrme Sistemleri<\/a><\/li>\n<li class=\"page_item page-item-71310\"><a href=\"http:\/\/www.spkyangin.com\/?page_id=71310\">Novec 1230 Gazl\u0131 S\u00f6nd\u00fcrme Sistemleri<\/a><\/li>\n<li class=\"page_item page-item-71315\"><a href=\"http:\/\/www.spkyangin.com\/?page_id=71315\">Argon Gazl\u0131 S\u00f6nd\u00fcrme Sistemleri<\/a><\/li>\n<\/ul>\n<p>[\/vc_column_text][\/vc_column][vc_column width=&#8221;1\/2&#8243;][vc_single_image image=&#8221;71311&#8243; img_size=&#8221;full&#8221; add_caption=&#8221;yes&#8221; onclick=&#8221;link_image&#8221;][\/vc_column][\/vc_row]<\/p>\n","protected":false},"excerpt":{"rendered":"<p>[vc_row type=&#8221;container&#8221; padding_top=&#8221;&#8221; padding_bottom=&#8221;&#8221; css=&#8221;.vc_custom_1449063077218{margin-bottom: 20px !important;}&#8221;][vc_column width=&#8221;1\/2&#8243;][vc_column_text]GAZLI S\u00d6ND\u00dcRME S\u0130STEMLER\u0130 FM 200 Gazl\u0131 S\u00f6nd\u00fcrme Sistemleri CO2 Gazl\u0131 S\u00f6nd\u00fcrme Sistemleri Novec 1230 Gazl\u0131 S\u00f6nd\u00fcrme Sistemleri Argon Gazl\u0131 S\u00f6nd\u00fcrme Sistemleri [\/vc_column_text][\/vc_column][vc_column width=&#8221;1\/2&#8243;][vc_single_image image=&#8221;71311&#8243; img_size=&#8221;full&#8221; add_caption=&#8221;yes&#8221; onclick=&#8221;link_image&#8221;][\/vc_column][\/vc_row]<\/p>\n","protected":false},"author":3,"featured_media":71308,"parent":73,"menu_order":2,"comment_status":"closed","ping_status":"closed","template":"","meta":{"footnotes":""},"class_list":["post-122","page","type-page","status-publish","has-post-thumbnail","hentry"],"_links":{"self":[{"href":"http:\/\/spkyangin.com\/index.php?rest_route=\/wp\/v2\/pages\/122","targetHints":{"allow":["GET"]}}],"collection":[{"href":"http:\/\/spkyangin.com\/index.php?rest_route=\/wp\/v2\/pages"}],"about":[{"href":"http:\/\/spkyangin.com\/index.php?rest_route=\/wp\/v2\/types\/page"}],"author":[{"embeddable":true,"href":"http:\/\/spkyangin.com\/index.php?rest_route=\/wp\/v2\/users\/3"}],"replies":[{"embeddable":true,"href":"http:\/\/spkyangin.com\/index.php?rest_route=%2Fwp%2Fv2%2Fcomments&post=122"}],"version-history":[{"count":1,"href":"http:\/\/spkyangin.com\/index.php?rest_route=\/wp\/v2\/pages\/122\/revisions"}],"predecessor-version":[{"id":71656,"href":"http:\/\/spkyangin.com\/index.php?rest_route=\/wp\/v2\/pages\/122\/revisions\/71656"}],"up":[{"embeddable":true,"href":"http:\/\/spkyangin.com\/index.php?rest_route=\/wp\/v2\/pages\/73"}],"wp:featuredmedia":[{"embeddable":true,"href":"http:\/\/spkyangin.com\/index.php?rest_route=\/"}],"wp:attachment":[{"href":"http:\/\/spkyangin.com\/index.php?rest_route=%2Fwp%2Fv2%2Fmedia&parent=122"}],"curies":[{"name":"wp","href":"https:\/\/api.w.org\/{rel}","templated":true}]}}