{"id":110,"date":"2015-10-09T14:06:33","date_gmt":"2015-10-09T14:06:33","guid":{"rendered":"http:\/\/broker.commercegurus.com\/?page_id=110"},"modified":"2026-03-14T21:39:41","modified_gmt":"2026-03-14T21:39:41","slug":"davlumbaz-2","status":"publish","type":"page","link":"http:\/\/spkyangin.com\/?page_id=110","title":{"rendered":"Davlumbaz S\u00f6nd\u00fcrme Sistemleri"},"content":{"rendered":"<p>[vc_row type=&#8221;container&#8221; padding_top=&#8221;&#8221; padding_bottom=&#8221;&#8221; css=&#8221;.vc_custom_1445095550748{margin-bottom: 0px !important;}&#8221;][vc_column width=&#8221;1\/2&#8243;][vc_column_text]<\/p>\n<table border=\"0\" width=\"558\" cellspacing=\"0\" cellpadding=\"0\">\n<tbody>\n<tr>\n<td class=\"text\" align=\"left\"><strong>DAVLUMBAZ S\u00d6ND\u00dcRME S\u0130STEMLER\u0130;<\/strong><br \/>\nHer y\u0131l d\u00fcnyan\u0131n \u00e7e\u015fitli yerlerinde \u00e7\u0131kan k\u00fc\u00e7\u00fck mutfak yang\u0131nlar\u0131, gerekli \u00f6nlemler al\u0131nmad\u0131\u011f\u0131 i\u00e7in t\u00fcm yap\u0131y\u0131 tehdit eder hale gelmektedir.Bu nedenle k\u00fc\u00e7\u00fck bir mutfak yang\u0131n\u0131 al\u0131\u015fveri\u015f merkezi, otel v.b. binalar\u0131n t\u00fcm\u00fcne zarar verdi\u011finden milyonlarca dolar maddi kayba ayn\u0131 zamanda da i\u015f ve hizmet kayb\u0131na sebep olmaktad\u0131r. Son derece basit ve ekonomik bir \u015fekilde \u00f6nlem almak, hasar\u0131 \u00f6nlemede b\u00fcy\u00fck oranda ba\u015far\u0131 sa\u011flamaktad\u0131r.<br \/>\nNORM TEKN\u0130K<sup>\u00ae<\/sup>-KIDDE Davlumbaz s\u00f6nd\u00fcrme sistemleri mutfak davlumbaz yang\u0131nlar\u0131n\u0131n s\u00f6nd\u00fcr\u00fclmesinde en etkili \u00e7\u00f6z\u00fcmd\u00fcr.<\/td>\n<\/tr>\n<tr>\n<td align=\"left\" valign=\"top\">\n<table border=\"0\" width=\"100%\" cellspacing=\"0\" cellpadding=\"0\">\n<tbody>\n<tr>\n<td valign=\"top\" width=\"61%\">\n<p class=\"text\"><strong>OTOMAT\u0130K: <\/strong>Bo\u015faltma mekanizmas\u0131\u00a0 alg\u0131lama hatt\u0131n\u0131n devreye girmesi sonucu k\u0131zg\u0131n ya\u011f yang\u0131nlar\u0131 i\u00e7in \u00f6zel olarak geli\u015ftirilmi\u015f d\u00fc\u015f\u00fck PH seviyesine sahip potasyum karbonat bazl\u0131 s\u0131v\u0131 s\u00f6nd\u00fcr\u00fcc\u00fcn\u00fcn bo\u015faltma hatt\u0131ndan h\u0131zl\u0131 bir \u015fekilde bo\u015falmas\u0131n\u0131 sa\u011flar.<br \/>\n<strong>HIZLI: Davlumbaz<\/strong>\u00a0s\u00f6nd\u00fcrme sistemi otomatik bir sistemdir.Davlumbaz i\u00e7ine yerle\u015ftirilen eriyebilen metal detekt\u00f6rler sayesinde yang\u0131n\u0131 \u00e7ok h\u0131zl\u0131 bir \u015fekilde\u00a0 alg\u0131lar.<br \/>\n<strong>ETK\u0130L\u0130 S\u00d6ND\u00dcRME: <\/strong>S\u00f6nd\u00fcr\u00fcc\u00fc s\u0131v\u0131\u00a0 nozullar vas\u0131tas\u0131 ile bo\u015falarak\u00a0 yang\u0131n\u0131n h\u0131zl\u0131 ve etkili bir \u015fekilde\u00a0 s\u00f6nd\u00fcr\u00fclmesini sa\u011flar.S\u0131v\u0131 s\u00f6nd\u00fcr\u00fcc\u00fc k\u0131zg\u0131n ya\u011f yang\u0131nlar\u0131 \u00fczerinde k\u00f6p\u00fck \u015feklinde bir battaniye olu\u015fturarak alevlerin oksijen ile temas\u0131n\u0131 keser.<br \/>\nS\u0131v\u0131 s\u00f6nd\u00fcr\u00fcc\u00fc k\u0131zg\u0131n ya\u011f yang\u0131nlar\u0131 i\u00e7in \u00f6zel olarak geli\u015ftirilmi\u015ftir.<\/p>\n<\/td>\n<\/tr>\n<\/tbody>\n<\/table>\n<\/td>\n<\/tr>\n<\/tbody>\n<\/table>\n<p>[\/vc_column_text][\/vc_column][vc_column width=&#8221;1\/2&#8243;][vc_single_image image=&#8221;71325&#8243; img_size=&#8221;full&#8221; add_caption=&#8221;yes&#8221; onclick=&#8221;link_image&#8221;][\/vc_column][\/vc_row]<\/p>\n","protected":false},"excerpt":{"rendered":"<p>[vc_row type=&#8221;container&#8221; padding_top=&#8221;&#8221; padding_bottom=&#8221;&#8221; css=&#8221;.vc_custom_1445095550748{margin-bottom: 0px !important;}&#8221;][vc_column width=&#8221;1\/2&#8243;][vc_column_text] DAVLUMBAZ S\u00d6ND\u00dcRME S\u0130STEMLER\u0130; Her y\u0131l d\u00fcnyan\u0131n \u00e7e\u015fitli yerlerinde \u00e7\u0131kan k\u00fc\u00e7\u00fck mutfak yang\u0131nlar\u0131, gerekli \u00f6nlemler al\u0131nmad\u0131\u011f\u0131 i\u00e7in t\u00fcm yap\u0131y\u0131 tehdit eder hale gelmektedir.Bu nedenle k\u00fc\u00e7\u00fck bir mutfak yang\u0131n\u0131 al\u0131\u015fveri\u015f merkezi, otel v.b. binalar\u0131n t\u00fcm\u00fcne zarar verdi\u011finden milyonlarca dolar maddi kayba ayn\u0131 zamanda da i\u015f ve hizmet kayb\u0131na sebep olmaktad\u0131r. Son derece basit ve ekonomik bir \u015fekilde \u00f6nlem almak, hasar\u0131 \u00f6nlemede b\u00fcy\u00fck oranda ba\u015far\u0131 sa\u011flamaktad\u0131r. NORM TEKN\u0130K\u00ae-KIDDE Davlumbaz s\u00f6nd\u00fcrme sistemleri mutfak davlumbaz yang\u0131nlar\u0131n\u0131n s\u00f6nd\u00fcr\u00fclmesinde en etkili \u00e7\u00f6z\u00fcmd\u00fcr. OTOMAT\u0130K: Bo\u015faltma mekanizmas\u0131\u00a0 alg\u0131lama hatt\u0131n\u0131n devreye girmesi sonucu k\u0131zg\u0131n ya\u011f yang\u0131nlar\u0131 i\u00e7in \u00f6zel olarak geli\u015ftirilmi\u015f d\u00fc\u015f\u00fck PH seviyesine sahip potasyum karbonat bazl\u0131 s\u0131v\u0131 s\u00f6nd\u00fcr\u00fcc\u00fcn\u00fcn bo\u015faltma hatt\u0131ndan h\u0131zl\u0131 [&hellip;]<\/p>\n","protected":false},"author":3,"featured_media":71325,"parent":73,"menu_order":4,"comment_status":"closed","ping_status":"closed","template":"","meta":{"footnotes":""},"class_list":["post-110","page","type-page","status-publish","has-post-thumbnail","hentry"],"_links":{"self":[{"href":"http:\/\/spkyangin.com\/index.php?rest_route=\/wp\/v2\/pages\/110","targetHints":{"allow":["GET"]}}],"collection":[{"href":"http:\/\/spkyangin.com\/index.php?rest_route=\/wp\/v2\/pages"}],"about":[{"href":"http:\/\/spkyangin.com\/index.php?rest_route=\/wp\/v2\/types\/page"}],"author":[{"embeddable":true,"href":"http:\/\/spkyangin.com\/index.php?rest_route=\/wp\/v2\/users\/3"}],"replies":[{"embeddable":true,"href":"http:\/\/spkyangin.com\/index.php?rest_route=%2Fwp%2Fv2%2Fcomments&post=110"}],"version-history":[{"count":1,"href":"http:\/\/spkyangin.com\/index.php?rest_route=\/wp\/v2\/pages\/110\/revisions"}],"predecessor-version":[{"id":71662,"href":"http:\/\/spkyangin.com\/index.php?rest_route=\/wp\/v2\/pages\/110\/revisions\/71662"}],"up":[{"embeddable":true,"href":"http:\/\/spkyangin.com\/index.php?rest_route=\/wp\/v2\/pages\/73"}],"wp:featuredmedia":[{"embeddable":true,"href":"http:\/\/spkyangin.com\/index.php?rest_route=\/"}],"wp:attachment":[{"href":"http:\/\/spkyangin.com\/index.php?rest_route=%2Fwp%2Fv2%2Fmedia&parent=110"}],"curies":[{"name":"wp","href":"https:\/\/api.w.org\/{rel}","templated":true}]}}